{"id":101,"date":"2018-11-18T12:49:11","date_gmt":"2018-11-18T12:49:11","guid":{"rendered":"http:\/\/kbv-wiesederfehn.de\/?page_id=101"},"modified":"2019-01-13T16:39:58","modified_gmt":"2019-01-13T16:39:58","slug":"traditionen","status":"publish","type":"page","link":"https:\/\/kbv-wiesederfehn.de\/?page_id=101","title":{"rendered":"Bo\u00dfel- und Sommerfeste"},"content":{"rendered":"\n<p class=\"has-medium-font-size\"><strong>Bo\u00dfel-\nund Sommerfeste \u2013 eine lange Tradition in Wiesederfehn!<\/strong><\/p>\n\n\n\n<p class=\"has-medium-font-size\"><strong>Bo\u00dfel- und Sommerfeste haben eine\nlange Tradition in Wiesederfehn. Vor dem Zweiten Weltkrieg wurden bereits gro\u00dfe\nZeltfeste veranstaltet, so z. B. am Jannburger Weg, auf den L\u00e4ndereien von J\u00fcrgen\nHummels und auf den L\u00e4ndereien von Johann Carstens gegen\u00fcber von Janssen Bruns.\nDie Zelte wurden von Mitgliedern per Ackerwagen geholt. Zusammengespannte\nPferde von einzelnen Mitgliedern vor extra gefertigten Langwagen holten die\nBauteile vom letzten Veranstalter ab und das Zelt wurde gemeinschaftlich wieder\naufgebaut. Ein Zelt in heutiger Art gab es nicht. Das Zelt bestand aus zwei\nTanzfl\u00e4chen, mit einem Gr\u00fcnstreifen in der Mitte des Zeltes, der zur Theke\nf\u00fchrte. Die Sitzpl\u00e4tze waren ringsherum auf weiteren Gr\u00fcnfl\u00e4chen vorgesehen.<\/strong><\/p>\n\n\n\n<div class=\"wp-block-image\"><figure class=\"aligncenter\"><img loading=\"lazy\" decoding=\"async\" width=\"280\" height=\"342\" src=\"https:\/\/kbv-wiesederfehn.de\/wp-content\/uploads\/2019\/01\/1.Sommerfest.png\" alt=\"\" class=\"wp-image-295\" srcset=\"https:\/\/kbv-wiesederfehn.de\/wp-content\/uploads\/2019\/01\/1.Sommerfest.png 280w, https:\/\/kbv-wiesederfehn.de\/wp-content\/uploads\/2019\/01\/1.Sommerfest-246x300.png 246w, https:\/\/kbv-wiesederfehn.de\/wp-content\/uploads\/2019\/01\/1.Sommerfest-123x150.png 123w\" sizes=\"(max-width: 280px) 100vw, 280px\" \/><\/figure><\/div>\n\n\n\n<p class=\"has-medium-font-size\"><strong>Diese Einladung zum 1.\nSommerfest 1922 des KBV &#8222;Hier up an&#8220; Wiesederfehn stellte uns\nHans-Georg Bohlken, Ruttel&nbsp; vor einigen\nJahren zur Verf\u00fcgung. Die Einladung wurde beim Entr\u00fcmpeln eines Dachbodens\nzuf\u00e4llig gefunden!<\/strong><strong><\/strong><\/p>\n\n\n\n<p class=\"has-medium-font-size\"><strong>Eingeladen wurden schon 1922\nbefreundete Vereine zum Pokalwerfen. Aber auch unsere Mitglieder nahmen mit\nErfolg an Bo\u00dfelerfesten in der Umgebung teil, davon zeugen die vielen Pokale\nund handgemalten Urkunden aus den Anfangsjahren unseres Vereins! <\/strong>Nach dem Ende des Zweiten\nWeltkrieges lebten auch die Festlichkeiten wieder auf und es wurden wieder\njeden Sommer in einem Festzelt Bo\u00dfel- und Sommerfeste mit Pokalwerfen f\u00fcr ausw\u00e4rtige\nVereine&nbsp; abgehalten. Erstmals fand dieses Fest nach dem Kriege\nbeim Hause Wilhelm Dirks, danach bei Hermann Asche, bei der Gastwirtschaft\nPeters und auf den L\u00e4ndereien von Hermann und Hans H\u00f6fing statt. <\/p>\n\n\n\n<p class=\"has-medium-font-size\">Neben dem Bo\u00dfeln und\nKlootschie\u00dfen war dieses Sommerfest auch wegen seiner Organisation und der\nGestaltung auf dem festlichen Sektor weit \u00fcber die Grenzen bekannt. So ist aus\nfr\u00fcheren Unterlagen zu entnehmen, dass seit 1972 folgende Stars aus Funk und Fernsehen\nihren Auftritt in Wiesederfehn hatten:<\/p>\n\n\n\n<table class=\"wp-block-table\"><tbody><tr><td>\n  <strong>1972<\/strong>\n  <\/td><td>\n  <strong>Hildegard Carena und Hein Flesner<\/strong>\n  <\/td><\/tr><tr><td>\n  <strong>1973<\/strong>\n  <\/td><td>\n  <strong>Pat und Paul<\/strong>\n  <\/td><\/tr><tr><td>\n  <strong>1974<\/strong>\n  <\/td><td>\n  <strong>Phil und John<\/strong>\n  <\/td><\/tr><tr><td>\n  <strong>1975<\/strong>\n  <\/td><td>\n  <strong>Tina York<\/strong>\n  <\/td><\/tr><tr><td>\n  <strong>1976<\/strong>\n  <\/td><td>\n  <strong>Maggy Mae<\/strong>\n  <\/td><\/tr><tr><td>\n  <strong>1977<\/strong>\n  <\/td><td>\n  <strong>Dieter-Thomas Heck mit Dorthe, Peter\n  Petrell, J\u00fcrgen Drews, Ann und Andy, Bernhard Brink. Bernd Cl\u00fcver, Siw Inger<\/strong>\n  <\/td><\/tr><tr><td>\n  <strong>1978<\/strong>\n  <\/td><td>\n  <strong>Haifischbar mit Gundi Hein, Hein Timm<\/strong>\n  <\/td><\/tr><tr><td>\n  <strong>1979<\/strong>\n  <\/td><td>\n  <strong>Snoopy Leismann<\/strong>\n  <\/td><\/tr><tr><td>\n  <strong>1980<\/strong>\n  <\/td><td>\n  <strong>Original Oberkrainer Musikanten<\/strong>\n  <\/td><\/tr><tr><td>\n  <strong>1981<\/strong>\n  <\/td><td>\n  <strong>Super-Live-Show mit Carlo von Tiedemann<\/strong>\n  <\/td><\/tr><tr><td>\n  <strong>1982<\/strong>\n  <\/td><td>\n  <strong>ARUBA Carribean Limbo Show und &#8222;La Grande Revue&#8220;<\/strong>\n  <\/td><\/tr><tr><td>\n  <strong>1983<\/strong>\n  <\/td><td>\n  <strong>Florian Haidt<\/strong>\n  <\/td><\/tr><tr><td>\n  <strong>1984<\/strong>\n  <\/td><td>\n  <strong>Friedeburger Jungs<\/strong>\n  <\/td><\/tr><tr><td>\n  <strong>1985<\/strong>\n  <\/td><td>\n  <strong>Blasmusik &#8222;So wie es fr\u00fcher\n  war&#8220;<\/strong>\n  <\/td><\/tr><tr><td>\n  <strong>1986<\/strong>\n  <\/td><td>\n  <strong>Volkst\u00fcmlicher Abend &#8222;So wie es\n  fr\u00fcher war&#8220;<\/strong>\n  <\/td><\/tr><tr><td>\n  <strong>1987<\/strong>\n  <\/td><td>\n  <strong>30-Mann starke Bayerische Blaskapelle\n  &#8222;Wernfeld&#8220;<\/strong>\n  <\/td><\/tr><tr><td>\n  <strong>1988 &#8211; 1994<\/strong>\n  <\/td><td>\n  <strong>Live-Musik im Festzelt B\u00f6seler <\/strong>\n  <\/td><\/tr><\/tbody><\/table>\n\n\n\n<p class=\"has-medium-font-size\">Hierbei darf die Wahl der\n&#8222;Seuten Deern&#8220; nicht vergessen werden &#8211; einer der H\u00f6hepunkte der\n70iger Jahre. Letztmals wurde 1994 das Sommerfest im Festzelt an der Ecke\nHopelser Weg \/ Hauptstra\u00dfe gefeiert, seit 1995 findet unser Sommerfest im und\nam Dorfgemeinschaftshaus statt. Die erste Ausrichtung im Dorfgemeinschaftshaus\nwar aber auch gleichbedeutend mit der letztmaligen Ausrichtung des Pokalwerfens\nf\u00fcr ausw\u00e4rtige Vereine im Rahmen des etablierten Standwerfens. Seit 1996 findet\nunser Sommerfest in Verbindung mit dem Fehntjer-Cup statt, eine neue \u00c4ra\nbegann!<\/p>\n\n\n\n<p class=\"has-medium-font-size\">Das Sommerfest war schon\nimmer verbunden mit der Ehrung der Vereinsmeister. Bis Anfang der 90iger Jahre\nwurden die Vereinsmeister am Samstag mit dem Besucherfahrzeug der\nWiesmoor-G\u00e4rtnerei abgeholt. Die Spitze des Umzuges bildete stets unsere\nVereinsfahne, sie wehte im Wind aus dem Schiebedach eines Autos. Die\nGrundst\u00fcckseinfahrten der Vereinsmeister waren stets durch einen Bogen aus\nEichenlaub geschm\u00fcckt, gebunden wurden die Ehrenb\u00f6gen durch Nachbarschaften\noder durch die Mannschaftskollegen der jeweiligen Werfer. Die \u201eMeisterfeiern\u201c\nbei den Vereinsmeistern bildeten in der Woche vor dem eigentlichen Sommerfest\nden Auftakt zu j\u00e4hrlichen Feierlichkeiten. Die \u00dcberreichung der Meisterketten\nund Urkunden fand in der Regel vor gro\u00dfem Publikum statt.<\/p>\n\n\n\n<p class=\"has-medium-font-size\">Unsere Vereinsmeister in den\nJugendklassen erhalten Wanderpokale und Medaillen. Eine lange Tradition im Zuge\nder Sommerfeste hat auch das Seniorenfr\u00fchst\u00fcck, alle Vereinsmitglieder und alle\nEinwohner Wiesederfehn ab 65 Jahre sind herzlich zu diesem gem\u00fctlichen\nVormittag eingeladen. Somit bindet unser Sommerfest mit Fehntjer Cup auch heute\nneben sportlich hochklassigen Turnieren alle Altersgruppe in unser Festwochenende\nein. <\/p>\n","protected":false},"excerpt":{"rendered":"<p>Bo\u00dfel- und Sommerfeste \u2013 eine lange Tradition in Wiesederfehn! Bo\u00dfel- und Sommerfeste haben eine lange Tradition in Wiesederfehn. Vor dem Zweiten Weltkrieg wurden bereits gro\u00dfe Zeltfeste veranstaltet, so z. B&#8230;.<\/p>\n<p class=\"continue-reading-button\"> <a class=\"continue-reading-link\" href=\"https:\/\/kbv-wiesederfehn.de\/?page_id=101\">Mehr lesen<i class=\"crycon-right-dir\"><\/i><\/a><\/p>\n","protected":false},"author":1,"featured_media":0,"parent":0,"menu_order":0,"comment_status":"closed","ping_status":"closed","template":"","meta":{"ngg_post_thumbnail":0,"footnotes":""},"_links":{"self":[{"href":"https:\/\/kbv-wiesederfehn.de\/index.php?rest_route=\/wp\/v2\/pages\/101"}],"collection":[{"href":"https:\/\/kbv-wiesederfehn.de\/index.php?rest_route=\/wp\/v2\/pages"}],"about":[{"href":"https:\/\/kbv-wiesederfehn.de\/index.php?rest_route=\/wp\/v2\/types\/page"}],"author":[{"embeddable":true,"href":"https:\/\/kbv-wiesederfehn.de\/index.php?rest_route=\/wp\/v2\/users\/1"}],"replies":[{"embeddable":true,"href":"https:\/\/kbv-wiesederfehn.de\/index.php?rest_route=%2Fwp%2Fv2%2Fcomments&post=101"}],"version-history":[{"count":4,"href":"https:\/\/kbv-wiesederfehn.de\/index.php?rest_route=\/wp\/v2\/pages\/101\/revisions"}],"predecessor-version":[{"id":297,"href":"https:\/\/kbv-wiesederfehn.de\/index.php?rest_route=\/wp\/v2\/pages\/101\/revisions\/297"}],"wp:attachment":[{"href":"https:\/\/kbv-wiesederfehn.de\/index.php?rest_route=%2Fwp%2Fv2%2Fmedia&parent=101"}],"curies":[{"name":"wp","href":"https:\/\/api.w.org\/{rel}","templated":true}]}}