{"id":156,"date":"2018-11-18T14:30:49","date_gmt":"2018-11-18T14:30:49","guid":{"rendered":"http:\/\/kbv-wiesederfehn.de\/?page_id=156"},"modified":"2019-01-13T16:41:44","modified_gmt":"2019-01-13T16:41:44","slug":"winterparty","status":"publish","type":"page","link":"https:\/\/kbv-wiesederfehn.de\/?page_id=156","title":{"rendered":"Winterparty"},"content":{"rendered":"\n<div class=\"wp-block-image\"><figure class=\"aligncenter\"><img decoding=\"async\" src=\"https:\/\/kbv-wiesederfehn.de\/wp-content\/uploads\/2019\/01\/WInterparty.jpg\" alt=\"\" class=\"wp-image-252\"\/><figcaption>Flyer Winterparty 2019<\/figcaption><\/figure><\/div>\n\n\n\n<p class=\"has-medium-font-size\"><strong>Winterparty\nim Dorfgemeinschaftshaus Wiesederfehn am 02.02.2019&nbsp;&nbsp;&nbsp;&nbsp;&nbsp; <\/strong><\/p>\n\n\n\n<p class=\"has-medium-font-size\">Nach\neiner Veranstaltungspause l\u00e4dt der KBV Wiesederfehn in diesem Jahr wieder zu seiner\n\u00f6ffentlichen Winterparty im neuen Dorfgemeinschaftshaus in Wiesederfehn am\nFreitag, 02.02.2019 ab 19.30 Uhr ein.<\/p>\n\n\n\n<p class=\"has-medium-font-size\">Herzlich\neingeladen sind alle Einwohner aus dem Ortsteil Wiesederfehn, alle Mitglieder\ndes Bo\u00dfelvereins und der Dorfgemeinschaft und alle die Lust auf einen sch\u00f6nen\nAbend und eine tolle &nbsp;Party haben. Das\nneue Dorfgemeinschaftshaus Wiesederfehn bietet nach dem erfolgreichen Umbau mit\nseinen gem\u00fctlichen R\u00e4umlichkeiten den perfekten Rahmen.<\/p>\n\n\n\n<p class=\"has-medium-font-size\">Im\nEintrittspreis von 30,00 \u20ac sind ein rustikales Grillbuffet mit selbstgemachten\nSalaten und <strong>alle<\/strong> Getr\u00e4nke aus einer\ngro\u00dfen Getr\u00e4nkeauswahl enthalten. F\u00fcr tolle Musik sorgen zwei DJ mit hei\u00dfen\nRhythmen, jeder Musikgeschmack wird in die Playlisten eingebaut. <\/p>\n\n\n\n<p class=\"has-medium-font-size\">Das Organisationsteam sorgt neben den selbstgemachten Salaten auch f\u00fcr weitere Programmpunkte, alle G\u00e4ste d\u00fcrfen schon gespannt sein. Wegen der begrenzten Kartenanzahl ist eine vorherige Reservierung und Bezahlung notwendig. Der Kartenverkauf ist bereits angelaufen, Anmeldungen sind bis maximal&nbsp; 20.01.2019 m\u00f6glich bei:      <br>Bettina Behrends (Tel: 04944-915987) oder Helga Hagedorn (Tel: 04944-1721).<\/p>\n","protected":false},"excerpt":{"rendered":"<p>Winterparty im Dorfgemeinschaftshaus Wiesederfehn am 02.02.2019&nbsp;&nbsp;&nbsp;&nbsp;&nbsp; Nach einer Veranstaltungspause l\u00e4dt der KBV Wiesederfehn in diesem Jahr wieder zu seiner \u00f6ffentlichen Winterparty im neuen Dorfgemeinschaftshaus in Wiesederfehn am Freitag, 02.02.2019 ab&#8230;<\/p>\n<p class=\"continue-reading-button\"> <a class=\"continue-reading-link\" href=\"https:\/\/kbv-wiesederfehn.de\/?page_id=156\">Mehr lesen<i class=\"crycon-right-dir\"><\/i><\/a><\/p>\n","protected":false},"author":1,"featured_media":0,"parent":0,"menu_order":0,"comment_status":"closed","ping_status":"closed","template":"","meta":{"ngg_post_thumbnail":0,"footnotes":""},"_links":{"self":[{"href":"https:\/\/kbv-wiesederfehn.de\/index.php?rest_route=\/wp\/v2\/pages\/156"}],"collection":[{"href":"https:\/\/kbv-wiesederfehn.de\/index.php?rest_route=\/wp\/v2\/pages"}],"about":[{"href":"https:\/\/kbv-wiesederfehn.de\/index.php?rest_route=\/wp\/v2\/types\/page"}],"author":[{"embeddable":true,"href":"https:\/\/kbv-wiesederfehn.de\/index.php?rest_route=\/wp\/v2\/users\/1"}],"replies":[{"embeddable":true,"href":"https:\/\/kbv-wiesederfehn.de\/index.php?rest_route=%2Fwp%2Fv2%2Fcomments&post=156"}],"version-history":[{"count":7,"href":"https:\/\/kbv-wiesederfehn.de\/index.php?rest_route=\/wp\/v2\/pages\/156\/revisions"}],"predecessor-version":[{"id":298,"href":"https:\/\/kbv-wiesederfehn.de\/index.php?rest_route=\/wp\/v2\/pages\/156\/revisions\/298"}],"wp:attachment":[{"href":"https:\/\/kbv-wiesederfehn.de\/index.php?rest_route=%2Fwp%2Fv2%2Fmedia&parent=156"}],"curies":[{"name":"wp","href":"https:\/\/api.w.org\/{rel}","templated":true}]}}