{"id":18,"date":"2018-10-30T19:00:37","date_gmt":"2018-10-30T19:00:37","guid":{"rendered":"http:\/\/kbv-wiesederfehn.de\/?page_id=18"},"modified":"2019-01-19T09:05:33","modified_gmt":"2019-01-19T09:05:33","slug":"verein","status":"publish","type":"page","link":"https:\/\/kbv-wiesederfehn.de\/?page_id=18","title":{"rendered":"Verein"},"content":{"rendered":"\n<p><\/p>\n\n\n\n<p class=\"has-medium-font-size\">Moin, <\/p>\n\n\n\n<p>und herzlich Willkommen auf\nunserer neugestalteten Homepage von unserem KBV \u201eHier up an\u201c Wiesederfehn e.V. <\/p>\n\n\n\n<p>Mit dieser Homepage geben wir\neinen Einblick in unseren Verein und unser Vereinsleben mit den verschiedenen\nVeranstaltungen.<\/p>\n\n\n\n<p>Wir verstehen uns als erfolgreicher Sportverein in den Sportarten Klootschie\u00dfen und Bo\u00dfeln. Gleichzeitig ist unser Verein ein wichtiges Bindeglied im \u00f6ffentlichen Leben des Ortsteils Wiesederfehn und in der Stadt Wiesmoor. Der Erhalt und die Pflege der plattdeutschen Sprache in Verbindung mit dem Erhalt der uralten Traditionen unserer Sportart ist uns ein besonderes Anliegen.<\/p>\n\n\n\n<figure class=\"wp-block-image\"><img decoding=\"async\" src=\"https:\/\/kbv-wiesederfehn.de\/wp-content\/uploads\/2019\/01\/KBV-Herzlich-willkommen.jpg\" alt=\"\" class=\"wp-image-427\"\/><\/figure>\n\n\n\n<p>Stolz blicken wir zur\u00fcck auf\nunsere lange Tradition und auf unsere sportlichen Erfolge, aber auch der Blick\nin die Zukunft unseres Vereins stimmt uns erwartungsfroh. Wir sind unseren\nGr\u00fcndungsv\u00e4tern f\u00fcr eine mutige Vereinsgr\u00fcndung vor \u00fcber 100 Jahren dankbar,\naber auch den Gr\u00fcndungsmitgliedern unserer Damenabteilung vor \u00fcber 50 Jahren \u2013\nsie waren Vorreiter f\u00fcr viele Damenabteilungen im Friesischen Klootschie\u00dfer\nVerband. <\/p>\n\n\n\n<p>Wir bedanken uns herzlich bei\nallen Werbepartnern und Sponsoren, die tolle und jahrelange Unterst\u00fctzung\nmachen viele Dinge erst m\u00f6glich!<\/p>\n\n\n\n<p>Wir w\u00fcnschen viel Spa\u00df beim\nlesen, st\u00f6bern und staunen auf unserer Seite.<\/p>\n\n\n\n<p>Sportliche Gr\u00fc\u00dfe und <\/p>\n\n\n\n<p>L\u00fcch up un fleu herut!<\/p>\n\n\n\n<p>Holger Wilken&nbsp;&nbsp;&nbsp;&nbsp;&nbsp;&nbsp;&nbsp;&nbsp;&nbsp;&nbsp;&nbsp;&nbsp;&nbsp;&nbsp;&nbsp;&nbsp;&nbsp;&nbsp;&nbsp;&nbsp;&nbsp;&nbsp;&nbsp; &nbsp;&nbsp;&nbsp;&nbsp;&nbsp; <\/p>\n\n\n\n<p>1.Vorsitzender &nbsp;&nbsp;&nbsp;&nbsp;&nbsp;&nbsp;&nbsp;&nbsp;&nbsp;&nbsp;&nbsp;&nbsp;&nbsp;&nbsp;&nbsp;&nbsp;&nbsp;&nbsp;&nbsp;&nbsp;&nbsp; &nbsp;&nbsp;&nbsp;&nbsp;&nbsp;&nbsp;&nbsp;<\/p>\n\n\n\n<p>Ps. \u00dcber neue Mitglieder freuen wir uns immer!<\/p>\n","protected":false},"excerpt":{"rendered":"<p>Moin, und herzlich Willkommen auf unserer neugestalteten Homepage von unserem KBV \u201eHier up an\u201c Wiesederfehn e.V. Mit dieser Homepage geben wir einen Einblick in unseren Verein und unser Vereinsleben mit&#8230;<\/p>\n<p class=\"continue-reading-button\"> <a class=\"continue-reading-link\" href=\"https:\/\/kbv-wiesederfehn.de\/?page_id=18\">Mehr lesen<i class=\"crycon-right-dir\"><\/i><\/a><\/p>\n","protected":false},"author":1,"featured_media":0,"parent":0,"menu_order":0,"comment_status":"closed","ping_status":"closed","template":"","meta":{"ngg_post_thumbnail":0,"footnotes":""},"_links":{"self":[{"href":"https:\/\/kbv-wiesederfehn.de\/index.php?rest_route=\/wp\/v2\/pages\/18"}],"collection":[{"href":"https:\/\/kbv-wiesederfehn.de\/index.php?rest_route=\/wp\/v2\/pages"}],"about":[{"href":"https:\/\/kbv-wiesederfehn.de\/index.php?rest_route=\/wp\/v2\/types\/page"}],"author":[{"embeddable":true,"href":"https:\/\/kbv-wiesederfehn.de\/index.php?rest_route=\/wp\/v2\/users\/1"}],"replies":[{"embeddable":true,"href":"https:\/\/kbv-wiesederfehn.de\/index.php?rest_route=%2Fwp%2Fv2%2Fcomments&post=18"}],"version-history":[{"count":7,"href":"https:\/\/kbv-wiesederfehn.de\/index.php?rest_route=\/wp\/v2\/pages\/18\/revisions"}],"predecessor-version":[{"id":430,"href":"https:\/\/kbv-wiesederfehn.de\/index.php?rest_route=\/wp\/v2\/pages\/18\/revisions\/430"}],"wp:attachment":[{"href":"https:\/\/kbv-wiesederfehn.de\/index.php?rest_route=%2Fwp%2Fv2%2Fmedia&parent=18"}],"curies":[{"name":"wp","href":"https:\/\/api.w.org\/{rel}","templated":true}]}}