{"id":299,"date":"2019-01-13T16:54:27","date_gmt":"2019-01-13T16:54:27","guid":{"rendered":"http:\/\/kbv-wiesederfehn.de\/?page_id=299"},"modified":"2019-03-27T11:57:34","modified_gmt":"2019-03-27T11:57:34","slug":"fehntjer-cup-2019","status":"publish","type":"page","link":"https:\/\/kbv-wiesederfehn.de\/?page_id=299","title":{"rendered":"Fehntjer Cup 2019"},"content":{"rendered":"\n<p class=\"has-medium-font-size\"><strong>23. Fehntjer\nCup am 20. und 21. Juli 2019<\/strong><\/p>\n\n\n\n<p class=\"has-medium-font-size\"><strong>Die 23. Auflage<\/strong> unseres Fehntjer-Cup in Wiesederfehn startet am 20. Juli mit dem Mixedturnier ab 15.00 Uhr, am 21. Juli beginnt das M\u00e4nnerturnier um 11.00 Uhr<\/p>\n\n\n\n<div class=\"wp-block-image\"><figure class=\"aligncenter\"><img loading=\"lazy\" decoding=\"async\" width=\"724\" height=\"1024\" src=\"https:\/\/kbv-wiesederfehn.de\/wp-content\/uploads\/2019\/03\/Einladung-Fehntjer-Cup-2019-1-724x1024.jpg\" alt=\"\" class=\"wp-image-613\" srcset=\"https:\/\/kbv-wiesederfehn.de\/wp-content\/uploads\/2019\/03\/Einladung-Fehntjer-Cup-2019-1-724x1024.jpg 724w, https:\/\/kbv-wiesederfehn.de\/wp-content\/uploads\/2019\/03\/Einladung-Fehntjer-Cup-2019-1-212x300.jpg 212w, https:\/\/kbv-wiesederfehn.de\/wp-content\/uploads\/2019\/03\/Einladung-Fehntjer-Cup-2019-1-768x1087.jpg 768w, https:\/\/kbv-wiesederfehn.de\/wp-content\/uploads\/2019\/03\/Einladung-Fehntjer-Cup-2019-1-106x150.jpg 106w\" sizes=\"(max-width: 724px) 100vw, 724px\" \/><figcaption>Einladung<\/figcaption><\/figure><\/div>\n\n\n\n<p class=\"has-medium-font-size\">Die Fakten:<\/p>\n\n\n\n<p class=\"has-medium-font-size\">* Im Mixed- und M\u00e4nnerturnier ist <strong>keine gleiche<\/strong>\nVereinszugeh\u00f6rigkeit notwendig!<\/p>\n\n\n\n<p class=\"has-medium-font-size\">* In beiden Turnieren wird nur ein <strong>Starterfeld\nvon 45 Mannschaften<\/strong> zugelassen \u2013 das <\/p>\n\n\n\n<p class=\"has-medium-font-size\">&nbsp;&nbsp; Turnier mit\nden besten Gewinnchancen!<\/p>\n\n\n\n<p class=\"has-medium-font-size\">* die <strong>besten 32 Mannschaften<\/strong> der Vorrunde (als\nStreckenwerfen) ziehen in die KO-Runden <\/p>\n\n\n\n<p class=\"has-medium-font-size\">&nbsp;&nbsp; ein!<\/p>\n\n\n\n<p class=\"has-medium-font-size\">* Die Anmeldung erfolgt im<strong> Windhundverfahren \u2013 wer sich fr\u00fch einen Startplatz sichert <\/strong><\/p>\n\n\n\n<p class=\"has-medium-font-size\"><strong>&nbsp;&nbsp;\n&#8211; bekommt eine sp\u00e4te Startzeit in der Vorrunde!<\/strong><\/p>\n\n\n\n<p class=\"has-medium-font-size\"><strong>* Anmeldungen auch gerne per Whatsapp unter\n01522-2683104 bei Stephan Gerdes!<\/strong><\/p>\n\n\n\n<p class=\"has-medium-font-size\">Alle weiteren Infos im beigef\u00fcgten Flyer! Die Startzeiten werden in K\u00fcrze regelm\u00e4\u00dfig auf unsere Homepage ver\u00f6ffentlicht. Es liegen bereits \u00fcber 20 Anmeldungen vom letzten Turnier vor!<\/p>\n\n\n\n<div class=\"wp-block-file\"><a href=\"https:\/\/kbv-wiesederfehn.de\/wp-content\/uploads\/2019\/03\/Einladung-Fehntjer-Cup-2019.pdf\">Einladung Fehntjer Cup 2019<\/a><a href=\"https:\/\/kbv-wiesederfehn.de\/wp-content\/uploads\/2019\/03\/Einladung-Fehntjer-Cup-2019.pdf\" class=\"wp-block-file__button\" download>Herunterladen<\/a><\/div>\n\n\n\n<div class=\"wp-block-file\"><a href=\"https:\/\/kbv-wiesederfehn.de\/wp-content\/uploads\/2019\/03\/Modus-und-Anmeldeformular-Fehntjer-Cup-2019.pdf\">Modus und Anmeldeformular Fehntjer Cup 2019<\/a><a href=\"https:\/\/kbv-wiesederfehn.de\/wp-content\/uploads\/2019\/03\/Modus-und-Anmeldeformular-Fehntjer-Cup-2019.pdf\" class=\"wp-block-file__button\" download>Herunterladen<\/a><\/div>\n","protected":false},"excerpt":{"rendered":"<p>23. Fehntjer Cup am 20. und 21. Juli 2019 Die 23. Auflage unseres Fehntjer-Cup in Wiesederfehn startet am 20. Juli mit dem Mixedturnier ab 15.00 Uhr, am 21. Juli beginnt&#8230;<\/p>\n<p class=\"continue-reading-button\"> <a class=\"continue-reading-link\" href=\"https:\/\/kbv-wiesederfehn.de\/?page_id=299\">Mehr lesen<i class=\"crycon-right-dir\"><\/i><\/a><\/p>\n","protected":false},"author":1,"featured_media":0,"parent":0,"menu_order":0,"comment_status":"closed","ping_status":"closed","template":"","meta":{"ngg_post_thumbnail":0,"footnotes":""},"_links":{"self":[{"href":"https:\/\/kbv-wiesederfehn.de\/index.php?rest_route=\/wp\/v2\/pages\/299"}],"collection":[{"href":"https:\/\/kbv-wiesederfehn.de\/index.php?rest_route=\/wp\/v2\/pages"}],"about":[{"href":"https:\/\/kbv-wiesederfehn.de\/index.php?rest_route=\/wp\/v2\/types\/page"}],"author":[{"embeddable":true,"href":"https:\/\/kbv-wiesederfehn.de\/index.php?rest_route=\/wp\/v2\/users\/1"}],"replies":[{"embeddable":true,"href":"https:\/\/kbv-wiesederfehn.de\/index.php?rest_route=%2Fwp%2Fv2%2Fcomments&post=299"}],"version-history":[{"count":9,"href":"https:\/\/kbv-wiesederfehn.de\/index.php?rest_route=\/wp\/v2\/pages\/299\/revisions"}],"predecessor-version":[{"id":619,"href":"https:\/\/kbv-wiesederfehn.de\/index.php?rest_route=\/wp\/v2\/pages\/299\/revisions\/619"}],"wp:attachment":[{"href":"https:\/\/kbv-wiesederfehn.de\/index.php?rest_route=%2Fwp%2Fv2%2Fmedia&parent=299"}],"curies":[{"name":"wp","href":"https:\/\/api.w.org\/{rel}","templated":true}]}}