{"id":308,"date":"2019-01-14T12:14:10","date_gmt":"2019-01-14T12:14:10","guid":{"rendered":"http:\/\/kbv-wiesederfehn.de\/?page_id=308"},"modified":"2019-01-20T15:46:46","modified_gmt":"2019-01-20T15:46:46","slug":"unsere-1-vorsitzenden","status":"publish","type":"page","link":"https:\/\/kbv-wiesederfehn.de\/?page_id=308","title":{"rendered":"Unsere 1. Vorsitzenden"},"content":{"rendered":"\n<p><strong>Unsere 1.\nVorsitzenden seit der Vereinsgr\u00fcndung 1914 bis heute <\/strong><\/p>\n\n\n\n<p><strong>Johann\nCarstens, 1914 &#8211; 1920<\/strong><\/p>\n\n\n\n<p>Johann Carstens wurde am 31. 05.1886\nin Wiesederfehn geboren. Schon vor der Gr\u00fcndung des Klootschie\u00dfer- und\nBo\u00dfelerverein \u201eHier up an\u201c Wiesederfehn war er begeisterter Bo\u00dfler und\nKlootschie\u00dfer in Ortsteil Dobbe in Wiesederfehn, hier bo\u00dfelte er auf der\ndamaligen Landstra\u00dfe bereits mit seinen Nachbarn. In der Gr\u00fcndungsversammlung\nam 28.02.1914 wurde er zum 1. Vorsitzenden des frisch gegr\u00fcndeten KBV gew\u00e4hlt.\n\u00dcber die Besetzung der anderen Vorstands\u00e4mter &nbsp;sind leider keine Unterlagen mehr vorhanden.\nJohann Carstens f\u00fchrte den Verein durch die schweren Zeiten des 1. Weltkrieges\nbis zur Generalversammlung im Jahre 1920. Er war zeitweise auch im Gemeinderat\nder Gemeinde Wiesederfehn vertreten. Er verstarb am 06.10.1950 und wurde auf\ndem hiesigen Friedhof beigesetzt.<\/p>\n\n\n\n<p><strong>Johann\nBecker, 1920 &#8211; 1925<\/strong><\/p>\n\n\n\n<p>Johann Becker wurde in Wiesederfehn\ngeboren. Er war begeisterter Klootschie\u00dfer in den Anfangsjahren unseres\nVereins. Beruflich war er in der Ziegelei in Wiesede t\u00e4tig. Er l\u00f6ste Johann\nCarstens als 1. Vorsitzenden auf der Generalversammlung 1920 ab und \u00fcbte dieses\nAmt f\u00fcr 5 Jahre bis 1925 aus. Johann Becker zog nach seiner Heirat nach\nMarcardsmoor, er &nbsp;trat dem dort neu\ngegr\u00fcndeten Klootschie\u00dfer- und Bo\u00dfelerverein bei. Johann Becker ist am\n16.01.1980 verstorben und auf dem Friedhof Marcardsmoor beigesetzt worden.<\/p>\n\n\n\n<p><strong>Eduard\nDirks, 1925 &#8211; 1928<\/strong><\/p>\n\n\n\n<p>Eduard Dirks wurde am 17.05.1897 in\nWiesederfehn geboren. Er betrieb eine Landwirtschaft am Hopelser Weg und war\nmehrerer Jahre Mitglied im Rat der Gemeinde Wiesederfehn. Er war Mitbegr\u00fcnder\ndes Vereins, er setzte sich mit viel Herzblut f\u00fcr die F\u00f6rderung des Vereins ein.\nAls 1. Vorsitzender f\u00fchrte Eduard Dirks unseren KBV von 1925 bis 1928.\nGemeinsam mit Johann Gerdes und Hinrich Asche wurde er 1950 f\u00fcr seine\nVerdienste zum Ehrenmitglied als Gr\u00fcndungsmitglied ernannt. Zum 70-j\u00e4hrigen\nVereinsjubil\u00e4um 1984 stiftete er einen gro\u00dfen Wanderpokal. Heute wird der sog.\nEduard Dirks Pokal dem jeweiligen Vereinsmeister der M\u00e4nner II verliehen. Er\nverstarb im hohen Alter am 10.01.1986 und wurde auf dem Friedhof in\nWiesederfehn beigesetzt. <\/p>\n\n\n\n<p><strong>August\nAhlfs, 1926 (vor\u00fcbergehend) <\/strong><\/p>\n\n\n\n<p>August Ahlfs wurde am 15.01.1906\ngeboren. Er war ebenfalls Landwirt in Wiesederfehn und auch als Mitglied im\nGemeinderat t\u00e4tig. Schon in fr\u00fchester Jugend standen Bo\u00dfeln und Klootschie\u00dfen\nbei ihm an vorderster Stelle, die Landstra\u00dfe (heutige Hauptstra\u00dfe) vor dem\nHause diente f\u00fcr viele \u00dcbungseinheiten. Er \u00fcbernahm im Jahr 1926 vor\u00fcbergehend\nden ersten Vorsitz im Verein. Er stellte sich aber auch in weiteren Vorstands\u00e4mtern\nals 2. Vorsitzender &nbsp;und Bahnweiser dem\nKBV zur Verf\u00fcgung. 1962 wurde August Ahlfs zum Ehrenmitglied ernannt, seine\nVorstandst\u00e4tigkeit setzte er noch bis 1968 fort. Er verstarb am 25.06.1970 und\nwurde auf dem Friedhof in Wiesederfehn beigesetz. <\/p>\n\n\n\n<p><strong>Conrad\nL\u00fccken, 1928 &#8211; 1962<\/strong><\/p>\n\n\n\n<p>Conrad L\u00fccken pr\u00e4gte mehr als 33\nJahre die Entwicklung unseres \u201eHier up an\u201c, herausragend <\/p>\n\n\n\n<p>Und bislang einzigartig ist diese\nlange T\u00e4tigkeit in unserer Vereinsgeschichte. Mit gro\u00dfem Idealismus setzte er\nsich f\u00fcr die Entwicklung ein. F\u00fcr Vereinsfahrten in den 30iger Jahren stellte\ner eigene Fahrzeuge zur Verf\u00fcgung. Auch war ihm die F\u00f6rderung von sportlichen\nTalenten sehr wichtig. Auch hier setzte er sich pers\u00f6nlich f\u00fcr den Transport zu\nTrainingswerfen und Wettk\u00e4mpfen ein. Somit konnten auch immer wieder Werfer aus\nWiesederfehn sich f\u00fcr Teilnahmen an L\u00e4nderk\u00e4mpfen pr\u00e4sentieren und schlie\u00dflich\nqualifizieren. Vorstandsmitglieder zu der Zeit waren u.a. August Ahlfs,\nReinhard H\u00f6fing, Fritz L\u00fccken und Johann Gerdes. Er pr\u00e4gte die Entwicklung des\nVereins, seine manchmal durchaus dominante Art f\u00fchrte hin und wieder schon zu Meinungsverschiedenheiten\nund Diskussionen, nur klare Argumenten konnten ihn umstimmen. So konnten\nVersammlungen durchaus mal bis in die sp\u00e4te Nacht dauern. Die Generalversammlung\nim Januar 1962 w\u00fcrdigte die langj\u00e4hrigen Verdienste Conrad L\u00fccken bei der Aufgabe\nseiner Vorstandst\u00e4tigkeit und ernannte ihn zum ersten Ehrenvorsitzenden des\nVereins. &nbsp;Noch im Laufe desselben Jahres\nist er aus dem KBV \u201eHier up an\u201c Wiesederfehn ausgetreten. <\/p>\n\n\n\n<p><strong>Gerhard Otten, 1962 &#8211; 1967<\/strong><\/p>\n\n\n\n<p>Gerhard Otten wurde am 19.04.1923 in\nUttel\/Hattersum geboren und war seit 1934 Mitglied im KBV Blersum. Er pachtete\n1950 die Dorfschmiede in Wiesederfehn und zog auch nach Wiesederfehn. &nbsp;Am 01.01.1956 trat er unserem KBV Wiesederfehn\nbei, er hatte zuvor aber bereits h\u00e4ufig in Wiesederfehn mitgebo\u00dfelt. Schnell\nentwickelte er sich im Bo\u00dfeln zu einem der Leistungstr\u00e4ger im Verein. Auf der\nJahreshauptversammlung 1962 trat er die Nachfolge von Conrad L\u00fccken f\u00fcr 5 Jahre\nan. Aufopferungsvoll k\u00fcmmerte er sich viele Jahre um die Pflege seiner Ehefrau,\ndadurch musste er sich aus dem aktiven Vereinsleben zur\u00fcckziehen. Nach dem Tod\nseiner Ehefrau nahm er im hohen Alter engagiert noch viele Jahre rege am\nVereinsleben der Seniorenabteilung teil. Im Juni 2018 geleiteten wir im zu\nseiner letzten Ruhest\u00e4tte auf dem Friedhof in Dunum. <\/p>\n\n\n\n<p><strong>Reinhard\nHespen, 1967 &#8211; 1982<\/strong><\/p>\n\n\n\n<p>Reinhard Hespen wurde am 17.11.1921\ngeboren und war seit seiner Jugend auch Mitglied im KBV. Als aktiver Bo\u00dfler und\nKlootschie\u00dfer nahm er stets an allen Wettk\u00e4mpfen teil. In der\nGeneralversammlung im Januar 1967 wurde er zum ersten Vorsitzenden gew\u00e4hlt. &nbsp;Mit ihm im Vorstand waren seinerzeit Helmut\nDirks (2.Vorsitzender), Gerold Harms (Kassenf\u00fchrer), Gerd Asche\n(Schriftf\u00fchrer), August Ahlfs (Bahnweiser) und Willi Cassens (Jugendwart)\nt\u00e4tig. &nbsp;Reinhard Hespen betrieb eine\nLandwirtschaft an der Hauptstra\u00dfe in Wiesederfehn, zeitweise geh\u00f6rte er auch\ndem Gemeinderat an. Er verstarb am 25.02.1987, seine letzte Ruhest\u00e4tte fand er\nauf dem Friedhof in seinem Heimatort Wiesederfehn. <\/p>\n\n\n\n<p><strong>Hans-Hermann\n(Hansi) Hauschildt, 1982 \u2013 2002<\/strong><\/p>\n\n\n\n<p>Hans-Hermann Hauschildt wurde am\n04.01.1947 mit seinem Zwillingsbruder Egbert in Wiesederfehn geboren. Beide\nsind im Januar 1953 als Jugendbo\u00dfeler dem KBV beigetreten. Schon im jungen\nAlter brachten sich beide tatkr\u00e4ftig in die Vereinsarbeit ein und unterst\u00fctzen\nden Vorstand bei vielen Aufgaben. Nach dem Ausscheiden von Reinhard Hespen\nwurde Hansi auf der Jahreshauptversammlung 1982 einstimmig zum 1. Vorsitzenden\ngew\u00e4hlt. &nbsp;Sein Bruder Egbert war bereits\n1977 als Jugendwart in den Vorstand gew\u00e4hlt worden. <\/p>\n\n\n\n<p>Hansi pr\u00e4gte bis zum Ausscheiden im\nJahr 2002 zwanzig Jahre als Vorsitzender die Entwicklung. Herausragend sind die\nFeierlichkeiten zum 75 j\u00e4hrigen Vereinsjubil\u00e4um 1989, aber auch der Umzug ins\nDorfgemeinschaftshaus nach der endg\u00fcltigen Schlie\u00dfung der Vereinsgastst\u00e4tte\nsind wichtige Meilensteine seiner Amtszeit. Seine vermittelnde Art pr\u00e4gte stets\nseine Arbeit, langj\u00e4hrige Vorstandskollegen in seiner Amtszeit waren u.a.\nGerold Harms, Wiard M\u00fcller, Hinrich Asche, Erhard Gerdes, Erwin Haben, Joachim\nKarsjens und Holger Wilken. Auf Grund seiner enormen Verdienste wurde Hansi\nHauschildt zum Ehrenvorsitzenden ernannt.<\/p>\n\n\n\n<p>Bis heute bringt sich Hansi weiter\naktiv in das Vereinsleben ein, er unterst\u00fctz tatkr\u00e4ftig den heutigen Vorstand\nund \u00fcbernimmt u.a. die Besuche der Mitglieder zu besonderen Geburts- und\nHochzeittagen. Die Umgestaltung und die Erweiterung des Dorfgemeinschaftshauses\n2018 wurden aus Dorferneuerungsmittel der EU gef\u00f6rdert, in den umfangreichen\nPlanungsarbeiten brachte Hansi sich als Obmann unseres Ortsteils ein und konnte\nsomit ein zweites Mal den Fortbestand des Dorfgemeinschafshauses als unser\nVereinsheim sichern. <\/p>\n\n\n\n<p><strong>Holger Wilken, 2002 bis heute <\/strong><\/p>\n\n\n\n<p>Holger Wilken wurde auf der\nJahreshauptversammlung am 11.01.2002 zum 1. Vorsitzenden gew\u00e4hlt. Obwohl erst\n32 Jahre alt war Holger zuvor bereits 12 Jahre als Jugendwart im\nVereinsvorstand t\u00e4tig. Holger ist das sportliche Aush\u00e4ngeschild vom \u201eHier up\nan\u201c Wiesederfehn, 5 Teilnahmen bei den Europameisterschaften mit der Eisenkugel\nund der zweimalige Gewinn der Bronzemedaille 1992 und 2016 sind herausragende\nErfolge. Dazu kommen unz\u00e4hlige Medaillengewinne auf Kreis-, Landes- und FKV\nEbene und Qualifikationen f\u00fcr die L\u00e4ndermannschaft im Klootschie\u00dfen, aber auch\nder sportliche Aufstieg der Herrenmannschaft bis in die Bezirksliga. <\/p>\n\n\n\n<p>In und mit einem starken\nVorstandsteam begleitet er seit den 90iger Jahren die enorme positive\nEntwicklung des KBV, insbesondere die Etablierung des Fehntjer-Cups als eines\nder wichtigsten Bo\u00dfelturniere im Friesensportkalender und die Feierlichkeiten\nzum 100j\u00e4hrigen Vereinsjubil\u00e4um sind absolute Highlights. Aber auch die aktive\nMitarbeit in der Jugendbetreuung zeichnen Holger aus. Zudem bringt Holger sich\nseit vielen Jahren auch in den \u00fcbergeordneten Gremien des Kreis- und\nLandesverbandes aktiv ein. Zum einen als Mitglied im Arbeitsausschuss Bo\u00dfeln,\nzum anderen ist Holger seit einigen Jahren Kreisvorsitzender des Kreisverbandes\nFriedeburg. &nbsp;<\/p>\n","protected":false},"excerpt":{"rendered":"<p>Unsere 1. Vorsitzenden seit der Vereinsgr\u00fcndung 1914 bis heute Johann Carstens, 1914 &#8211; 1920 Johann Carstens wurde am 31. 05.1886 in Wiesederfehn geboren. Schon vor der Gr\u00fcndung des Klootschie\u00dfer- und&#8230;<\/p>\n<p class=\"continue-reading-button\"> <a class=\"continue-reading-link\" href=\"https:\/\/kbv-wiesederfehn.de\/?page_id=308\">Mehr lesen<i class=\"crycon-right-dir\"><\/i><\/a><\/p>\n","protected":false},"author":1,"featured_media":0,"parent":0,"menu_order":0,"comment_status":"closed","ping_status":"closed","template":"","meta":{"ngg_post_thumbnail":0,"footnotes":""},"_links":{"self":[{"href":"https:\/\/kbv-wiesederfehn.de\/index.php?rest_route=\/wp\/v2\/pages\/308"}],"collection":[{"href":"https:\/\/kbv-wiesederfehn.de\/index.php?rest_route=\/wp\/v2\/pages"}],"about":[{"href":"https:\/\/kbv-wiesederfehn.de\/index.php?rest_route=\/wp\/v2\/types\/page"}],"author":[{"embeddable":true,"href":"https:\/\/kbv-wiesederfehn.de\/index.php?rest_route=\/wp\/v2\/users\/1"}],"replies":[{"embeddable":true,"href":"https:\/\/kbv-wiesederfehn.de\/index.php?rest_route=%2Fwp%2Fv2%2Fcomments&post=308"}],"version-history":[{"count":3,"href":"https:\/\/kbv-wiesederfehn.de\/index.php?rest_route=\/wp\/v2\/pages\/308\/revisions"}],"predecessor-version":[{"id":468,"href":"https:\/\/kbv-wiesederfehn.de\/index.php?rest_route=\/wp\/v2\/pages\/308\/revisions\/468"}],"wp:attachment":[{"href":"https:\/\/kbv-wiesederfehn.de\/index.php?rest_route=%2Fwp%2Fv2%2Fmedia&parent=308"}],"curies":[{"name":"wp","href":"https:\/\/api.w.org\/{rel}","templated":true}]}}