{"id":314,"date":"2019-01-14T12:28:21","date_gmt":"2019-01-14T12:28:21","guid":{"rendered":"http:\/\/kbv-wiesederfehn.de\/?page_id=314"},"modified":"2019-01-20T15:50:02","modified_gmt":"2019-01-20T15:50:02","slug":"vorsitzende-damenvereins","status":"publish","type":"page","link":"https:\/\/kbv-wiesederfehn.de\/?page_id=314","title":{"rendered":"Vorsitzende Damenvereins"},"content":{"rendered":"\n<p><strong>Die\nVorsitzenden des Damenbo\u00dfelvereins \u201eHier up an\u201c Wiesederfehn<\/strong><\/p>\n\n\n\n<p><strong>vom\nGr\u00fcndungsjahr 1964 bis 2008<\/strong><\/p>\n\n\n\n<p><strong>Johanne\n\u201eHanni\u201c Heudeb\u00fclt <\/strong>wurde am 08.04.1919 in Wiesederfehn\ngeboren, hier besuchte sie auch die Schule. 1938 heiratete sie August Heudeb\u00fclt\nund zog nach Wiesmoor. Sie war Mitbegr\u00fcnderin&nbsp;\ndes Damenbo\u00dfelvereins am 01. M\u00e4rz 1964 und wurde auf der\nGr\u00fcndungsversammlung zur 1. Vorsitzenden gew\u00e4hlt. 20 Jahre leitete sie den\nDamenverein, f\u00fcr diese herausragende ehrenamtliche Leistung wurde sie bei der\nAmts\u00fcbergabe zum Ehrenmitglied ernannt. In den Anfangsjahren des Damenvereins\nleitete Hanni den Verein ohne eigenes Telefon und Auto &#8211; mit dem Fahrrad und\nvon der Telefonzelle aus wurden alle notwendigen Arbeiten erledigt. Auch nach\nder Amts\u00fcbergabe widmete Hanni einen Gro\u00dfteil ihrer Freizeit dem\nDamenbo\u00dfelverein und blieb bis zum Tod ihrem Verein eng verbunden.<\/p>\n\n\n\n<p><strong>Maria\nBehrends <\/strong>wurde am 22.07.1949 geboren. 1974 trat sie dem noch\njungen Damenbo\u00dfelverein bei. 1984 wurde sie als Nachfolgerin von Hanni\nHeudeb\u00fclt zur 1. Vorsitzenden gew\u00e4hlt. Mit umsichtigem K\u00f6nnen leitete sie bis\n1992 die Geschicke des Damenvereins. Ein H\u00f6hepunkt in ihrer Amtszeit waren die\nFeierlichkeiten zum 25-j\u00e4hrigen Vereinsjubil\u00e4um 1989. Aber auch als aktive\nWerferin trug sie zu einigen sportlichen Erfolgen bei. Aus beruflichen Gr\u00fcnden\nzog es Maria auf die Insel Spiekeroog, trotzdem blieb sie nat\u00fcrlich unserem\nVerein bis heute stark verbunden. Im Jubil\u00e4umsjahr ist Maria nun 40 Jahre\nMitglied im \u201eHier up an\u201c Wiesederfehn und erh\u00e4lt zum Dank die goldene Ehrennadel\ndes Friesischen Klootschie\u00dfer Verbandes.<\/p>\n\n\n\n<p><strong>Helga\nHagedorn<\/strong> wurde am 09.10.1958 geboren und trat dem Damenbo\u00dfelverein\n1987 als aktive Bo\u00dflerin bei. Auf der Jahreshauptversammlung 1992 wurde sie zur\nneuen Vorsitzenden gew\u00e4hlt und trat die Nachfolge von Maria Behrends an. Als\ngro\u00dfes Organisationstalent und mit gro\u00dfem Engagement pr\u00e4gte Helga die\nEntwicklung des Damenbo\u00dfelvereins 16 Jahre bis zum Zusammenschluss mit dem\nHerrenverein im Jahr 2008. Auch nach dem Zusammenschluss bringt Helga sich\ntatkr\u00e4ftig in das Vereinsleben als Festausschussmitglied ein. Ein wichtiges\nAnliegen war Helga immer die Jugendf\u00f6rderung, viele Werferinnen der heutigen Frauen I Mannschaften trainierte sie erfolgreich als\nJugendbetreuerin. Aber auch selbst konnte sie einige Meisterschaften im\nPunktspielbetrieb feiern und damit den Grundstein f\u00fcr die vielen sportlichen\nErfolge im \u00fcberregionalen Spielbetrieb legen. Wir sind Helga f\u00fcr ihren\nherausragenden Einsatz zu gro\u00dfem Dank verpflichtet und wir w\u00fcnschen uns, dass\nHelga noch viele Jahre eine St\u00fctze des Vereins bleibt.&nbsp;&nbsp; <\/p>\n","protected":false},"excerpt":{"rendered":"<p>Die Vorsitzenden des Damenbo\u00dfelvereins \u201eHier up an\u201c Wiesederfehn vom Gr\u00fcndungsjahr 1964 bis 2008 Johanne \u201eHanni\u201c Heudeb\u00fclt wurde am 08.04.1919 in Wiesederfehn geboren, hier besuchte sie auch die Schule. 1938 heiratete&#8230;<\/p>\n<p class=\"continue-reading-button\"> <a class=\"continue-reading-link\" href=\"https:\/\/kbv-wiesederfehn.de\/?page_id=314\">Mehr lesen<i class=\"crycon-right-dir\"><\/i><\/a><\/p>\n","protected":false},"author":1,"featured_media":0,"parent":0,"menu_order":0,"comment_status":"closed","ping_status":"closed","template":"","meta":{"ngg_post_thumbnail":0,"footnotes":""},"_links":{"self":[{"href":"https:\/\/kbv-wiesederfehn.de\/index.php?rest_route=\/wp\/v2\/pages\/314"}],"collection":[{"href":"https:\/\/kbv-wiesederfehn.de\/index.php?rest_route=\/wp\/v2\/pages"}],"about":[{"href":"https:\/\/kbv-wiesederfehn.de\/index.php?rest_route=\/wp\/v2\/types\/page"}],"author":[{"embeddable":true,"href":"https:\/\/kbv-wiesederfehn.de\/index.php?rest_route=\/wp\/v2\/users\/1"}],"replies":[{"embeddable":true,"href":"https:\/\/kbv-wiesederfehn.de\/index.php?rest_route=%2Fwp%2Fv2%2Fcomments&post=314"}],"version-history":[{"count":2,"href":"https:\/\/kbv-wiesederfehn.de\/index.php?rest_route=\/wp\/v2\/pages\/314\/revisions"}],"predecessor-version":[{"id":469,"href":"https:\/\/kbv-wiesederfehn.de\/index.php?rest_route=\/wp\/v2\/pages\/314\/revisions\/469"}],"wp:attachment":[{"href":"https:\/\/kbv-wiesederfehn.de\/index.php?rest_route=%2Fwp%2Fv2%2Fmedia&parent=314"}],"curies":[{"name":"wp","href":"https:\/\/api.w.org\/{rel}","templated":true}]}}