{"id":317,"date":"2019-01-14T12:29:35","date_gmt":"2019-01-14T12:29:35","guid":{"rendered":"http:\/\/kbv-wiesederfehn.de\/?page_id=317"},"modified":"2019-01-20T17:01:55","modified_gmt":"2019-01-20T17:01:55","slug":"vereinsfahne","status":"publish","type":"page","link":"https:\/\/kbv-wiesederfehn.de\/?page_id=317","title":{"rendered":"Vereinsfahne"},"content":{"rendered":"\n<p><strong>Die\nVereinsfahne des KBV \u201eHier up an\u201c Wiesederfehn e.V.<\/strong><\/p>\n\n\n\n<p>Unsere Vereinsfahne\nbegleitet unsere Vereinsgeschichte nun schon \u00fcber 50 Jahre. Die Fahnenweihe\nwurde am 29.07.1967 anl\u00e4sslich des Sommer- und Bo\u00dfelfestes im Festzelt am\nHopelser Weg gefeiert. Der damalige Kreisverbandsvorsitzende Hermann Decker\nf\u00fchrte die Fahnenweihe durch. Entworfen wurde die Fahne von unserem sp\u00e4teren\nEhrenmitglied Hinrich Kapfermann, die Bemalung wurde vom bekannten Fahnenmaler\nRemmers aus Leerhafe erstellt. Zum 1. Fahnentr\u00e4ger wurde Heinrich L\u00fcken\ngew\u00e4hlt, zum 1. Fahnenjunker Alwin Schoon und zum 2. Fahnenjunker Johann\nWolken. Seit 1998 ist Magnus Heinen Fahnentr\u00e4ger, Fahnenjunker sind seit 2009\nDieter Osterloh und Kurt Runde. Viele weitere Mitglieder haben sich, zum Teil\nviele Jahre und Jahrzehnte, f\u00fcr unseren Verein im Rahmen dieser ehrenvollen\nAufgabe verdient gemacht.<\/p>\n\n\n\n<p>Die Fahne begleitet uns\nbei vielen fr\u00f6hlichen und feierlichen Anl\u00e4ssen, aber auch bei Beerdigungen zum\nletzten Geleit verstorbener Vereinsmitglieder. Selbstverst\u00e4ndlich war der\nEinsatz der Fahne bei den fr\u00fcheren Umz\u00fcgen anl\u00e4sslich unseres Bo\u00dfelfestes mit\nAbholung der Vereinsmeister, aber auch bei allen Fahnenweihen oder besonderen\nVereinsjubil\u00e4en unserer benachbarten und befreundeten Vereine und Verb\u00e4nde.\nNicht unerw\u00e4hnt sollen die Umz\u00fcge und Er\u00f6ffnungsfeiern der\nEuropameisterschaften 1988 in Norden und 2004 in Westerstede bleiben. Am\n26.03.1974 war unsere Fahne bei der Aufzeichnung der ZDF-Sendung \u201eAktion\nSorgenkind \u2013 originellste Spende des Monats\u201c im Fernsehstudio dabei.&nbsp; Zu einem sogenannten \u201eMeisterfoto\u201c\nerfolgreicher Mannschaften unseres Vereins geh\u00f6rt auch heute unsere\nVereinsfahne selbstverst\u00e4ndlich dazu!<\/p>\n\n\n\n<p>Ausgestellt wird unsere\nVereinsfahne im eigens gefertigten Fahnenschrank, fr\u00fcher in unserem Vereinslokal,\nheute im Dorfgemeinschaftshaus. Der Fahnenschrank wurde seinerzeit von Alwin\nSchoon entworfen und von Oskar Beyermann angefertigt.<\/p>\n","protected":false},"excerpt":{"rendered":"<p>Die Vereinsfahne des KBV \u201eHier up an\u201c Wiesederfehn e.V. Unsere Vereinsfahne begleitet unsere Vereinsgeschichte nun schon \u00fcber 50 Jahre. Die Fahnenweihe wurde am 29.07.1967 anl\u00e4sslich des Sommer- und Bo\u00dfelfestes im&#8230;<\/p>\n<p class=\"continue-reading-button\"> <a class=\"continue-reading-link\" href=\"https:\/\/kbv-wiesederfehn.de\/?page_id=317\">Mehr lesen<i class=\"crycon-right-dir\"><\/i><\/a><\/p>\n","protected":false},"author":1,"featured_media":0,"parent":0,"menu_order":0,"comment_status":"closed","ping_status":"closed","template":"","meta":{"ngg_post_thumbnail":0,"footnotes":""},"_links":{"self":[{"href":"https:\/\/kbv-wiesederfehn.de\/index.php?rest_route=\/wp\/v2\/pages\/317"}],"collection":[{"href":"https:\/\/kbv-wiesederfehn.de\/index.php?rest_route=\/wp\/v2\/pages"}],"about":[{"href":"https:\/\/kbv-wiesederfehn.de\/index.php?rest_route=\/wp\/v2\/types\/page"}],"author":[{"embeddable":true,"href":"https:\/\/kbv-wiesederfehn.de\/index.php?rest_route=\/wp\/v2\/users\/1"}],"replies":[{"embeddable":true,"href":"https:\/\/kbv-wiesederfehn.de\/index.php?rest_route=%2Fwp%2Fv2%2Fcomments&post=317"}],"version-history":[{"count":5,"href":"https:\/\/kbv-wiesederfehn.de\/index.php?rest_route=\/wp\/v2\/pages\/317\/revisions"}],"predecessor-version":[{"id":523,"href":"https:\/\/kbv-wiesederfehn.de\/index.php?rest_route=\/wp\/v2\/pages\/317\/revisions\/523"}],"wp:attachment":[{"href":"https:\/\/kbv-wiesederfehn.de\/index.php?rest_route=%2Fwp%2Fv2%2Fmedia&parent=317"}],"curies":[{"name":"wp","href":"https:\/\/api.w.org\/{rel}","templated":true}]}}