{"id":3447,"date":"2020-12-28T11:22:43","date_gmt":"2020-12-28T11:22:43","guid":{"rendered":"http:\/\/kbv-wiesederfehn.de\/?page_id=3447"},"modified":"2020-12-28T17:49:15","modified_gmt":"2020-12-28T17:49:15","slug":"kbv-wiesederfehn-mannschaftserfolge-meistertitel","status":"publish","type":"page","link":"https:\/\/kbv-wiesederfehn.de\/?page_id=3447","title":{"rendered":"Mannschaftserfolge &#038; Meistertitel!"},"content":{"rendered":"\n<p>Ab der Vereinsgr\u00fcndung war unser \u201eHier up an\u201c auch im Mannschaftsbo\u00dfeln sehr erfolgreich und konnte zum Teil ganze Epochen pr\u00e4gen. Eins der \u00e4ltesten Zeugnisse einer Meisterschaft ist das sog. \u201eHeidebild\u201c (h\u00e4ngt im kleinen Versammlungsraum im Dorfgemeinschaftshaus oben), das Bild wurde verliehen f\u00fcr die Verbandsmeisterschaft 1934!<\/p>\n\n\n\n<p>Aber auch nach dem zweiten Weltkrieg konnte in den 50iger Jahren mehrfach die Verbandsmeisterschaft gewonnen werden. In den Jahren 1976, 1977, 1978 wurde dreimal in Folge die Verbandsmeisterschaft in der A-Gruppe (Kreisliga) errungen. Mit der nochmaligen Meisterschaft im Jahre 1984 und dem anschlie\u00dfenden Aufstieg in die Bezirksklasse Ostfriesland gelang erstmal der Sprung in den \u00fcberregionalen Spielbetrieb. Leider konnte in der Deb\u00fctsaison der Abstieg nicht verhindert werden.<\/p>\n\n\n\n<p>Nach vier errungenen Kreismeisterschaften 1995, 1997, 1998 und 1999 gelang endlich der angestrebte erneute Aufstieg zur Bezirksklasse M\u00e4nner I, seit der Saison 1999\/2000 ist die 1. Herrenmannschaft damit im \u00fcberregionalen Spielbetrieb vertreten. Mit 2. Meisterschaften und 2 Vizemeisterschaften gelang 4-mal der Aufstieg in die Bezirksliga. &nbsp;<\/p>\n\n\n\n<p>Im Jahr 2003 wurde die Frauen I Bezirksklasse als neue Spielklasse im Landesverband Ostfriesland eingef\u00fchrt. Trotz Neueinf\u00fchrung fanden Aufstiegswettk\u00e4mpfe zur Bezirksliga statt, um nur einen (!) Meter wurde der direkte Aufstieg in die Bezirksliga verpasst. Ab der Saison 2003\/2004 warf unsere Frauen I damit ebenfalls in der Bezirksklasse, und ist seitdem ebenfalls eine feste Gr\u00f6\u00dfe im \u00fcberregionalen Spielbetrieb. 2-mal konnte die Meisterschaft in der Bezirksklasse gewonnen werden, 2 Meisterschaften in der Bezirksliga bedeuteten auch jeweils den Aufstieg in die Landesliga Frauen I. In 2020 gelang der neugr\u00fcndeten Frauen II Mannschaft nach dem Gewinn der Kreismeisterschaft der souver\u00e4ne Aufstieg in die Landesliga Frauen II.<\/p>\n\n\n\n<p>Die gro\u00dfen Erfolge ab Mitte der 1990iger Jahre sind mit vielen Meisterschaften im Jugendbereich verbunden. Viele Talente aus den erfolgreichen Jugendmannschaften sind heute St\u00fctzen der Frauen I und M\u00e4nner I Mannschaft.<\/p>\n\n\n\n<p>Leider ist die Datei mit unseren Mannschaftserfolgen nicht vollst\u00e4ndig. Wir sind immer noch auf der Suche nach weiteren Informationen aus alten Protokollen usw. Wer hat noch Informationen zu fehlenden Meistertiteln? Wir freuen uns \u00fcber jede Unterst\u00fctzung bei der Vervollst\u00e4ndigung unseres Archives!<\/p>\n\n\n\n<p><strong>Mannschaftserfolge &amp; Meistertitel \u2013 Eine \u00dcbersicht steht hier zum Download zur Verf\u00fcgung!<\/strong><\/p>\n\n\n\n<div class=\"wp-block-file\"><a href=\"https:\/\/kbv-wiesederfehn.de\/wp-content\/uploads\/2020\/12\/Mannschaftserfolge.pdf\">Mannschaftserfolge &amp; Meistertitel<\/a><a href=\"https:\/\/kbv-wiesederfehn.de\/wp-content\/uploads\/2020\/12\/Mannschaftserfolge.pdf\" class=\"wp-block-file__button\" download>Herunterladen<\/a><\/div>\n\n\n\n<div style=\"height:32px\" aria-hidden=\"true\" class=\"wp-block-spacer\"><\/div>\n\n\n\n<p class=\"has-normal-font-size\"><strong>Viele Pokalerfolge bei den sog. Bo\u00dfel- und Sommerfesten:<\/strong><\/p>\n\n\n\n<p>In den Sommermonaten veranstalteten fr\u00fcher viele Klootschie\u00dfer und Bo\u00dfelvereine jahrzehntelang Bo\u00dfel- oder Sommerfeste. In der Regel galt es beim Standwerfen mit 8 W\u00fcrfen (4 Werfer, jeder 2 W\u00fcrfe pro Karte) die gr\u00f6\u00dftm\u00f6gliche Weite zu erzielen. In der Hauptklasse der M\u00e4nner I wurden oft 2 Pokalst\u00e4nde f\u00fcr Holz- und Gummi angeboten, einige Vereine (z.B. Reepsholt, Burhafe, Etzel u.w.) boten das Pokalwerfen auch als Streckenwerfen an. &nbsp;&nbsp;<\/p>\n\n\n\n<p>Erstmalig haben wir 1922 befreundete Vereine zum Pokalwerfen in Verbindung mit einem Bo\u00dfel- und Sommerfest nach Wiesederfehn eingeladen. Sportlich hatte der Gewinn eines Pokals bei einem Bo\u00dfelfest fr\u00fcher durchaus eine gr\u00f6\u00dfere Bedeutung, oftmals starteten \u00fcber 30 Vereine mit den jeweiligen Spitzenwerfen \u00fcber den Tag verteilt beim Pokalwerfen. In den 1990iger Jahren endete der Trend sp\u00fcrbar, die Anzahl der Bo\u00dfelfeste und auch die Teilnehmerzahlen (und damit auch die sportliche Bedeutung) nahm immer mehr ab. Heute gibt es nur noch einige wenige Bo\u00dfelturniere um wertvolle Geldpreise. Als \u00e4ltestes Bo\u00dfelturnier in Ostfriesland richten wir j\u00e4hrlich den Fehntjer-Cup immer noch in Verbindung mit einem Bo\u00dfel- und Sommerfest aus.<\/p>\n\n\n\n<p>Wir haben in verschiedenen Epochen unserer Vereinsgeschichte sehr erfolgreich an Pokalwerfen teilgenommen, mehr als 300 Pokale (!!) wurden gewonnen. In einer Dokumentationsaktion haben wir alle gewonnen Pokale f\u00fcr ein kleines Archiv erfasst.<\/p>\n\n\n\n<p><strong>Hier steht die \u00dcbersichtsdatei zum Download zur Verf\u00fcgung:<\/strong><\/p>\n\n\n\n<div class=\"wp-block-file\"><a href=\"https:\/\/kbv-wiesederfehn.de\/wp-content\/uploads\/2020\/12\/Pokale-Bosselfeste-Sortierung-nach-Jahre.pdf\">Pokale Bo\u00dfelfeste-Sortierung nach Jahr des Gewinns<\/a><a href=\"https:\/\/kbv-wiesederfehn.de\/wp-content\/uploads\/2020\/12\/Pokale-Bosselfeste-Sortierung-nach-Jahre.pdf\" class=\"wp-block-file__button\" download>Herunterladen<\/a><\/div>\n\n\n\n<div class=\"wp-block-file\"><a href=\"https:\/\/kbv-wiesederfehn.de\/wp-content\/uploads\/2020\/12\/Pokale-Bosselfeste-Sortierung-nach-Veranstalter.pdf\">Pokale Bo\u00dfelfeste-Sortierung nach Ausrichterverein<\/a><a href=\"https:\/\/kbv-wiesederfehn.de\/wp-content\/uploads\/2020\/12\/Pokale-Bosselfeste-Sortierung-nach-Veranstalter.pdf\" class=\"wp-block-file__button\" download>Herunterladen<\/a><\/div>\n\n\n\n<div class=\"wp-block-file\"><a href=\"https:\/\/kbv-wiesederfehn.de\/wp-content\/uploads\/2020\/12\/Pokale-Bosselfeste-Sortierung-nach-Altersklasse.pdf\">Pokale Bo\u00dfelfeste-Sortierung nach Altersklassen<\/a><a href=\"https:\/\/kbv-wiesederfehn.de\/wp-content\/uploads\/2020\/12\/Pokale-Bosselfeste-Sortierung-nach-Altersklasse.pdf\" class=\"wp-block-file__button\" download>Herunterladen<\/a><\/div>\n\n\n\n<p><\/p>\n","protected":false},"excerpt":{"rendered":"<p>Ab der Vereinsgr\u00fcndung war unser \u201eHier up an\u201c auch im Mannschaftsbo\u00dfeln sehr erfolgreich und konnte zum Teil ganze Epochen pr\u00e4gen. Eins der \u00e4ltesten Zeugnisse einer Meisterschaft ist das sog. \u201eHeidebild\u201c&#8230;<\/p>\n<p class=\"continue-reading-button\"> <a class=\"continue-reading-link\" href=\"https:\/\/kbv-wiesederfehn.de\/?page_id=3447\">Mehr lesen<i class=\"crycon-right-dir\"><\/i><\/a><\/p>\n","protected":false},"author":1,"featured_media":0,"parent":0,"menu_order":0,"comment_status":"closed","ping_status":"closed","template":"","meta":{"ngg_post_thumbnail":0,"footnotes":""},"_links":{"self":[{"href":"https:\/\/kbv-wiesederfehn.de\/index.php?rest_route=\/wp\/v2\/pages\/3447"}],"collection":[{"href":"https:\/\/kbv-wiesederfehn.de\/index.php?rest_route=\/wp\/v2\/pages"}],"about":[{"href":"https:\/\/kbv-wiesederfehn.de\/index.php?rest_route=\/wp\/v2\/types\/page"}],"author":[{"embeddable":true,"href":"https:\/\/kbv-wiesederfehn.de\/index.php?rest_route=\/wp\/v2\/users\/1"}],"replies":[{"embeddable":true,"href":"https:\/\/kbv-wiesederfehn.de\/index.php?rest_route=%2Fwp%2Fv2%2Fcomments&post=3447"}],"version-history":[{"count":11,"href":"https:\/\/kbv-wiesederfehn.de\/index.php?rest_route=\/wp\/v2\/pages\/3447\/revisions"}],"predecessor-version":[{"id":3495,"href":"https:\/\/kbv-wiesederfehn.de\/index.php?rest_route=\/wp\/v2\/pages\/3447\/revisions\/3495"}],"wp:attachment":[{"href":"https:\/\/kbv-wiesederfehn.de\/index.php?rest_route=%2Fwp%2Fv2%2Fmedia&parent=3447"}],"curies":[{"name":"wp","href":"https:\/\/api.w.org\/{rel}","templated":true}]}}