{"id":350,"date":"2019-01-15T12:49:10","date_gmt":"2019-01-15T12:49:10","guid":{"rendered":"http:\/\/kbv-wiesederfehn.de\/?page_id=350"},"modified":"2019-01-15T12:51:23","modified_gmt":"2019-01-15T12:51:23","slug":"vereinssatzung","status":"publish","type":"page","link":"https:\/\/kbv-wiesederfehn.de\/?page_id=350","title":{"rendered":"Vereinssatzung"},"content":{"rendered":"\n<p>\u00a7 1 Name<br> Der Verein tr\u00e4gt den Namen Klootschie\u00dfer- und Bo\u00dfelerverein \u201cHier up an\u201c Wiesederfehn, e. V, gegr\u00fcndet 28.02.1914<br> <\/p>\n\n\n\n<p>\u00a7 2 Sitz<br> Der Sitz des Vereins ist Wiesmoor, Ortsteil Wiesederfehn.<br> <\/p>\n\n\n\n<p>\u00a7 3 Zweck<br> Der Zweck des Vereins ist die F\u00f6rderung des Klootschie\u00dfens und des Bo\u00dfelns als Sport und Heimatspiel sowie die Erhaltung und Pflege der<br> ostfriesischen Muttersprache.<br> Der Verein verfolgt ausschlie\u00dflich und unmittelbar gemeinn\u00fctzige<br> Zwecke im Sinne des Abschnitts \u201esteuerbeg\u00fcnstigte Zwecke\u201c der<br> Abgabenordnung.<br> Der Satzungszweck wird insbesondere erreicht durch die F\u00f6rderung<br> sportlicher \u00dcbungen und Leistungen im Klootschie\u00dfen, Bo\u00dfeln und im<br> Schleuderballwerfen sowie in der Pflege der ostfriesischen Muttersprache durch entsprechende kulturelle Veranstaltungen.<br> <\/p>\n\n\n\n<p>\u00a7 4 Mittelverwendung<br> Mittel des Vereines d\u00fcrfen nur f\u00fcr die satzungsgem\u00e4\u00dfen Zwecke<br> verwendet werden.<br> <\/p>\n\n\n\n<p>\u00a7 5 Zuwendungen und Verg\u00fctungen an Vereinsmitglieder<br> Die Mitglieder des Vereines erhalten keine Gewinnanteile und in ihrer<br> Eigenschaft als Mitglieder auch keine sonstigen Zuwendungen<br> aus Mitteln des Vereines.<br> Es darf keine Person durch Ausgaben, die dem Zweck des Vereins fremd<br> sind, oder durch unverh\u00e4ltnism\u00e4\u00dfig hohe Verg\u00fctungen beg\u00fcnstigt<br> werden.<br> <\/p>\n\n\n\n<p>\u00a7 6 Wegfall der Gemeinn\u00fctzigkeit<br> Bei Wegfall des bisherigen gemeinn\u00fctzigen Zweckes f\u00e4llt das Verm\u00f6gen<br> des Vereines an die Stadt Wiesmoor, die es unmittelbar und<br> ausschlie\u00dflich f\u00fcr gemeinn\u00fctzige sportliche Zwecke zu verwenden hat.<br> <\/p>\n\n\n\n<p>\u00a7 7 Mitgliedschaft<br> a) Mitglied kann auf Antrag jede nat\u00fcrliche Person werden.<br> Die Entscheidung \u00fcber Aufnahme oder Ausschlu\u00df trifft der<br> Klootschie\u00dfer- und Bo\u00dfelerverein.<br> b) Die gleichzeitige aktive Mitgliedschaft bei mehreren<br> Klootschie\u00dfer- und Bo\u00dfelervereinen ist nicht statthaft.<br> c) Die Mitglieder sind durch schriftliche Erkl\u00e4rung dem Vorstand<br> gegen\u00fcber zum Austritt aus dem Verein jederzeit berechtigt.<br> d) Die Mitgliedschaft ist nicht \u00fcbertragbar und nicht vererblich.<br> Die Aus\u00fcbung der Mitgliedsrechte kann nicht auf einen anderen<br> \u00fcbertragen werden.<br> <\/p>\n\n\n\n<p>\u00a7 8 Beitrag<br> a) Beitragspflichtig ist jedes Mitglied ab vollendetem 17. Lebens-<br> jahr. \u00dcber Ende der Beitragspflicht sowie Beitragsbefreiung<br> entscheidet die Mitgliederversammlung in der j\u00e4hrlichen Ge-<br> neralversammlung. Ehrenmitglieder sind beitragsfrei.<br> b) Wer seinen Beitrag an den Verein in 12 aufeinanderfolgenden<br> Monaten nicht bezahlt, kann aus dem Verein ausgeschlossen werden.<br> \u00dcber den Ausschluss entscheidet die Mitgliederversammlung. \u00dcber<br> die H\u00f6he des Beitrages entscheidet die Mitgliederversammlung in<br> der j\u00e4hrlichen Generalversammlung.<br> <\/p>\n\n\n\n<p>\u00a7 9 Organisation<br> Die Organe des Vereins sind der Vorstand, der erweiterte Vorstand<br> und die Mitgliederversammlung.<br> <\/p>\n\n\n\n<p>\u00a7 10 Vorstand<br> a) Der Vorstand besteht aus neun Mitgliedern:<\/p>\n\n\n\n<ol><li>dem Vereinsvorsitzenden<\/li><li>dem Stellvertreter des Vorsitzenden<\/li><li>dem Schriftf\u00fchrer<\/li><li>dem Kassenwart<\/li><li>der Frauenwartin<\/li><li>dem Jugendwart<\/li><li>dem Ger\u00e4tewart<\/li><li>dem Spielleiter M\u00e4nner<\/li><li> der Spielleiterin Frauen<br> <\/li><\/ol>\n\n\n\n<p> b) Vorstand im Sinne des \u00a7 24 BGB ist der Vereinsvorsitzende<br> der Stellvertreter des Vorsitzenden und der Kassenwart.<br> Jeder von ihnen ist allein zur Vertretung befugt.<br> <\/p>\n\n\n\n<p>\u00a7 11 Wahl des Vorstandes<br> a) Die Mitglieder des Vorstandes werden j\u00e4hrlich von der Mitglieder-<br> versammlung auf der Generalversammlung gew\u00e4hlt. Bei ungerader<br> Jahreszahl scheiden zwei Mitglieder des Vorstandes durch Losent-<br> scheid aus. Bei gerader Jahreszahl tritt der gesamte Vorstand<br> zur\u00fcck. Wiederwahl ist unbegrenzt m\u00f6glich. Wer die einfache<br> Stimmenmehrheit in der beschlussf\u00e4higen Versammlung auf sich<br> vereinigt, ist gew\u00e4hlt.<br> Bei Stimmengleichheit findet eine Stichwahl statt,<br> bei nochmaliger Stimmengleichheit entscheidet das Los.<br> b) Die Bestellung als Vorstandsmitglied kann auf einer ordnungs-<br> gem\u00e4\u00df einberufenen Mitgliederversammlung durch Mehrheits-<br> beschluss widerrufen werden.<br> <\/p>\n\n\n\n<p>\u00a7 12 Rechte und Pflichten des Vorstandes<br> a) Alle Vorstandsmitglieder haben \u00fcber die einzelnen Angelegenheiten<br> des Vereins, soweit sie vom Vorstand zu besorgen sind, in einer<br> Vorstandsversammlung zu beschlie\u00dfen. Jedes Mitglied des Vor-<br> standes ist gleichwertig stimmberechtigt. Beschlussf\u00e4hig ist der<br> Vorstand bei mindestens drei anwesenden Vorstandsmitgliedern. Bei<br> der Beschlussfassung entscheidet die einfache Mehrheit der<br> anwesenden Vorstandsmitglieder.<br> b) Bei Rechtsgesch\u00e4ften, die \u00fcber den Rahmen der gew\u00f6hnlichen<br> Vertretung und Gesch\u00e4ftsf\u00fchrung hinausgehen, ist die Zustimmung<br> s\u00e4mtlicher Vorstandsmitglieder (\u00a7 10) erforderlich. Im \u00dcbrigen<br> gelten die \u00a7\u00a7 15c und 16 entsprechend.<br> c) Der Vereinsvorsitzende beruft die Versammlung der Organe ein, er<br> bestimmt die Tagesordnung und leitet die Versammlungen. Der<br> Stellvertreter kann stellvertretend die Aufgaben des Vereins-<br> vorsitzenden wahrnehmen. Dem Schriftf\u00fchrer obliegt die Gesch\u00e4fts-<br> f\u00fchrung des Vereins und er fertigt die Versammlungsprotokolle.<br> Der Kassenwart f\u00fchrt dir Vereinskasse. Der Jugendwart hat die<br> Aufgabe, bei den Jugendlichen das Interesse f\u00fcr das Friesenspiel<br> zu wecken und sie zu leistungsstarken Klootschie\u00dfern und<br> Bo\u00dfelern zu trainieren.<br> Dem Sportwart obliegt die Koordination der einzelnen Mann-<br> schaften. Dem Ger\u00e4tewart obliegt die Pflege, Erhaltung und<br> Anschaffung der f\u00fcr das Bo\u00dfeln, Klootschie\u00dfen und Schleuderball-<br> werfen erforderlichen Ger\u00e4tschaften.<br> <\/p>\n\n\n\n<p>\u00a7 13 Erweiterter Vorstand<br> Der erweitertete Vorstand besteht aus dem Bahnweiser, dem 2. Schrift-<br> f\u00fchrer, dem 2. Jugendwart und dem Seniorenbetreuer. Der erweiterte<br> Vorstand wird in den Jahren mit gerader Jahreszahl von der Mitglieder-<br> versammlung in der Generalversammlung gew\u00e4hlt. Wiederwahl<br> sowie Aufstockung ist m\u00f6glich.<br> Zum erweiterten Vorstand geh\u00f6ren weiterhin der Ehrenvorsitzende und<br> die Ehrenmitglieder des Vorstandes.<br> <\/p>\n\n\n\n<p>\u00a7 14 Aufgaben des erweiterten Vorstandes<br> Die Aufgaben des erweiterten Vorstandes bestehen darin, den Vereins-<br> vorstand bei seinen Aufgaben speziell in der Gesch\u00e4ftsf\u00fchrung zu<br> unterst\u00fctzen. Der Vereinsvorstand bestimmt, welche Aufgaben der<br> erweiterte Vorstand zu bearbeiten hat. Der erweiterte Vorstand ist<br> bei erweiterten Vorstandsversammlungen stimmberechtigt.<br> <\/p>\n\n\n\n<p>\u00a7 15 Mitgliederversammlung<br> a) Die Mitgliederversammlung setzt sich zusammen aus den Mitgliedern<br> des Vereinsvorstandes des erweiterten Vorstandes und den stimm-<br> berechtigten Vereinsmitgliedern.<br> b) Jedes Vereinsmitglied ab 18 Jahren ist stimmberechtigt.<br> c) Die Mitgliederversammlung (der Generalversammlung) hat das Recht,<br> \u00fcber alle Angelegenheiten des Vereins zu beschlie\u00dfen. Ihrer<br> Beschlussfassung ist insbesondere vorbehalten:<br> Die Wahl des Vorstandes und der Kassenpr\u00fcfer, die Abnahme des<br> Jahresberichtes und der Jahresrechnung, die Entlastung des Vor-<br> standes, die Ernennung der Ehrenvorsitzenden und Ehrenmit-<br> glieder, die Aufnahme in den Verein und der Ausschluss aus dem<br> Verein, Satzungs\u00e4nderungen und die Aufl\u00f6sung des Vereins.<br> d) Die Mitgliederversammlung ist beschlussf\u00e4hig, wenn sie ordnungs-<br> gem\u00e4\u00df einberufen ist und ein Sechstel der Vereinsmitglieder anwe-<br> send ist. Sie beschlie\u00dft mit einfacher Mehrheit der stimmberechtigten<br> Mitglieder. Bei Stimmengleichheit gilt der Antrag als abgelehnt. Ist<br> eine Mitgliederversammlung nicht beschlussf\u00e4hig, entscheidet auf<br> einer zweiten ordnungsgem\u00e4\u00df einberufenen Mitgliederversammlung<br> die Mehrheit der anwesenden Mitglieder ohne R\u00fccksicht auf die<br> Zahl der Erschienenen; bei der Einberufung ist darauf hinzu-<br> weisen.<br> e) Die Generalversammlung findet allj\u00e4hrlich zu Beginn des Jahres<br> statt. Die Einberufung ist mit der Tagesordnung eine Woche vorher<br> den Mitgliedern durch Aushang bekannt zu geben.<br> f) Eine au\u00dferordentliche Mitgliederversammlung ist einzuberufen,<br> wenn der sechste Teil der Mitglieder die Berufung schriftlich<br> unter Angabe des Zweckes und der Gr\u00fcnde verlangt oder wenn das<br> Interesse des Vereins es erfordert.<br> g) \u00dcber alle Antr\u00e4ge, die in der Mitgliederversammlung au\u00dferhalb der<br> Tagesordnung gestellt werden, entscheidet die Mitgliederver- sammlung mit 3 \/ 4-Mehrheit.<br> h) \u00dcber die Mitgliederversammlung ist ein Protokoll zu f\u00fchren, das<br> den Wortlaut der Beschl\u00fcsse wiedergeben mu\u00df. Das Protokoll ist<br> von dem Versammlungsleiter, dem Schriftf\u00fchrer und einem weiteren<br> Teilnehmer der Mitgliederversammlung zu unterschreiben.<br> <\/p>\n\n\n\n<p>\u00a7 16 Stimmrechtsausschluss<br> Ein Mitglied ist nicht stimmberechtigt, wenn die Beschlussfassung die<br> Vornahme eines Rechtsgesch\u00e4ftes mit ihm oder die Einleitung oder<br> Erledigung eines Rechtsstreites zwischen ihm und dem Verein<br> betrifft.<br> <\/p>\n\n\n\n<p>\u00a7 17 Erfordernis der qualifizierten Mehrheit<br> F\u00fcr die Ernennung von Ehrenvorsitzenden und Ehrenmitgliedern, den<br> Ausschluss aus dem Verein, den Erwerb von Mitgliedschaften und f\u00fcr<br> Satzungs\u00e4nderungen ist eine 3 \/ 4-Mehrheit der Mitgliederversammlung<br> erforderlich.<br> <\/p>\n\n\n\n<p>\u00a7 18 Rechnungsjahr<br> a) Das Rechnungsjahr l\u00e4uft ab dem 01. Januar bis zum 31. Dezember. Die<br> Rechnungslegung hat in der Mitgliederversammlung auf der Gerneral-<br> versammlung nach Ablauf des Gesch\u00e4ftsjahres durch den Kassenwart<br> zu erfolgen.<br> b) Die Kassenunterlagen sind entsprechend den Verj\u00e4hrungsfristen<br> aufzubewahren, mindestens aber f\u00fcnf Jahre.<br> <\/p>\n\n\n\n<p>\u00a7 19 Kassenpr\u00fcfung<br> Die Kassenpr\u00fcfung ist j\u00e4hrlich einmal durch zwei Vereinsmitglieder,<br> die nicht zum Vorstand geh\u00f6ren, durchzuf\u00fchren. Die Kassenpr\u00fcfung<br> ist durch Unterschrift der Pr\u00fcfer zu best\u00e4tigen.<br> <\/p>\n\n\n\n<p>\u00a7 20 Dienstverpflichtung<br> Jedes Vereinsmitglied kann bei Vereinsveranstaltungen zum Dienst durch den<br> Vorstand aufgefordert werden.<br> <\/p>\n\n\n\n<p>\u00a7 21 Aufl\u00f6sung des Klootschie\u00dfer- und Bo\u00dfelervereins<br> a) Die Aufl\u00f6sung des Klootschie\u00dfer- und Bo\u00dfelervereins \u201eHier up an\u201c<br> Wiesederfehn e. V. kann nur dann durch eine ordentlich einberufene<br> Mitgliederversammlung beschlossen werden, wenn dies auf der<br> Tagesordnung steht, und eine 3 \/ 4-Mehrheit der zum Verein<br> geh\u00f6renden Mitglieder f\u00fcr die Aufl\u00f6sung stimmt.<br> b) Bei Aufl\u00f6sung oder Aufhebung des Vereins f\u00e4llt das Verm\u00f6gen des<br> Vereins gem\u00e4\u00df \u00a7 6 an die Stadt Wiesmoor mit dem dort genannten<br> Verwendungszweck. <\/p>\n","protected":false},"excerpt":{"rendered":"<p>\u00a7 1 Name Der Verein tr\u00e4gt den Namen Klootschie\u00dfer- und Bo\u00dfelerverein \u201cHier up an\u201c Wiesederfehn, e. V, gegr\u00fcndet 28.02.1914 \u00a7 2 Sitz Der Sitz des Vereins ist Wiesmoor, Ortsteil Wiesederfehn&#8230;.<\/p>\n<p class=\"continue-reading-button\"> <a class=\"continue-reading-link\" href=\"https:\/\/kbv-wiesederfehn.de\/?page_id=350\">Mehr lesen<i class=\"crycon-right-dir\"><\/i><\/a><\/p>\n","protected":false},"author":1,"featured_media":0,"parent":0,"menu_order":0,"comment_status":"closed","ping_status":"closed","template":"","meta":{"ngg_post_thumbnail":0,"footnotes":""},"_links":{"self":[{"href":"https:\/\/kbv-wiesederfehn.de\/index.php?rest_route=\/wp\/v2\/pages\/350"}],"collection":[{"href":"https:\/\/kbv-wiesederfehn.de\/index.php?rest_route=\/wp\/v2\/pages"}],"about":[{"href":"https:\/\/kbv-wiesederfehn.de\/index.php?rest_route=\/wp\/v2\/types\/page"}],"author":[{"embeddable":true,"href":"https:\/\/kbv-wiesederfehn.de\/index.php?rest_route=\/wp\/v2\/users\/1"}],"replies":[{"embeddable":true,"href":"https:\/\/kbv-wiesederfehn.de\/index.php?rest_route=%2Fwp%2Fv2%2Fcomments&post=350"}],"version-history":[{"count":4,"href":"https:\/\/kbv-wiesederfehn.de\/index.php?rest_route=\/wp\/v2\/pages\/350\/revisions"}],"predecessor-version":[{"id":364,"href":"https:\/\/kbv-wiesederfehn.de\/index.php?rest_route=\/wp\/v2\/pages\/350\/revisions\/364"}],"wp:attachment":[{"href":"https:\/\/kbv-wiesederfehn.de\/index.php?rest_route=%2Fwp%2Fv2%2Fmedia&parent=350"}],"curies":[{"name":"wp","href":"https:\/\/api.w.org\/{rel}","templated":true}]}}