{"id":374,"date":"2019-01-16T18:41:57","date_gmt":"2019-01-16T18:41:57","guid":{"rendered":"http:\/\/kbv-wiesederfehn.de\/?page_id=374"},"modified":"2019-01-20T17:27:57","modified_gmt":"2019-01-20T17:27:57","slug":"100-jaehriges-jubilaeum","status":"publish","type":"page","link":"https:\/\/kbv-wiesederfehn.de\/?page_id=374","title":{"rendered":"100 J\u00e4hriges Jubil\u00e4um"},"content":{"rendered":"\n<p><strong>100-J\u00e4hriges Jubil\u00e4um KBV \u201eHier up an\u201c Wiesederfehn e.V.\u00a0<\/strong> <br><strong>50 Jahre Damenabteilung<\/strong> <\/p>\n\n\n\n<div class=\"wp-block-file\"><a href=\"https:\/\/kbv-wiesederfehn.de\/wp-content\/uploads\/2019\/01\/Plakat-100-Jahre-KBV.pdf\">Einladungsplakat<\/a><a href=\"https:\/\/kbv-wiesederfehn.de\/wp-content\/uploads\/2019\/01\/Plakat-100-Jahre-KBV.pdf\" class=\"wp-block-file__button\" download>Herunterladen<\/a><\/div>\n\n\n\n<div class=\"wp-block-file\"><a href=\"https:\/\/kbv-wiesederfehn.de\/wp-content\/uploads\/2019\/01\/Flyer-100-Jahre-KBV.pdf\">Einladungsflyer<\/a><a href=\"https:\/\/kbv-wiesederfehn.de\/wp-content\/uploads\/2019\/01\/Flyer-100-Jahre-KBV.pdf\" class=\"wp-block-file__button\" download>Herunterladen<\/a><\/div>\n\n\n\n<div class=\"wp-block-file\"><a href=\"https:\/\/kbv-wiesederfehn.de\/wp-content\/uploads\/2019\/01\/Einladung-1.-Fehntjer-RVB-Kloot-Cup.pdf\">Einladung 1. Fehntjer RVB Kloot Cup<\/a><a href=\"https:\/\/kbv-wiesederfehn.de\/wp-content\/uploads\/2019\/01\/Einladung-1.-Fehntjer-RVB-Kloot-Cup.pdf\" class=\"wp-block-file__button\" download>Herunterladen<\/a><\/div>\n\n\n\n<p><strong>R\u00fcckblick\nauf unser Jubil\u00e4umsjahr 2014:<\/strong><\/p>\n\n\n\n<p>Unser Jubil\u00e4umsjahr\n2014 geht mit seinen tollen Veranstaltungen in die Geschichte ein, tolle\nH\u00f6hepunkte bleiben in Erinnerung. Es wurde der 100. Vereinsgeburtstag und der\n50. Geburtstags der Damenabteilung gefeiert. Eine Arbeitsgruppe aus Vorstand\nund Festausschuss hatte sich \u00fcber Monate getroffen und ein tolles Programm\nvorbereitet. <\/p>\n\n\n\n<p>F\u00fcr die Einladungsflyer, Plakate und die Sonderbeilage im Anzeiger f\u00fcr Harlingerland wurde bereits am 03.10.2013 ein Vereinsfoto auf dem Schulhof der KGS Wiesmoor mit vielen Mitgliedern erstellt:<\/p>\n\n\n\n<div class=\"wp-block-image\"><figure class=\"aligncenter\"><img loading=\"lazy\" decoding=\"async\" width=\"627\" height=\"293\" src=\"https:\/\/kbv-wiesederfehn.de\/wp-content\/uploads\/2019\/01\/image001.png\" alt=\"\" class=\"wp-image-474\" srcset=\"https:\/\/kbv-wiesederfehn.de\/wp-content\/uploads\/2019\/01\/image001.png 627w, https:\/\/kbv-wiesederfehn.de\/wp-content\/uploads\/2019\/01\/image001-300x140.png 300w, https:\/\/kbv-wiesederfehn.de\/wp-content\/uploads\/2019\/01\/image001-150x70.png 150w\" sizes=\"(max-width: 627px) 100vw, 627px\" \/><\/figure><\/div>\n\n\n\n<p>Unser Jubil\u00e4umsjahr\nbegann mit Jahreshauptversammlung am 17.01.2014 um 20.00 Uhr im\nDorfgemeinschaftshaus Wiesederfehn, ein Ausblick auf das Jubil\u00e4umsjahr pr\u00e4gte\ndie Versammlung. Am 24.01.2014 um 20 Uhr schloss sich das WUM-Skatturnier der\nVereine Wiesederfehn, Upsch\u00f6rt und Mullberg an. Bei diesem Skatturnier spielen\ndie&nbsp; Mitglieder der 3 Vereine seit vielen\nJahrzehnten um einen Wanderpokal, aus Anlass des Jubil\u00e4ums \u00fcbernahmen wir die\nAusrichtung in diesem Jahr.&nbsp; <\/p>\n\n\n\n<p><strong>Sonderbeilage<\/strong>:<\/p>\n\n\n\n<div class=\"wp-block-image\"><figure class=\"aligncenter\"><img loading=\"lazy\" decoding=\"async\" width=\"486\" height=\"729\" src=\"https:\/\/kbv-wiesederfehn.de\/wp-content\/uploads\/2019\/01\/image002.png\" alt=\"\" class=\"wp-image-475\" srcset=\"https:\/\/kbv-wiesederfehn.de\/wp-content\/uploads\/2019\/01\/image002.png 486w, https:\/\/kbv-wiesederfehn.de\/wp-content\/uploads\/2019\/01\/image002-200x300.png 200w, https:\/\/kbv-wiesederfehn.de\/wp-content\/uploads\/2019\/01\/image002-100x150.png 100w\" sizes=\"(max-width: 486px) 100vw, 486px\" \/><\/figure><\/div>\n\n\n\n<p>Passen zum 100. Geburtstag erschien im Anzeiger f\u00fcr\nHarlingerland eine gro\u00dfe Sonderbeilage zu unserem Jubil\u00e4um. Als federf\u00fchrender\nRedakteur tauchte Jochen Schrievers in unsere Vereinsgeschichte ein und\nerstellte eine vielseitige, abwechslungsreiche und sehenswerte Beilage. Stark\nunterst\u00fctz wurde er durch Erwin Habben, Erwin hatte unz\u00e4hlige Fotos aus der\nVereinsgeschichte digitalisiert und zur Verf\u00fcgung gestellt. <\/p>\n\n\n\n<p><strong>Festakt am 28.02.2014:<\/strong><\/p>\n\n\n\n<ul class=\"wp-block-gallery columns-2 is-cropped wp-block-gallery-1 is-layout-flex wp-block-gallery-is-layout-flex\"><li class=\"blocks-gallery-item\"><figure><img loading=\"lazy\" decoding=\"async\" width=\"951\" height=\"619\" src=\"https:\/\/kbv-wiesederfehn.de\/wp-content\/uploads\/2019\/01\/image003-2.png\" alt=\"\" data-id=\"486\" data-link=\"https:\/\/kbv-wiesederfehn.de\/?attachment_id=486\" class=\"wp-image-486\" srcset=\"https:\/\/kbv-wiesederfehn.de\/wp-content\/uploads\/2019\/01\/image003-2.png 951w, https:\/\/kbv-wiesederfehn.de\/wp-content\/uploads\/2019\/01\/image003-2-300x195.png 300w, https:\/\/kbv-wiesederfehn.de\/wp-content\/uploads\/2019\/01\/image003-2-768x500.png 768w, https:\/\/kbv-wiesederfehn.de\/wp-content\/uploads\/2019\/01\/image003-2-150x98.png 150w\" sizes=\"(max-width: 951px) 100vw, 951px\" \/><\/figure><\/li><li class=\"blocks-gallery-item\"><figure><img loading=\"lazy\" decoding=\"async\" width=\"923\" height=\"726\" src=\"https:\/\/kbv-wiesederfehn.de\/wp-content\/uploads\/2019\/01\/image004-2.png\" alt=\"\" data-id=\"488\" data-link=\"https:\/\/kbv-wiesederfehn.de\/?attachment_id=488\" class=\"wp-image-488\" srcset=\"https:\/\/kbv-wiesederfehn.de\/wp-content\/uploads\/2019\/01\/image004-2.png 923w, https:\/\/kbv-wiesederfehn.de\/wp-content\/uploads\/2019\/01\/image004-2-300x236.png 300w, https:\/\/kbv-wiesederfehn.de\/wp-content\/uploads\/2019\/01\/image004-2-768x604.png 768w, https:\/\/kbv-wiesederfehn.de\/wp-content\/uploads\/2019\/01\/image004-2-150x118.png 150w\" sizes=\"(max-width: 923px) 100vw, 923px\" \/><\/figure><\/li><\/ul>\n\n\n\n<p>Zum 75. Vereinsjubil\u00e4um wurde an der Ecke Hopelser Weg und T\u00fcrkeier Weg an der Bo\u00dfelstrecke ein Gedenkstein gesetzt. Im Zuge der Umgestaltungsarbeiten am Dorfgemeinschaftshaus wurde dieser 6,5 Tonnen schwere Gedenkstein bereits in die Au\u00dfenanlage des Vereinsheims integriert. Am 28.02.2014 um 19.30 Uhr, der 100. Jahrestag der Vereinsgr\u00fcndung, wurde der Stein mit einer Erg\u00e4nzungsbeschriftung neu eingeweiht. Ebenfalls wurde eine Schautafel zur Vereinsgeschichte im Au\u00dfenbereich des Dorfgemeinschaftshauses enth\u00fcllt. Bis auf den letzten Platz war das Dorfgemeinschaftshaus beim Festakt bei Tee und Kuchen gef\u00fcllt. Es wurde ausf\u00fchrlich auf die Vereinsgeschichte zur\u00fcckgeblickt. Einige Mitglieder konnte f\u00fcr langj\u00e4hrige Mitgliedschaften ausgezeichnet werden. Vom Landkreis Aurich, von der Stadt Wiesmoor, vom Sportbund Aurich, vom Landesverband Ostfriesland, vom Regionalfond der Raiffeisen-Volksbank eG, von der Dorfgemeinschaft Wiesederfehn und von Pastor Stefan Wolf wurde Gl\u00fcckw\u00fcnsche \u00fcberbracht.<\/p>\n\n\n\n<div class=\"wp-block-image\"><figure class=\"aligncenter\"><img loading=\"lazy\" decoding=\"async\" width=\"558\" height=\"395\" src=\"https:\/\/kbv-wiesederfehn.de\/wp-content\/uploads\/2019\/01\/image005.png\" alt=\"\" class=\"wp-image-477\" srcset=\"https:\/\/kbv-wiesederfehn.de\/wp-content\/uploads\/2019\/01\/image005.png 558w, https:\/\/kbv-wiesederfehn.de\/wp-content\/uploads\/2019\/01\/image005-300x212.png 300w, https:\/\/kbv-wiesederfehn.de\/wp-content\/uploads\/2019\/01\/image005-150x106.png 150w\" sizes=\"(max-width: 558px) 100vw, 558px\" \/><\/figure><\/div>\n\n\n\n<p><strong>Jubil\u00e4umsfeier\nam 08.03.2014:<\/strong><\/p>\n\n\n\n<p>Die gro\u00dfe\nJubil\u00e4umsfeier fand nur eine Woche sp\u00e4ter am 08. M\u00e4rz 2014 in der Blumenhalle\nin Wiesmoor statt. Wir hatten alle Mitglieder, Partner, Freunde und befreundeten\nVereine zu dieser Jubil\u00e4umsfeier eingeladen, eine riesige Resonanz \u00fcbertraf\nalle Erwartungen. Bei 470 Anmeldungen mussten wir den Kartenverkauf einstellen.<\/p>\n\n\n\n<p>Das 100-j\u00e4hrige Bestehen sollte geb\u00fchrend gefeiert werden, das besondere Ambiente der Blumenhalle bot einen einmaligen Rahmen f\u00fcr diese Feier. Die Jubil\u00e4umsfeier begann mit einem Sektempfang um 19.00 Uhr in einer Fotoausstellung zur Vereinsgeschichte. Alle Vereine&nbsp; unseres Kreisverbandes konnten sich ebenfalls in der Blumenhalle pr\u00e4sentieren.<\/p>\n\n\n\n<div class=\"wp-block-image\"><figure class=\"aligncenter\"><img loading=\"lazy\" decoding=\"async\" width=\"877\" height=\"577\" src=\"https:\/\/kbv-wiesederfehn.de\/wp-content\/uploads\/2019\/01\/image006.png\" alt=\"\" class=\"wp-image-479\" srcset=\"https:\/\/kbv-wiesederfehn.de\/wp-content\/uploads\/2019\/01\/image006.png 877w, https:\/\/kbv-wiesederfehn.de\/wp-content\/uploads\/2019\/01\/image006-300x197.png 300w, https:\/\/kbv-wiesederfehn.de\/wp-content\/uploads\/2019\/01\/image006-768x505.png 768w, https:\/\/kbv-wiesederfehn.de\/wp-content\/uploads\/2019\/01\/image006-150x99.png 150w\" sizes=\"(max-width: 877px) 100vw, 877px\" \/><\/figure><\/div>\n\n\n\n<p> <\/p>\n\n\n\n<p>Um 20 Uhr begann die Festveranstaltung. Eine stimmungsvolle Begr\u00fc\u00dfung der einzelnen G\u00e4ste- und Vereinsgruppen und ein sehr kurzweiliger R\u00fcckblick in die Vereinsgeschichte l\u00e4uteten eine tolle Partynacht ein. Zu der Partymusik der Tonightstars wurde lange gefeiert.<\/p>\n\n\n\n<div class=\"wp-block-image\"><figure class=\"aligncenter\"><img loading=\"lazy\" decoding=\"async\" width=\"674\" height=\"489\" src=\"https:\/\/kbv-wiesederfehn.de\/wp-content\/uploads\/2019\/01\/image007.png\" alt=\"\" class=\"wp-image-481\" srcset=\"https:\/\/kbv-wiesederfehn.de\/wp-content\/uploads\/2019\/01\/image007.png 674w, https:\/\/kbv-wiesederfehn.de\/wp-content\/uploads\/2019\/01\/image007-300x218.png 300w, https:\/\/kbv-wiesederfehn.de\/wp-content\/uploads\/2019\/01\/image007-150x109.png 150w\" sizes=\"(max-width: 674px) 100vw, 674px\" \/><\/figure><\/div>\n\n\n\n<p>Im Anschluss an die\nJubil\u00e4umsfeier war die Fotoausstellung zur Vereinsgeschichte&nbsp; vom 11.03.2014 bis zum 21.03.2014 in der\nSchalterhalle der Raiffeisen-Volksbank eG Wiesmoor ausgestellt, viele Besucher\nhaben sich die sehenswerte Ausstellung angesehen. <\/p>\n\n\n\n<p>Das Jubil\u00e4umsjahr 2014 war ein voller Erfolg!<\/p>\n\n\n\n<div class=\"wp-block-image\"><figure class=\"aligncenter\"><img loading=\"lazy\" decoding=\"async\" width=\"552\" height=\"419\" src=\"https:\/\/kbv-wiesederfehn.de\/wp-content\/uploads\/2019\/01\/image008.png\" alt=\"\" class=\"wp-image-480\" srcset=\"https:\/\/kbv-wiesederfehn.de\/wp-content\/uploads\/2019\/01\/image008.png 552w, https:\/\/kbv-wiesederfehn.de\/wp-content\/uploads\/2019\/01\/image008-300x228.png 300w, https:\/\/kbv-wiesederfehn.de\/wp-content\/uploads\/2019\/01\/image008-150x114.png 150w\" sizes=\"(max-width: 552px) 100vw, 552px\" \/><\/figure><\/div>\n\n\n\n<p>Als besondere\nsportliche Veranstaltung war der \u201e1. Fehntjer-RVB-Kloot-Cup\u201c geplant. F\u00fcr\ndieses Feldkampfturnier f\u00fcr Vereinsmannschaften&nbsp;\nmit der Klootkugel stellte sich leider &nbsp;entsprechender Kahlfrost nicht ein. Alle\nvorbereitenden Arbeiten an der ausgesuchten Wettkampfbahn waren umsonst.\nVielleicht klappt es in den n\u00e4chsten Jahren mal mit der Umsetzung dieser neuen\nTurnieridee.<\/p>\n","protected":false},"excerpt":{"rendered":"<p>100-J\u00e4hriges Jubil\u00e4um KBV \u201eHier up an\u201c Wiesederfehn e.V.\u00a0 50 Jahre Damenabteilung R\u00fcckblick auf unser Jubil\u00e4umsjahr 2014: Unser Jubil\u00e4umsjahr 2014 geht mit seinen tollen Veranstaltungen in die Geschichte ein, tolle H\u00f6hepunkte&#8230;<\/p>\n<p class=\"continue-reading-button\"> <a class=\"continue-reading-link\" href=\"https:\/\/kbv-wiesederfehn.de\/?page_id=374\">Mehr lesen<i class=\"crycon-right-dir\"><\/i><\/a><\/p>\n","protected":false},"author":1,"featured_media":0,"parent":0,"menu_order":0,"comment_status":"closed","ping_status":"closed","template":"","meta":{"ngg_post_thumbnail":0,"footnotes":""},"_links":{"self":[{"href":"https:\/\/kbv-wiesederfehn.de\/index.php?rest_route=\/wp\/v2\/pages\/374"}],"collection":[{"href":"https:\/\/kbv-wiesederfehn.de\/index.php?rest_route=\/wp\/v2\/pages"}],"about":[{"href":"https:\/\/kbv-wiesederfehn.de\/index.php?rest_route=\/wp\/v2\/types\/page"}],"author":[{"embeddable":true,"href":"https:\/\/kbv-wiesederfehn.de\/index.php?rest_route=\/wp\/v2\/users\/1"}],"replies":[{"embeddable":true,"href":"https:\/\/kbv-wiesederfehn.de\/index.php?rest_route=%2Fwp%2Fv2%2Fcomments&post=374"}],"version-history":[{"count":6,"href":"https:\/\/kbv-wiesederfehn.de\/index.php?rest_route=\/wp\/v2\/pages\/374\/revisions"}],"predecessor-version":[{"id":560,"href":"https:\/\/kbv-wiesederfehn.de\/index.php?rest_route=\/wp\/v2\/pages\/374\/revisions\/560"}],"wp:attachment":[{"href":"https:\/\/kbv-wiesederfehn.de\/index.php?rest_route=%2Fwp%2Fv2%2Fmedia&parent=374"}],"curies":[{"name":"wp","href":"https:\/\/api.w.org\/{rel}","templated":true}]}}