{"id":3811,"date":"2021-07-05T13:54:56","date_gmt":"2021-07-05T13:54:56","guid":{"rendered":"http:\/\/kbv-wiesederfehn.de\/?page_id=3811"},"modified":"2021-07-05T13:57:33","modified_gmt":"2021-07-05T13:57:33","slug":"fehntjer-cup-macht-in-2021-turnierpause","status":"publish","type":"page","link":"https:\/\/kbv-wiesederfehn.de\/?page_id=3811","title":{"rendered":"Fehntjer Cup macht im Jahr 2021 eine Turnierpause!"},"content":{"rendered":"\n<p><br>Trotz der Lockerungen ist eine Durchf\u00fchrung auch in 2021 in der \u00fcblichen Form nicht<br>m\u00f6glich. Darum legen wir in 2021 leider eine weitere Turnierpause ein!<\/p>\n","protected":false},"excerpt":{"rendered":"<p>Trotz der Lockerungen ist eine Durchf\u00fchrung auch in 2021 in der \u00fcblichen Form nichtm\u00f6glich. Darum legen wir in 2021 leider eine weitere Turnierpause ein!<\/p>\n<p class=\"continue-reading-button\"> <a class=\"continue-reading-link\" href=\"https:\/\/kbv-wiesederfehn.de\/?page_id=3811\">Mehr lesen<i class=\"crycon-right-dir\"><\/i><\/a><\/p>\n","protected":false},"author":1,"featured_media":0,"parent":0,"menu_order":0,"comment_status":"closed","ping_status":"closed","template":"","meta":{"ngg_post_thumbnail":0,"footnotes":""},"_links":{"self":[{"href":"https:\/\/kbv-wiesederfehn.de\/index.php?rest_route=\/wp\/v2\/pages\/3811"}],"collection":[{"href":"https:\/\/kbv-wiesederfehn.de\/index.php?rest_route=\/wp\/v2\/pages"}],"about":[{"href":"https:\/\/kbv-wiesederfehn.de\/index.php?rest_route=\/wp\/v2\/types\/page"}],"author":[{"embeddable":true,"href":"https:\/\/kbv-wiesederfehn.de\/index.php?rest_route=\/wp\/v2\/users\/1"}],"replies":[{"embeddable":true,"href":"https:\/\/kbv-wiesederfehn.de\/index.php?rest_route=%2Fwp%2Fv2%2Fcomments&post=3811"}],"version-history":[{"count":2,"href":"https:\/\/kbv-wiesederfehn.de\/index.php?rest_route=\/wp\/v2\/pages\/3811\/revisions"}],"predecessor-version":[{"id":3814,"href":"https:\/\/kbv-wiesederfehn.de\/index.php?rest_route=\/wp\/v2\/pages\/3811\/revisions\/3814"}],"wp:attachment":[{"href":"https:\/\/kbv-wiesederfehn.de\/index.php?rest_route=%2Fwp%2Fv2%2Fmedia&parent=3811"}],"curies":[{"name":"wp","href":"https:\/\/api.w.org\/{rel}","templated":true}]}}