{"id":420,"date":"2019-01-19T08:56:42","date_gmt":"2019-01-19T08:56:42","guid":{"rendered":"http:\/\/kbv-wiesederfehn.de\/?page_id=420"},"modified":"2026-02-02T10:47:57","modified_gmt":"2026-02-02T10:47:57","slug":"fahnentraeger","status":"publish","type":"page","link":"https:\/\/kbv-wiesederfehn.de\/?page_id=420","title":{"rendered":"Fahnentr\u00e4ger"},"content":{"rendered":"\n<figure class=\"wp-block-table\"><table><tbody><tr><td>Seit der Fahnenweihe am 29.07.1967 begleitet unsere Vereinsfahne unsere Vereinsgeschichte bei vielen fr\u00f6hlichen und feierlichen Anl\u00e4ssen. Aber auch bei Beerdigungen unserer Mitglieder ist unsere Fahne zum letzten Geleit im Einsatz.<\/td><\/tr><\/tbody><\/table><\/figure>\n\n\n\n<p>Folgende Vereinsmitglieder \u00fcbernahmen diese ehrenvolle Aufgabe:<\/p>\n\n\n\n<p>Der Klootschie\u00dfer und Bo\u00dfelerverein &#8222;Hier up an&#8220; Wiesederfehn e.V. ist seinen Fahnentr\u00e4gern f\u00fcr den jahrelangen bzw. jahrzehntelangen Einsatz zu gro\u00dfem Dank verpflichtet!<\/p>\n\n\n\n<p> <\/p>\n\n\n\n<figure class=\"wp-block-table\"><table><tbody><tr><td><strong>Jahr<\/strong><\/td><td><strong>Fahnentr\u00e4ger<\/strong><\/td><td><strong>1. Fahnenjunker<\/strong><\/td><td><strong>2. Fahnenjunker<\/strong><\/td><td><strong>Ersatz<\/strong><\/td><\/tr><tr><td>ab 29.07.67<\/td><td>Heinrich L\u00fcken<\/td><td>Alwin Schoon<\/td><td>Johann Wolken<\/td><\/tr><tr><td>ab 1988<\/td><td>Alwin Schoon<\/td><td>Oskar Beyermann<\/td><td>Johann Martens<\/td><\/tr><tr><td>ab 1992<\/td><td>Alwin Schoon<\/td><td>Oskar Beyermann<\/td><td>Johann Martens<\/td><td>Helmut Dirks<\/td><\/tr><tr><td>ab 1997<\/td><td>Alwin Schoon<\/td><td>Johann Martens<\/td><td>Helmut Dirks<\/td><\/tr><tr><td>ab 1998<\/td><td>Helmut Dirks<\/td><td>Wilhelm Wilken<\/td><td>Magnus Heinen<\/td><td>Ewald Hagedorn<\/td><\/tr><tr><td>ab 2003<\/td><td>Wilhelm Wilken<\/td><td>Magnus Heinen<\/td><td>Ewald Hagedorn<\/td><\/tr><tr><td>ab 2007<\/td><td>Magnus Heinen<\/td><td>Ewald Hagedorn<\/td><\/tr><tr><td>seit 2009&nbsp;<\/td><td>Magnus Heinen<\/td><td>Dieter Osterloh<\/td><td>Kurt Runde<\/td><\/tr><\/tbody><\/table><\/figure>\n\n\n\n<figure class=\"wp-block-table is-style-regular\"><table><tbody><tr><td><strong>Jahr<\/strong><\/td><td><strong>Fahnentr\u00e4ger<\/strong><\/td><td><strong>Fahnenjunker<\/strong><\/td><td><strong>Fahnenjunker<\/strong><\/td><td><strong>Fahnenjunker<\/strong><\/td><td><strong>Fahnenjunker<\/strong><\/td><\/tr><tr><td>ab 2022<\/td><td>Magnus Heinen<\/td><td>Dieter Osterloh<\/td><td>Erhard Gerdes<\/td><td>Richard Hinrichs<\/td><td>R\u00fcdiger Eckstein<\/td><\/tr><tr><td>ab 2026<\/td><td>Magnus Heinen<\/td><td>Daniel Reis<\/td><td>Erhard Gerdes<\/td><td>Richard Hinrichs<\/td><td>R\u00fcdiger Eckstein<\/td><\/tr><\/tbody><\/table><\/figure>\n\n\n\n<p>Der Klootschie\u00dfer und Bo\u00dfelerverein &#8222;Hier up an&#8220; Wiesederfehn e.V. ist seinen Fahnentr\u00e4gern f\u00fcr den jahrelangen bzw. jahrzehntelangen Einsatz zu gro\u00dfem Dank verpflichtet!<\/p>\n\n\n\n<figure class=\"wp-block-table\"><table><tbody><tr><td>30 Jahre<\/td><td>von 1967 &#8211; 1997<\/td><td>Alwin Schoon<\/td><\/tr><tr><td>21 Jahre&nbsp;<\/td><td>von 1967 &#8211; 1988<\/td><td>Johann Wolken<\/td><\/tr><tr><td>20 Jahre<\/td><td>von 1967 &#8211; 1987<\/td><td>Heinrich L\u00fcken<\/td><\/tr><tr><td>17 Jahre<\/td><td>von 2009 &#8211; 2026<\/td><td>Dieter Osterloh<\/td><\/tr><tr><td>13 Jahre<\/td><td>von 2009 &#8211; 2022<\/td><td>Kurt Runde<\/td><\/tr><tr><td>11 Jahre<\/td><td>von 1994 &#8211; 2003<\/td><td>Helmut Dirks<\/td><\/tr><tr><td>11 Jahre<\/td><td>von 1998 &#8211; 2009<\/td><td>Ewald Hagedorn<\/td><\/tr><tr><td>10 Jahre<\/td><td>von 1988 &#8211; 1998<\/td><td>Johann Martens<\/td><\/tr><tr><td>&nbsp; 9 Jahre<\/td><td>von 1998 &#8211; 2007<\/td><td>Wilhelm Wilken<\/td><\/tr><tr><td>&nbsp; 8 Jahre<\/td><td>von 1988 &#8211; 1996<\/td><td>Oskar Beyermann<\/td><\/tr><tr><td><\/td><td>seit 1998<\/td><td>Magnus Heinen<\/td><\/tr><tr><td><\/td><td>seit 2022<\/td><td>Erhard Gerdes<\/td><\/tr><tr><td><\/td><td>seit 2022<\/td><td>Richard Hinrichs<\/td><\/tr><tr><td><\/td><td>seit 2022<\/td><td>R\u00fcdiger Eckstein<\/td><\/tr><tr><td><\/td><td>seit 2026<\/td><td>Daniel Reis<\/td><\/tr><\/tbody><\/table><\/figure>\n\n\n\n<p><\/p>\n","protected":false},"excerpt":{"rendered":"<p>Seit der Fahnenweihe am 29.07.1967 begleitet unsere Vereinsfahne unsere Vereinsgeschichte bei vielen fr\u00f6hlichen und feierlichen Anl\u00e4ssen. Aber auch bei Beerdigungen unserer Mitglieder ist unsere Fahne zum letzten Geleit im Einsatz&#8230;.<\/p>\n<p class=\"continue-reading-button\"> <a class=\"continue-reading-link\" href=\"https:\/\/kbv-wiesederfehn.de\/?page_id=420\">Mehr lesen<i class=\"crycon-right-dir\"><\/i><\/a><\/p>\n","protected":false},"author":1,"featured_media":0,"parent":0,"menu_order":0,"comment_status":"closed","ping_status":"closed","template":"","meta":{"ngg_post_thumbnail":0,"footnotes":""},"_links":{"self":[{"href":"https:\/\/kbv-wiesederfehn.de\/index.php?rest_route=\/wp\/v2\/pages\/420"}],"collection":[{"href":"https:\/\/kbv-wiesederfehn.de\/index.php?rest_route=\/wp\/v2\/pages"}],"about":[{"href":"https:\/\/kbv-wiesederfehn.de\/index.php?rest_route=\/wp\/v2\/types\/page"}],"author":[{"embeddable":true,"href":"https:\/\/kbv-wiesederfehn.de\/index.php?rest_route=\/wp\/v2\/users\/1"}],"replies":[{"embeddable":true,"href":"https:\/\/kbv-wiesederfehn.de\/index.php?rest_route=%2Fwp%2Fv2%2Fcomments&post=420"}],"version-history":[{"count":16,"href":"https:\/\/kbv-wiesederfehn.de\/index.php?rest_route=\/wp\/v2\/pages\/420\/revisions"}],"predecessor-version":[{"id":6295,"href":"https:\/\/kbv-wiesederfehn.de\/index.php?rest_route=\/wp\/v2\/pages\/420\/revisions\/6295"}],"wp:attachment":[{"href":"https:\/\/kbv-wiesederfehn.de\/index.php?rest_route=%2Fwp%2Fv2%2Fmedia&parent=420"}],"curies":[{"name":"wp","href":"https:\/\/api.w.org\/{rel}","templated":true}]}}