{"id":462,"date":"2019-01-20T15:41:33","date_gmt":"2019-01-20T15:41:33","guid":{"rendered":"http:\/\/kbv-wiesederfehn.de\/?page_id=462"},"modified":"2019-01-20T15:42:25","modified_gmt":"2019-01-20T15:42:25","slug":"462-2","status":"publish","type":"page","link":"https:\/\/kbv-wiesederfehn.de\/?page_id=462","title":{"rendered":"Damenabteilung seit 1964"},"content":{"rendered":"\n<h2 class=\"wp-block-heading\">50\nJahre Damenabteilung KBV \u201eHier up an\u201c Wiesederfehn<\/h2>\n\n\n\n<p>Schon l\u00e4nger gab es \u00dcberlegungen\neinen Damenbo\u00dfelverein in Wiesederfehn zu gr\u00fcnden. Auf der Feier zum\n50-j\u00e4hrigen Bestehens des Klootschie\u00dfer- und Bo\u00dfelervereins \u201eHier up an\u201c\nWiesederfehn am 29. Februar 1964 &nbsp;beschlossen dann einige Frauen, es den M\u00e4nnern\ngleichzutun und einen Verein zu gr\u00fcnden. <\/p>\n\n\n\n<p>Nur einen Tag sp\u00e4ter wurde der\nGedanke in die Tat umgesetzt, auf der Gr\u00fcnderversammlung am 01. M\u00e4rz 1964\nversammelten sich 14 Frauen in der Gastwirtschaft Peters in Wiesederfehn.<\/p>\n\n\n\n<p>Zur Durchf\u00fchrung der ersten Wahl\ndes Vorstandes wurde Gerd Asche als Wahlleiter bestimmt, zur 1. Vorsitzende\nwurde Hanni Heudeb\u00fclt gew\u00e4hlt, 2. Vorsitzende wurde Minne Peters, Schriftf\u00fchrerin\nWobkea Gogolin und Kassenwartin wurde Ike Martens. Zu Kassenpr\u00fcferinnen wurden\nNetti Carstens und Frieda Dirks gew\u00e4hlt. Die Gr\u00fcndungsmitglieder waren:<\/p>\n\n\n\n<table class=\"wp-block-table is-style-stripes\"><tbody><tr><td>Minne Peters<\/td><td>K\u00e4the Asche<\/td><\/tr><tr><td>Erna Hedemann<\/td><td>Frieda Dirks<\/td><\/tr><tr><td>Wobkea Gogolin<\/td><td>Margarete Wolken<\/td><\/tr><tr><td>Hanni Heudeb\u00fclt<\/td><td>Anna Gerdes<\/td><\/tr><tr><td>Inge Schoon<\/td><td>Mathilde Aden<\/td><\/tr><tr><td>Anni Otten<\/td><td>Netti Carstens<\/td><\/tr><tr><td>Ike Marken<\/td><td>Gerda Buhr<\/td><\/tr><\/tbody><\/table>\n\n\n\n<p>Der Damenbo\u00dfelverein Wiesederfehn\nwar der erste Frauenverein im Kreisverband Friedeburg, auch im Friesischen\nKlootschie\u00dfer Verband geh\u00f6rte man zu den ersten Damenvereinen. Die\nVereinsgr\u00fcndung in Wiesederfehn war eine Initialz\u00fcndung f\u00fcr viele Damenvereine\nim n\u00e4heren Umkreis. Der erste Freundschaftswettkampf erfolgte gegen die Damen\naus Mullberg. In den ersten Jahren folgten viele Freundschaftswettk\u00e4mpfe gegen\nVereine aus dem n\u00e4heren Umkreis. Solche Freundschaftswettk\u00e4mpfe wurden in der\nRegel damals auf dem Postwege vereinbart, Telefone waren damals nur in den\nwenigsten H\u00e4usern vorhanden.<\/p>\n\n\n\n<p>Aber auch der gesellige Teil kam\nnie zu kurz. Viele \u201eBusfahrten ins Blaue\u201c wurden&nbsp; unternommen,&nbsp;\ndabei wurden viele sch\u00f6ne Orte in Niedersachsen, Hamburg, Bremen und\nSchleswig-Holstein besucht und besichtigt. Eine lange Tradition haben die\nFahrradtouren als abendliche Mondscheinfahrt im Herbst. Regelm\u00e4\u00dfig fanden Kegelpartien\nstatt, bei denen es viele sch\u00f6ne Preise und einen Wanderpokal zu gewinnen gab. Auch\ndas Auswerfen der j\u00e4hrlichen Vereinsmeisterinnen verbunden mit einem Preisbo\u00dfeln\nin den verschiedenen Altersklassen hat eine lange Tradition. Das\nVeranstaltungsjahr endet heute mit einer Adventsfeier, seit einigen Jahren als\nAdventsfr\u00fchst\u00fcck. Fr\u00fcher beendete ein Bo\u00dfelwettkampf gegen die Ehem\u00e4nner\/Partner\ndas Jahr.<\/p>\n\n\n\n<p>Ab der Vereinsgr\u00fcndung f\u00fchrte\nHanni Heudeb\u00fclt 20 Jahre den Damenbo\u00dfelverein Wiesederfehn. Im Januar 1984\nwurde &nbsp;Maria Behrends zur Nachfolgerin\nals 1. Vorsitzende gew\u00e4hlt. Hanni Heudeb\u00fclt wurde als Dank f\u00fcr herausragendes\nehrenamtliches Engagement zum Ehrenmitglied ernannt.<\/p>\n\n\n\n<p>Seit Einf\u00fchrung der Punktspiele\nnahmen immer mindestens zwei Mannschaften im Spielbetrieb des Kreisverbandes\nteil. Sportliche Erfolge sollten nicht lange auf sich warten lassen, so einige\nMeisterschaften konnten in Wiesederfehn gefeiert werden! 1992 wurde Helga\nHagedorn zur 1. Vorsitzenden des Damenbo\u00dfelvereins gew\u00e4hlt. Die Mitgliederzahl\nwuchs auf \u00fcber 60 Frauen an. Die erfolgreiche Arbeit von Maria Behrends wurde\nfortgesetzt. <\/p>\n","protected":false},"excerpt":{"rendered":"<p>50 Jahre Damenabteilung KBV \u201eHier up an\u201c Wiesederfehn Schon l\u00e4nger gab es \u00dcberlegungen einen Damenbo\u00dfelverein in Wiesederfehn zu gr\u00fcnden. Auf der Feier zum 50-j\u00e4hrigen Bestehens des Klootschie\u00dfer- und Bo\u00dfelervereins \u201eHier&#8230;<\/p>\n<p class=\"continue-reading-button\"> <a class=\"continue-reading-link\" href=\"https:\/\/kbv-wiesederfehn.de\/?page_id=462\">Mehr lesen<i class=\"crycon-right-dir\"><\/i><\/a><\/p>\n","protected":false},"author":1,"featured_media":0,"parent":0,"menu_order":0,"comment_status":"closed","ping_status":"closed","template":"","meta":{"ngg_post_thumbnail":0,"footnotes":""},"_links":{"self":[{"href":"https:\/\/kbv-wiesederfehn.de\/index.php?rest_route=\/wp\/v2\/pages\/462"}],"collection":[{"href":"https:\/\/kbv-wiesederfehn.de\/index.php?rest_route=\/wp\/v2\/pages"}],"about":[{"href":"https:\/\/kbv-wiesederfehn.de\/index.php?rest_route=\/wp\/v2\/types\/page"}],"author":[{"embeddable":true,"href":"https:\/\/kbv-wiesederfehn.de\/index.php?rest_route=\/wp\/v2\/users\/1"}],"replies":[{"embeddable":true,"href":"https:\/\/kbv-wiesederfehn.de\/index.php?rest_route=%2Fwp%2Fv2%2Fcomments&post=462"}],"version-history":[{"count":3,"href":"https:\/\/kbv-wiesederfehn.de\/index.php?rest_route=\/wp\/v2\/pages\/462\/revisions"}],"predecessor-version":[{"id":465,"href":"https:\/\/kbv-wiesederfehn.de\/index.php?rest_route=\/wp\/v2\/pages\/462\/revisions\/465"}],"wp:attachment":[{"href":"https:\/\/kbv-wiesederfehn.de\/index.php?rest_route=%2Fwp%2Fv2%2Fmedia&parent=462"}],"curies":[{"name":"wp","href":"https:\/\/api.w.org\/{rel}","templated":true}]}}