{"id":499,"date":"2019-01-20T16:44:13","date_gmt":"2019-01-20T16:44:13","guid":{"rendered":"http:\/\/kbv-wiesederfehn.de\/?page_id=499"},"modified":"2019-01-20T16:44:13","modified_gmt":"2019-01-20T16:44:13","slug":"klootscheeten-bi-uns-up-fehn","status":"publish","type":"page","link":"https:\/\/kbv-wiesederfehn.de\/?page_id=499","title":{"rendered":"Klootscheeten bi uns up Fehn!"},"content":{"rendered":"\n<p><strong>Klootscheeten\nbi uns up Fehn!<\/strong><\/p>\n\n\n\n<div class=\"wp-block-image\"><figure class=\"aligncenter\"><img loading=\"lazy\" decoding=\"async\" width=\"810\" height=\"425\" src=\"https:\/\/kbv-wiesederfehn.de\/wp-content\/uploads\/2019\/01\/image001-3.png\" alt=\"\" class=\"wp-image-500\" srcset=\"https:\/\/kbv-wiesederfehn.de\/wp-content\/uploads\/2019\/01\/image001-3.png 810w, https:\/\/kbv-wiesederfehn.de\/wp-content\/uploads\/2019\/01\/image001-3-300x157.png 300w, https:\/\/kbv-wiesederfehn.de\/wp-content\/uploads\/2019\/01\/image001-3-768x403.png 768w, https:\/\/kbv-wiesederfehn.de\/wp-content\/uploads\/2019\/01\/image001-3-150x79.png 150w\" sizes=\"(max-width: 810px) 100vw, 810px\" \/><\/figure><\/div>\n\n\n\n<p>Unser Verein wird seit\nseiner Gr\u00fcndung 1914 &#8222;Klootschie\u00dfer- und Bo\u00dfelerverein&#8220; genannt. Das\nKlootschie\u00dfen, der urspr\u00fcngliche Friesensport, ist f\u00fcr uns mit einer langen und\nerfolgreichen Tradition verbunden. Viele Medaillen wurden bei Kreis-, Landes-\nund Verbandsmeisterschaften durch unsere Mitglieder gewonnen. Vielfach kamen\nunsere Mitglieder auch bei den Feldk\u00e4mpfen zwischen Ostfriesland und Oldenburg\nzum Einsatz. <\/p>\n\n\n\n<p>Die ersten\nKlootschie\u00dfer warfen ohne, sp\u00e4ter dann mit dem starren Sprungbrett. Reinhard\nund Hermann H\u00f6fing bauten sich einen Anlaufbock mit einer L\u00e4nge von 15 Metern (geneigte\nEbene) zur Erh\u00f6hung der Anlaufgeschwindigkeit vor dem Absprung. Diese\nKonstruktion gab es sonst nirgendwo, die Wurfweiten erh\u00f6hten sich um 5-6 Meter!\nReinhard H\u00f6fing nahm 1930, Fritz L\u00fcken 1934 und August Ahlfs 1934 und 1938 an\nden L\u00e4nderk\u00e4mpfen der Klootschie\u00dfer gegen Oldenburg und Schleswig-Holstein\nteil. Den H\u00f6hepunkt der Leistungsst\u00e4rke erreichten unsere Klootschie\u00dfer im\nJahre 1937, als man &#8222;heel Ostfreesland&#8220; zum Feldkampf herausforderte.\nLeider ist es aus verschiedenen Gr\u00fcnden nicht zu diesem Wettkampf gekommen.<\/p>\n\n\n\n<p>In den sp\u00e4ten 60-iger\nund 70-iger Jahren nahmen Helmut und Martin Siefken erfolgreich an\nVergleichsk\u00e4mpfen auf Kreis- und Verbandsebene teil und kamen bei den\nL\u00e4nderfeldk\u00e4mpfen zum Einsatz. Bedingt durch Wohnortwechsel erfolgten sp\u00e4ter\ndann Vereinswechsel zu anderen Vereinen, beide erzielten in ihrer\nSportlerlaufbahn weiterhin \u00fcber viele Jahrzehnte herausragende Erfolge. Martin\nSiefken siegte bei den Europameisterschaft 1969\/70\/72\/77. Ab Mitte der 80-iger\nJahre wurde Holger Wilken mehrfach in die ostfriesischen&nbsp; L\u00e4ndermannschaften berufen und konnte zu\neinigen Erfolgen gegen den Landesverband Oldenburg beitragen. Als letztem Werfer\nunseres Vereins gelang dies Sebastian Gerdes, sowohl f\u00fcr die Jugendmannschaft\nwie auch f\u00fcr die Juniorenmannschaft des Landesverbandes Ostfriesland&nbsp; kam Sebastian erfolgreich zum Einsatz.<\/p>\n\n\n\n<p>26 Siege im Feldkampf\num die Wanderfahne des Kreisverbandes Friedeburg sind und bleiben herausragende\nErfolge in unserer Vereinsgeschichte. Erinnert werden muss dabei an die\nKlootschie\u00dfer August Ahlfs, Fritz L\u00fcken, Reinhard und Hermann H\u00f6fing, Johann\nBecker, Ulrich Kruse, Hermann Renken und Johann Gerdes. Nach dem 2. Weltkrieg\nwurde die Verbandswanderfahne vor dem Zugriff der alliierten Besatzungsm\u00e4chte\nwohlverpackt unter einem Torfhaufen verwahrt. Sofort nach dem Kriegsende\nbeantragte der damalige B\u00fcrgermeister von Wiesederfehn Hinrich Asche, mit\nUnterst\u00fctzung des Klootscheeterbaas Heinke Tjarks (Ehrenvorsitzender des FKV), die\nWiederzulassung des Klootschie\u00dfens. Anf\u00e4nglich wurde das Klootschie\u00dfen mit der\nSilbe &#8222;Schie\u00dfen&#8220; argw\u00f6hnisch von den Alliierten in der Kreisstadt\nWittmund als milit\u00e4rische \u00dcbung betrachtet.<\/p>\n\n\n\n<div class=\"wp-block-image\"><figure class=\"aligncenter\"><img loading=\"lazy\" decoding=\"async\" width=\"1024\" height=\"621\" src=\"https:\/\/kbv-wiesederfehn.de\/wp-content\/uploads\/2019\/01\/image003-3-1024x621.png\" alt=\"\" class=\"wp-image-502\" srcset=\"https:\/\/kbv-wiesederfehn.de\/wp-content\/uploads\/2019\/01\/image003-3-1024x621.png 1024w, https:\/\/kbv-wiesederfehn.de\/wp-content\/uploads\/2019\/01\/image003-3-300x182.png 300w, https:\/\/kbv-wiesederfehn.de\/wp-content\/uploads\/2019\/01\/image003-3-768x466.png 768w, https:\/\/kbv-wiesederfehn.de\/wp-content\/uploads\/2019\/01\/image003-3-150x91.png 150w, https:\/\/kbv-wiesederfehn.de\/wp-content\/uploads\/2019\/01\/image003-3.png 1126w\" sizes=\"(max-width: 1024px) 100vw, 1024px\" \/><\/figure><\/div>\n\n\n\n<p>1993 \u2013 M\u00fcggenkrug:<\/p>\n\n\n\n<p>Cedi Toben, Holger Wilken, Helmut\nDirks, Hinrich Asche, Erwin Habben, Hermann Hartmann<\/p>\n\n\n\n<p>Dennoch \u00fcbten die\nKlootschie\u00dfer der 2. und 3. Generation in Wiesederfehn ihren Friesensport aus.<\/p>\n\n\n\n<p>Die Namen der aktiven\nWerfer (nach 1945) sind Hinrich Harms, Gerd Asche, Helmut und Martin Siefken,\nGustav Gerdes, Karl Meyer, Helmut Dirks, Georg Ahlfs, Hermann Hartmann, Hinrich\nAsche, Karl Dirks, Johann Behrends, Gerhard (Cedi) Toben, Erwin Habben, Holger\nWilken und Sebastian Gerdes. Das Klootschie\u00dfen ist und bleibt der urspr\u00fcngliche\nFriesensport in winterlicher Landschaft, mit seinen Klootschie\u00dfern,\nBahnweisern, Fahnentr\u00e4gern, K\u00e4klern und M\u00e4klern. <\/p>\n\n\n\n<p>In der j\u00fcngsten\nVergangenheit k\u00f6nnen wir nicht an die gro\u00dfen Erfolge im Kampf um die\nWanderfahne ankn\u00fcpfen, trotzdem sind wir bei jedem Feldkampf mit Leidenschaft\ndabei. Wir hoffen durch erfolgreiche Jugendf\u00f6rderung auch wieder einmal um den\nSieg mitwerfen zu k\u00f6nnen. In Wiesederfehn liegen aber immer bereit:\nSprungbrett, Matten, D\u00fcssel, Stockleger und die schnellen Kloote!<\/p>\n\n\n\n<div class=\"wp-block-image\"><figure class=\"aligncenter\"><img loading=\"lazy\" decoding=\"async\" width=\"677\" height=\"530\" src=\"https:\/\/kbv-wiesederfehn.de\/wp-content\/uploads\/2019\/01\/image005-1.png\" alt=\"\" class=\"wp-image-501\" srcset=\"https:\/\/kbv-wiesederfehn.de\/wp-content\/uploads\/2019\/01\/image005-1.png 677w, https:\/\/kbv-wiesederfehn.de\/wp-content\/uploads\/2019\/01\/image005-1-300x235.png 300w, https:\/\/kbv-wiesederfehn.de\/wp-content\/uploads\/2019\/01\/image005-1-150x117.png 150w\" sizes=\"(max-width: 677px) 100vw, 677px\" \/><\/figure><\/div>\n\n\n\n<p>2013 Wiesedermeer<\/p>\n\n\n\n<p>Stephan Gerdes, Bodo Heinen, Lars\nLammers, Holger Wilken, Lennart Thiemann<\/p>\n","protected":false},"excerpt":{"rendered":"<p>Klootscheeten bi uns up Fehn! Unser Verein wird seit seiner Gr\u00fcndung 1914 &#8222;Klootschie\u00dfer- und Bo\u00dfelerverein&#8220; genannt. Das Klootschie\u00dfen, der urspr\u00fcngliche Friesensport, ist f\u00fcr uns mit einer langen und erfolgreichen Tradition&#8230;<\/p>\n<p class=\"continue-reading-button\"> <a class=\"continue-reading-link\" href=\"https:\/\/kbv-wiesederfehn.de\/?page_id=499\">Mehr lesen<i class=\"crycon-right-dir\"><\/i><\/a><\/p>\n","protected":false},"author":1,"featured_media":0,"parent":0,"menu_order":0,"comment_status":"closed","ping_status":"closed","template":"","meta":{"ngg_post_thumbnail":0,"footnotes":""},"_links":{"self":[{"href":"https:\/\/kbv-wiesederfehn.de\/index.php?rest_route=\/wp\/v2\/pages\/499"}],"collection":[{"href":"https:\/\/kbv-wiesederfehn.de\/index.php?rest_route=\/wp\/v2\/pages"}],"about":[{"href":"https:\/\/kbv-wiesederfehn.de\/index.php?rest_route=\/wp\/v2\/types\/page"}],"author":[{"embeddable":true,"href":"https:\/\/kbv-wiesederfehn.de\/index.php?rest_route=\/wp\/v2\/users\/1"}],"replies":[{"embeddable":true,"href":"https:\/\/kbv-wiesederfehn.de\/index.php?rest_route=%2Fwp%2Fv2%2Fcomments&post=499"}],"version-history":[{"count":1,"href":"https:\/\/kbv-wiesederfehn.de\/index.php?rest_route=\/wp\/v2\/pages\/499\/revisions"}],"predecessor-version":[{"id":503,"href":"https:\/\/kbv-wiesederfehn.de\/index.php?rest_route=\/wp\/v2\/pages\/499\/revisions\/503"}],"wp:attachment":[{"href":"https:\/\/kbv-wiesederfehn.de\/index.php?rest_route=%2Fwp%2Fv2%2Fmedia&parent=499"}],"curies":[{"name":"wp","href":"https:\/\/api.w.org\/{rel}","templated":true}]}}