{"id":510,"date":"2019-01-20T16:57:32","date_gmt":"2019-01-20T16:57:32","guid":{"rendered":"http:\/\/kbv-wiesederfehn.de\/?page_id=510"},"modified":"2019-01-20T16:57:32","modified_gmt":"2019-01-20T16:57:32","slug":"em-teilnehmer-aus-wiesederfehn","status":"publish","type":"page","link":"https:\/\/kbv-wiesederfehn.de\/?page_id=510","title":{"rendered":"EM-Teilnehmer aus Wiesederfehn"},"content":{"rendered":"\n<p><strong>Erfolgreiche\nWiesederfehner bei den Europameisterschaften!<\/strong><\/p>\n\n\n\n<p>1969 fanden die ersten\nEuropameisterschaften im Bo\u00dfeln und Klootschie\u00dfen in Losser \/ Niederlande\nstatt. Die zweite Begegnung erfolgte bereits 1970 in Cork \/ Irland, dann fanden\ndie Europameisterschaften in einem 2- bzw. 3-Jahres-Rhythmus statt. Seit 1980\nfinden die Europameisterschaften bis heute in einem 4- Jahres-Rhythmus statt.<\/p>\n\n\n\n<p>Die ersten Teilnehmer\nmit einem sportlichen Ursprung in Wiesederfehn waren die Br\u00fcder <strong>Martin und Helmut Siefken<\/strong> aus Hopels.\nDie ersten Erfolge ihrer langen Sportlerlaufbahn erzielten sie noch f\u00fcr unseren\nVerein. Bedingt durch Wohnortwechsel erfolgten sp\u00e4ter dann Wechsel zu anderen\nVereinen. Mehrfach konnten sich sp\u00e4ter die beiden Br\u00fcder f\u00fcr die\nFKV-Mannschaften qualifizieren, herausragend in der FKV-Sportgeschichte sind\ndie vier EM-Siege von Martin Siefken, er siegte bei den Europameisterschaft\n1969\/70\/72\/77. <\/p>\n\n\n\n<p><strong>Holger\nWilken<\/strong> war 1988 in Norden dann der erste Teilnehmer des\nKBV Wiesederfehn. Holger qualifizierte sich \u00fcber viele Ausscheidungswerfen f\u00fcr\ndie FKV-Jugendmannschaft im Eisenkugelwerfen. Bei seinem EM-Deb\u00fct konnte Holger\neinen guten 9. Platz im Einzel belegen. Nat\u00fcrlich wurde Holger bei seinem\nWettkampf von Wiesederfehner \u201eSchlachtenbummlern\u201c begleitet und angefeuert, f\u00fcr\ndie jugendlichen Vereinsmitglieder hatte dies noch einen sch\u00f6nen Nebeneffekt \u2013\nes konnte der Samstagsschulunterricht geschw\u00e4nzt werden!<\/p>\n\n\n\n<p>Holger trainierte in\nden folgenden Jahren hart mit der Eisenkugel und sicherte sich mehrfach in\ndieser Disziplin Medaillen bei Kreis-, Landes- und FKV-Meisterschaften. 1991\nbegannen dann die Qualifikationswerfen f\u00fcr die EM-Mannschaft 1992. \u00dcber 15\nAusscheidungswerfen ab Kreisebene waren zu absolvieren, als Zweiter der\nQualifikation hie\u00df es f\u00fcr Holger schlie\u00dflich \u201eauf nach Irland\u201c. Mit rund 1500\nFans startete der FKV auf die Reise zur gr\u00fcnen Insel, auch einige\nWiesederfehner Fans reisten mit Bussen oder Motorr\u00e4dern nach Cork. Die Fans\nerlebten einen denkw\u00fcrdigen EM-Wettkampf von Holger. Wie ein Uhrwerk spulte\nHolger einen \u00fcberragenden Wettkampf ab, er gewann als bester FKV-ler die<strong> Bronzemedaille<\/strong>. Aber auch der\nFKV-Mannschaft gelang der gro\u00dfe Coup mit Mannschaftsgold, die Iren wurden auf\nder Heimstrecke in Cork besiegt! Holger war j\u00fcngstes Mitglied der\nM\u00e4nnermannschaft, die aus vielen herausragenden Einzelsportlern wie Hans-Georg\nBohlken, Harm Henkel, Hans-J\u00fcrgen Holzenk\u00e4mpfer, Stefan Albarus, Frido Walter\nu.a. bestand. <\/p>\n\n\n\n<div class=\"wp-block-image\"><figure class=\"aligncenter\"><img loading=\"lazy\" decoding=\"async\" width=\"512\" height=\"452\" src=\"https:\/\/kbv-wiesederfehn.de\/wp-content\/uploads\/2019\/01\/image001-4.png\" alt=\"\" class=\"wp-image-512\" srcset=\"https:\/\/kbv-wiesederfehn.de\/wp-content\/uploads\/2019\/01\/image001-4.png 512w, https:\/\/kbv-wiesederfehn.de\/wp-content\/uploads\/2019\/01\/image001-4-300x265.png 300w, https:\/\/kbv-wiesederfehn.de\/wp-content\/uploads\/2019\/01\/image001-4-150x132.png 150w\" sizes=\"(max-width: 512px) 100vw, 512px\" \/><\/figure><\/div>\n\n\n\n<p>Stolz auf den gro\u00dfen\nErfolg waren nat\u00fcrlich auch die Daheimgebliebenen und es wurde ein sch\u00f6ner Empfang\nvorbereitet. Nach seiner Ankunft wurde Holger zu einem Umzug mit Musik und\nVereinsfahne abgeholt, anschlie\u00dfend wurde z\u00fcnftig bei Holgers Eltern Erna und\nWilli gefeiert. Der Gewinn der EM-Bronzemedaille ist zweifelsohne der gr\u00f6\u00dfte\nsportliche Erfolg, aber auch die vielen anderen Momente dieser EM-Reise bleiben\nwohl unvergessen.<\/p>\n\n\n\n<p>2000 gelang Holger eine\nweitere Qualifikation f\u00fcr die Eisenkugelmannschaft bei der EM in Meldorf,\nSchleswig-Holstein. Ein toller siebter Platz in der Einzelwertung war Lohn einer\nguten Leistung. 12 Jahre sp\u00e4ter im Jahr 2012 qualifizierte Holger sich erneut\nf\u00fcr die Eisenkugelmannschaft bei der EM in Pesaro, Italien. Auf der h\u00fcgeligen\nund unebenen Strecke lief es f\u00fcr Holger diesmal bei der vierten EM-Teilnahme&nbsp; nicht so gut, aber auch die gesamte\nMannschaft des FKV musste eine deutliche Niederlage gegen die anderen\nTeilnehmerverb\u00e4nde einstecken. Aber zum Sport geh\u00f6ren Niederlagen dazu, auch\ndie Teilnahme bei einer EM ist ein gro\u00dfer Erfolg, von dem\ndie meisten Friesensportler nur tr\u00e4umen k\u00f6nnen.<\/p>\n\n\n\n<p>Bei der\nEuropameisterschaft 2000 in Meldorf konnte sich <strong>Sebastian Gerdes<\/strong> auch den Traum einer EM-Teilnahme erf\u00fcllen. Als\nerst 14-J\u00e4hriger nahm er mit Erfolg an den vielen Qualifikationswerfen teil,\nmit einem Tagessieg in einem Ausscheidungswerfen in Dringenburg konnte er sich\nschlie\u00dflich in der Spitzengruppe der Jugendqualifikation festsetzen und sich\nein begehrtes EM-Ticket sichern. Als j\u00fcngstes Mitglied der gesamten\nFKV-Mannschaft startete Sebastian in sein EM-Abenteuer. Somit gingen bei der EM\nim Jahr 2000 zwei Teilnehmer aus Wiesederfehn an den Start, nat\u00fcrlich waren\nauch hier wieder zahlreiche Betreuer und Fans aus unserem Verein dabei.\nSportlich erzielte Sebastian einen Mittelfeldplatz, das Werfen vor vielen\nZuschauern bei einer Europameisterschaft bedeuteten einen enormen\nLeistungsdruck. Die Teilnahme an einer EM ist bislang der gr\u00f6\u00dfte sportliche\nErfolg Sebastians und wird sicher f\u00fcr ihn unvergesslich bleiben. <\/p>\n\n\n\n<p>\u00dcbrigens, eigentlich\nw\u00e4re Sebastian am EM-Wochenende konfirmiert worden, die Konfirmation musste wegen\nder EM-Teilnahme einige Wochen sp\u00e4ter nachgeholt werden!<\/p>\n\n\n\n<p><strong>Holger\nWilken gewinnt bei 5. EM-Teilnahme am 06.05.2016 noch einmal Bronze im Einzel\nmit der Eisenkugel!<\/strong><\/p>\n\n\n\n<p>Holger qualifizierte\nsich mit der Silbermedaille bei den Kreismeisterschaften f\u00fcr die\nLandesmeisterschaften. Mit einer super Leistung konnte sich Holger hier am 21.\nJuni 2015 den Titel des Landesmeisters sichern (und aus 2014 verteidigen!) und\ndamit gleichzeitig auch einen Startplatz in der Championstour 2015\/2016 ergattern.\nDie Championstour 2015\/2016, und damit die EM-Qualifikation, begann mit 2\nTerminen in Wittenheim. Bei der 1. Runde verpasste Holger um 8 Meter auf Platz\n13 der Tageswertung noch Punkte f\u00fcr die Gesamtwertung. Bei der 2. Runde fand\nHolger aber die Ideallinie als Tagessieger und sicherte sich somit 15. Punkte\nf\u00fcr die Gesamtwertung, hier war der 3. Platz der Lohn. Auch bei der 3. Runde\nauf der Fuhrenkampstra\u00dfe in Zetel-Osterende gelang mit Platz 4 wieder ein sehr\nguter Wettkampf, die weiteren 9 Punkte bedeuteten weiterhin Platz 3 in der\nGesamtwertung. <\/p>\n\n\n\n<p>Bei den Runden 4 und 5\nin Dunum und Spohle konnte Holger sich keine Punkte sichern, trotzdem konnte er\nden 6. Platz der Gesamtwertung halten. Bei der 6. Runde in Hollwege l\u00f6ste\nHolger dann vorzeitig sein EM-Ticket, mit toller Leistung bedeutete der 4.\nPlatz der Tageswertung wieder 9 Punkte und Platz 4 der Gesamtwertung. Bei der\n7. Runde in Wiesede konnte Holger keine Punkte mehr verbuchen, mit 33 Punkten\nund Platz 5 der Gesamtwertung war die 5. EM-Qualifikation geschafft. 1988 in\nNorden begannen die Internationalen Wettk\u00e4mpfe bei Europameisterschaften f\u00fcr\nHolger, als einer von wenigen FKV-Sportler hat es Holger geschafft bei 5\nEM-Teilnahmen in allen 5 IBA-Verb\u00e4nde dabei zu sein!<\/p>\n\n\n\n<p><strong>06.\nMai 2016 \u2013 Tilligte, Holland&nbsp;&nbsp;&nbsp;&nbsp;&nbsp; <\/strong><\/p>\n\n\n\n<div class=\"wp-block-image\"><figure class=\"aligncenter\"><img loading=\"lazy\" decoding=\"async\" width=\"497\" height=\"275\" src=\"https:\/\/kbv-wiesederfehn.de\/wp-content\/uploads\/2019\/01\/image003-1.jpg\" alt=\"\" class=\"wp-image-511\" srcset=\"https:\/\/kbv-wiesederfehn.de\/wp-content\/uploads\/2019\/01\/image003-1.jpg 497w, https:\/\/kbv-wiesederfehn.de\/wp-content\/uploads\/2019\/01\/image003-1-300x166.jpg 300w, https:\/\/kbv-wiesederfehn.de\/wp-content\/uploads\/2019\/01\/image003-1-150x83.jpg 150w\" sizes=\"(max-width: 497px) 100vw, 497px\" \/><\/figure><\/div>\n\n\n\n<p>Ein Bus mit Fans aus\nWiesederfehn startete am Morgen um Holger bei dem Wettkampf zu begleiten. Es\nsollte ein denkw\u00fcrdiges Erlebnis werden.<\/p>\n\n\n\n<p>Vor rd. 5000 Zuschauern\ngelang Holger ein spektakul\u00e4rer Wettkampf. Alle 10 W\u00fcrfe konnte Holger gut\nplatziert auf die Stra\u00dfe bringen und die entscheidenden Kurven optimal\ndurchwerfen. In seiner Paarung konnte er den favorisierten Iren von Beginn an\nunter Druck setzen und die F\u00fchrung in dieser Paarung \u00fcbernehmen. Der 4. und 8.\nWurf mit je \u00fcber&nbsp; 200 Metern erm\u00f6glichten\nletztlich eine Traumweite von 1631,25 Metern. Viele favorisierte Werfer konnte\nHolger hinter sich lassen, nur zwei Iren (David und Aidan Murphy) konnten sich\nknapp vor Holger in der Gesamtwertung setzen. Ziel war ein guter Wettkampf\ngewesen mit einer guten pers\u00f6nlichen Leistung, das erreichte war kaum fassbar\nund entsprechend gro\u00df war die Freude, nat\u00fcrlich auch bei den mitgereisten Fans.\nMit einem gro\u00dfem Umzug durch Wiesederfehn und Wiesmoor und einem Empfang am\nRathaus und einer z\u00fcnftigen Feier wurde die Medaille auch nach der\nEuropameisterschaft gefeiert.<\/p>\n\n\n\n<figure class=\"wp-block-image\"><img loading=\"lazy\" decoding=\"async\" width=\"1024\" height=\"680\" src=\"https:\/\/kbv-wiesederfehn.de\/wp-content\/uploads\/2019\/01\/image004-4-1024x680.png\" alt=\"\" class=\"wp-image-513\" srcset=\"https:\/\/kbv-wiesederfehn.de\/wp-content\/uploads\/2019\/01\/image004-4-1024x680.png 1024w, https:\/\/kbv-wiesederfehn.de\/wp-content\/uploads\/2019\/01\/image004-4-300x199.png 300w, https:\/\/kbv-wiesederfehn.de\/wp-content\/uploads\/2019\/01\/image004-4-768x510.png 768w, https:\/\/kbv-wiesederfehn.de\/wp-content\/uploads\/2019\/01\/image004-4-150x100.png 150w, https:\/\/kbv-wiesederfehn.de\/wp-content\/uploads\/2019\/01\/image004-4.png 1218w\" sizes=\"(max-width: 1024px) 100vw, 1024px\" \/><\/figure>\n","protected":false},"excerpt":{"rendered":"<p>Erfolgreiche Wiesederfehner bei den Europameisterschaften! 1969 fanden die ersten Europameisterschaften im Bo\u00dfeln und Klootschie\u00dfen in Losser \/ Niederlande statt. Die zweite Begegnung erfolgte bereits 1970 in Cork \/ Irland, dann&#8230;<\/p>\n<p class=\"continue-reading-button\"> <a class=\"continue-reading-link\" href=\"https:\/\/kbv-wiesederfehn.de\/?page_id=510\">Mehr lesen<i class=\"crycon-right-dir\"><\/i><\/a><\/p>\n","protected":false},"author":1,"featured_media":0,"parent":0,"menu_order":0,"comment_status":"closed","ping_status":"closed","template":"","meta":{"ngg_post_thumbnail":0,"footnotes":""},"_links":{"self":[{"href":"https:\/\/kbv-wiesederfehn.de\/index.php?rest_route=\/wp\/v2\/pages\/510"}],"collection":[{"href":"https:\/\/kbv-wiesederfehn.de\/index.php?rest_route=\/wp\/v2\/pages"}],"about":[{"href":"https:\/\/kbv-wiesederfehn.de\/index.php?rest_route=\/wp\/v2\/types\/page"}],"author":[{"embeddable":true,"href":"https:\/\/kbv-wiesederfehn.de\/index.php?rest_route=\/wp\/v2\/users\/1"}],"replies":[{"embeddable":true,"href":"https:\/\/kbv-wiesederfehn.de\/index.php?rest_route=%2Fwp%2Fv2%2Fcomments&post=510"}],"version-history":[{"count":1,"href":"https:\/\/kbv-wiesederfehn.de\/index.php?rest_route=\/wp\/v2\/pages\/510\/revisions"}],"predecessor-version":[{"id":514,"href":"https:\/\/kbv-wiesederfehn.de\/index.php?rest_route=\/wp\/v2\/pages\/510\/revisions\/514"}],"wp:attachment":[{"href":"https:\/\/kbv-wiesederfehn.de\/index.php?rest_route=%2Fwp%2Fv2%2Fmedia&parent=510"}],"curies":[{"name":"wp","href":"https:\/\/api.w.org\/{rel}","templated":true}]}}