{"id":515,"date":"2019-01-20T16:59:08","date_gmt":"2019-01-20T16:59:08","guid":{"rendered":"http:\/\/kbv-wiesederfehn.de\/?page_id=515"},"modified":"2019-01-20T16:59:08","modified_gmt":"2019-01-20T16:59:08","slug":"sommerfeste-u-fehntjer-cup-ab-1996","status":"publish","type":"page","link":"https:\/\/kbv-wiesederfehn.de\/?page_id=515","title":{"rendered":"Sommerfeste  u. Fehntjer Cup ab 1996"},"content":{"rendered":"\n<p><strong>Bo\u00dfelturnier\n\u201eFehntjer Cup\u201c!<\/strong><\/p>\n\n\n\n<p>Bis Anfang der 90-iger\nJahre richteten viele Vereine \u00fcber Jahrzehnte im Zuge eines Sommer-Bo\u00dfelfestes\nein Pokalwerfen f\u00fcr Vereinsmannschaften aus. Auch bei uns nahmen oft zwischen\n30-40 Vereinsmannschaften an diesen Pokalwerfen teil. Anfang der 90-iger Jahre\nnahmen aber immer weniger Mannschaften an diesen Sommerfesten teil, viele\nVereine mussten die Ausrichtung mangels ausreichender Teilnehmerzahlen\neinstellen. Neue Ideen waren auch f\u00fcr unser Bo\u00dfel- und Sommerfest in Wiesederfehn\ngefragt. <\/p>\n\n\n\n<p>Der KBV Zetel-Osterende\nhatte erstmals 1994 ein Turnier f\u00fcr 2er-Mannschaften um&nbsp; attraktive Geldpreise angeboten. Diese Idee\nwurde auch von uns aufgenommen \u2013 <strong>der\nFehntjer Cup wurde geboren<\/strong>! Erstmals wurde 1996 ein Bo\u00dfelturnier f\u00fcr M\u00e4nner-Mannschaften\nangeboten, eingeladen waren jeweils 3er-Teams. Als erste Siegermannschaft\nkonnten sich Harm Henkel, Frido Walter und Michael Romanesen aus Pfalzdorf den\nWanderpokal und den gro\u00dfen Siegerscheck sichern. Ab 1997 wurde das Turnier f\u00fcr\nDamen-Mannschaften erstmals ausgerichtet, hier sicherte sich das Team um\nKerstin Friedrichs aus Dietrichsfeld&nbsp; bei\nder Premiere den Sieg. Sieben Damen-Turniere fanden bis 2003 statt, leider\nreichten die Teilnehmerzahlen f\u00fcr eine Fortf\u00fchrung nicht aus, als letzte Sieger\ndes Damenturniers setzten sich Rena Ahlrichs, Elke Collmann und Andrea Tjardes\naus M\u00fcggenkrug durch. <\/p>\n\n\n\n<p>2004 ersetzte das\nMixedturnier das Turnier der Damen-Mannschaften. Im Gegensatz zum M\u00e4nnerturnier\nm\u00fcssen die Mannschaftsmitglieder nicht einem Verein angeh\u00f6ren, den\nPremierensieg sicherten sich Heike de Buhr (Ihlowerfehn) und Erich Tunder\n(Pfalzdorf). Unser Bo\u00dfelturnier ist das \u00e4lteste Turnier seiner Art in\nOstfriesland und hat einen festen Platz im Veranstaltungskalender der\nFriesensportler gefunden. Die Teilnehmerzahlen sind in beiden Turnieren auf\njeweils 48 Mannschaften begrenzt.<\/p>\n\n\n\n<p>Ein besonderes Flair erh\u00e4lt das\nTurnier um den \u201eFehntjer-Cup\u201c zudem durch das gleichzeitig stattfindende\nVereins- und Sommerfest am Dorfgemeinschaftshaus. Wertvolle Sachpreise sind auf\neiner Kl\u00fcterbahn und in einer Verlosung zu gewinnen. Die \u201eFehntjer \u2013\nSommernacht\u201c, die \u201eBo\u00dflerparty\u201c und eine \u201eAbschlussfete\u201c mit Verlosung am\nSonntag runden das Programm ab. Das gesamte Turnier und auch die Bewirtung werden\nvon uns ehrenamtlich organisiert, am Turnier- und Festwochenende tragen 120\nVereinsmitglieder durch \u00dcbernahme eines 4-st\u00fcndigen Dienstes zum guten Gelingen\nbei. <\/p>\n\n\n\n<p><strong>Auf unsere\nMitglieder ist Verlass!<\/strong><\/p>\n","protected":false},"excerpt":{"rendered":"<p>Bo\u00dfelturnier \u201eFehntjer Cup\u201c! Bis Anfang der 90-iger Jahre richteten viele Vereine \u00fcber Jahrzehnte im Zuge eines Sommer-Bo\u00dfelfestes ein Pokalwerfen f\u00fcr Vereinsmannschaften aus. Auch bei uns nahmen oft zwischen 30-40 Vereinsmannschaften&#8230;<\/p>\n<p class=\"continue-reading-button\"> <a class=\"continue-reading-link\" href=\"https:\/\/kbv-wiesederfehn.de\/?page_id=515\">Mehr lesen<i class=\"crycon-right-dir\"><\/i><\/a><\/p>\n","protected":false},"author":1,"featured_media":0,"parent":0,"menu_order":0,"comment_status":"closed","ping_status":"closed","template":"","meta":{"ngg_post_thumbnail":0,"footnotes":""},"_links":{"self":[{"href":"https:\/\/kbv-wiesederfehn.de\/index.php?rest_route=\/wp\/v2\/pages\/515"}],"collection":[{"href":"https:\/\/kbv-wiesederfehn.de\/index.php?rest_route=\/wp\/v2\/pages"}],"about":[{"href":"https:\/\/kbv-wiesederfehn.de\/index.php?rest_route=\/wp\/v2\/types\/page"}],"author":[{"embeddable":true,"href":"https:\/\/kbv-wiesederfehn.de\/index.php?rest_route=\/wp\/v2\/users\/1"}],"replies":[{"embeddable":true,"href":"https:\/\/kbv-wiesederfehn.de\/index.php?rest_route=%2Fwp%2Fv2%2Fcomments&post=515"}],"version-history":[{"count":1,"href":"https:\/\/kbv-wiesederfehn.de\/index.php?rest_route=\/wp\/v2\/pages\/515\/revisions"}],"predecessor-version":[{"id":516,"href":"https:\/\/kbv-wiesederfehn.de\/index.php?rest_route=\/wp\/v2\/pages\/515\/revisions\/516"}],"wp:attachment":[{"href":"https:\/\/kbv-wiesederfehn.de\/index.php?rest_route=%2Fwp%2Fv2%2Fmedia&parent=515"}],"curies":[{"name":"wp","href":"https:\/\/api.w.org\/{rel}","templated":true}]}}