{"id":517,"date":"2019-01-20T16:59:53","date_gmt":"2019-01-20T16:59:53","guid":{"rendered":"http:\/\/kbv-wiesederfehn.de\/?page_id=517"},"modified":"2019-01-20T16:59:53","modified_gmt":"2019-01-20T16:59:53","slug":"vereinsheim-dorfgemeinschaftshaus","status":"publish","type":"page","link":"https:\/\/kbv-wiesederfehn.de\/?page_id=517","title":{"rendered":"Vereinsheim Dorfgemeinschaftshaus"},"content":{"rendered":"\n<p><strong>Dorfgemeinschaftshaus\nWiesederfehn \u2013 seit 22.06.1996<\/strong><\/p>\n\n\n\n<p><strong>\u201eVereinslokal\u201c\ndes KBV \u201eHier up an\u201c Wiesederfehn <\/strong><\/p>\n\n\n\n<p>Unser Verein gr\u00fcndete\nsich am 28.02.1914 in der damaligen Gastwirtschaft Peters an der Hauptstra\u00dfe in\nWiesederfehn, die ersten 23 Jahre blieb hier auch das Vereinslokal. Im Jahr\n1937 gab es einen Wechsel des Vereinslokals von der Gastwirtschaft Peters zu\nder damaligen Gastwirtschaft Oltmann Kruse, im Volksmund \u201eMutter Kruse\u201c\ngenannt. Ein kleiner Saalbetrieb und eine B\u00fchne waren von Vorteil. W\u00e4hrend der\nZeit des 2. Weltkrieges blieb hier das Vereinslokal, dann erfolgte ein Wechsel\nzur\u00fcck zur Gastwirtschaft Peters. In den zuk\u00fcnftigen Jahrzehnten wechselten\nzwar mehrfach die Inhaber der sogenannten Gastwirtschaft Peters, der Verein blieb\naber immer seinem Gr\u00fcndungsort treu. Leider schlossen sich am 31.05.1992 die\nT\u00fcren der damaligen \u201eMoor-Quelle\u201c endg\u00fcltig.<\/p>\n\n\n\n<p>Das Vereinslokal\nwechselte zum Hotel \u201eFriesengeist\u201c nach Wiesmoor. Es fanden nun unsere\nVereinsversammlungen und das Wintervergn\u00fcgen im \u201eFriesengeist\u201c statt, auch konnten\nwir unsere Vereinsfahne und viele Pokale und Unterlagen hier unterbringen.\nGleichzeitig fand unser Verein aber auch Unterschlupf nach Wettk\u00e4mpfen und\nTraining in der Scheune von Helmut und Frieda Dirks am Hopelser Weg, noch heute\nverbringen insbesondere unsere Seniorengruppen hier immer viele fr\u00f6hliche\nStunden. <\/p>\n\n\n\n<p>Mit der Schlie\u00dfung der\nGastst\u00e4tte in Wiesederfehn hatten aber alle B\u00fcrger, Vereine und Institutionen\neinen zentralen Anlaufpunkt im Dorfleben verloren, es reifte der Wunsch nach einem\nDorfgemeinschaftshaus in Wiesederfehn. Nach Schlie\u00dfung des Autohauses Sch\u00e4fer\nam Hopelser Weg 14 erwarb die damalige Gemeinde Wiesmoor das Firmengel\u00e4nde mit\nWohnhaus und angebauter Ausstellungshalle und einer Lagerhalle. &nbsp;Die Lagerhalle wurde weiterverkauft, das\nWohnhaus wurde&nbsp; zuk\u00fcnftig vermietet. <\/p>\n\n\n\n<p>In der alten\nAusstellungshalle fand erstmals 1995 das j\u00e4hrliche Bo\u00dfel- und Sommerfest statt,\ndann begannen die umfangreichen Umbauma\u00dfnahmen. Die Mitglieder der\nDorfgemeinschaft und unseres KBV brachten sich tatkr\u00e4ftig in die Umbauarbeiten\nein, ohne die gro\u00dfe Unterst\u00fctzung seitens der Gemeinde Wiesmoor w\u00e4ren der\nAnkauf und der Umbau aber nicht realisierbar gewesen. Die ehemaligen gro\u00dfen\nSchaufenster wurden entfernt und es entstand ein gem\u00fctlicher Veranstaltungsraum\nf\u00fcr bis zu 120 Personen mit K\u00fcche und Toilettenr\u00e4umen. Am 24.06.1996 erfolgte\ndie offizielle Er\u00f6ffnung des Dorfgemeinschaftshauses Wiesederfehn. Die\nDorfgemeinschaft und unser Klootschie\u00dfer- und Bo\u00dfelerverein nutzen\ngemeinschaftlich seit der Er\u00f6ffnung das Dorfgemeinschaftshaus als zentralen\nPunkt im jeweiligen Vereinsleben, aber auch den Einwohnern aus Wiesederfehn und\nWiesmoor steht das Dorfgemeinschaftshaus f\u00fcr Familienfeiern zur Verf\u00fcgung.<\/p>\n\n\n\n<p><strong>Erweiterung\nDorfgemeinschaftshaus Wiesederfehn \u2013 Herbst 2012<\/strong><\/p>\n\n\n\n<p>Sowohl unser KBV wie\nauch die Dorfgemeinschaft haben von der Errichtung des Dorfgemeinschaftshauses\nstark profitiert. Beide Vereine konnten sich mit zahlreichen Veranstaltungen\nweiter im Dorfleben unserer Ortschaft etablieren. <\/p>\n\n\n\n<p>Im Sommer 2012 bot sich\ndurch den Auszug der bisherigen Mieter aus den Wohnr\u00e4umen eine Gelegenheit f\u00fcr\ngro\u00dfe Ver\u00e4nderungen am Dorfgemeinschaftshaus. Nach dem damaligen Erwerb der\nLagerhalle und des weiteren Firmengel\u00e4ndes des ehemaligen Autohauses Sch\u00e4fer\nvon der Gemeinde Wiesmoor suchte Inhaber Karl-Dieter Jelken zus\u00e4tzliche\nB\u00fcror\u00e4ume. Somit entstanden schnell Pl\u00e4ne zur zuk\u00fcnftigen Nutzung des\nWohnhauses. Im Erdgeschoss wurden neue B\u00fcror\u00e4ume eingerichtet. Die ehemaligen\nWohnr\u00e4ume im Dachgeschoss mieteten gemeinsam die Dorfgemeinschaft und unser KBV\nvon der Stadt Wiesmoor an.<\/p>\n\n\n\n<p>In einem ersten\nBauabschnitt wurden die Au\u00dfenanlagen des Dorfgemeinschaftshauses und des\nWohnhauses neu gestaltet. Ein alter Carport wurde entfernt, ca. 700\nQuadratmeter Pflastersteine wurden aufgenommen und gereinigt, die\nEntw\u00e4sserungsleitungen wurden in diesem Zuge ebenfalls&nbsp; neu verlegt. Nach den vorbereitenden Arbeiten\nwurden ca. 1000 Quadratmeter Pflasterfl\u00e4che wieder eingebaut. Im Zuge der\nUmgestaltungsarbeiten fand auch unser Jubil\u00e4umsstein einen neuen Platz in den\nAu\u00dfenanlagen, mit den neuen Sitzgruppen f\u00fcgt er sich in ein ansprechendes Erscheinungsbild\nein. Viele hundert Arbeitsstunden wurden durch die Mitglieder des KBV und der\nDorfgemeinschaft bereits bei diesem Bauabschnitt im Herbst\/ Winter 2012 geleistet.<\/p>\n\n\n\n<p>Mit der Umgestaltung\nder Wohnr\u00e4ume im Dachgeschoss begann der zweite Bauabschnitt im Fr\u00fchjahr 2013.\nDie Mauern der ehemaligen Kinderzimmer wurden entfernt, mit der vorhandenen Flurfl\u00e4che\nentstand ein gem\u00fctlicher Versammlungsraum f\u00fcr ca. 25 Personen. Des Weiteren\nwurde ein vorhandenes Badezimmer zu einer kleinen Teek\u00fcche und einer separaten\nToilette umgebaut. Der Zugang zu den R\u00e4umlichkeiten wurde \u00fcber einen ehemaligen\nAbstellraum im Erdgeschoss geschaffen und eine notwendige Treppe eingebaut. Die\nStadt Wiesmoor unterst\u00fctzte das Vorhaben im Rahmen&nbsp; einiger Bauarbeiten, trotzdem war die\nUmgestaltung nur mit vielen hundert Arbeitsstunden der Mitglieder zu\nbew\u00e4ltigen. Seit dem Dezember 2013 stehen diese neuen R\u00e4umlichkeiten uns zur\nNutzung zur Verf\u00fcgung. <\/p>\n\n\n\n<p><strong>Umfangreiche\nSanierung und Erweiterung ab Januar 2018<\/strong><\/p>\n\n\n\n<p>Im Sommer 2012 wurde im\nMietvertrag f\u00fcr die neuen R\u00e4ume in der ehemaligen Wohnung zwischen Stadt und\nden Vereinen erg\u00e4nzend die geplante Erweiterung der K\u00fcche, Sanierung der\nHeizung, Sanierung Dach bereits beschrieben. Leider stellte sich bei den\nPlanungen raus, dass der erste Kostenansatz bei weitem nicht ausreicht und dass\nkeine Haushaltsmittel in der ben\u00f6tigten Gr\u00f6\u00dfenordnung da waren!!<\/p>\n\n\n\n<p>Das\nDorfgemeinschaftshaus stellte sich in keinem guten Zustand mehr da, ohne Isolierung\nim Dach, mit einer Heizung die fast 30 Jahre alt ist, das Dach leckte oben am\nFirst, die Statik des Dachstuhls war sehr schlecht, eine kleine verwinkelte\nK\u00fcche mit M\u00f6beln die gr\u00f6\u00dftenteils \u00fcber 40 Jahre alt waren und eine Behinderten\nToilette war auch nicht vorhanden. Allerdings sind wir Vereine r\u00fcckblickend mit\nden Erfahrungen aus der Umbauphase auch froh, dass wir damals nicht gestartet\nsind &#8211; wahrscheinlich h\u00e4tten wir \u201eSchiffbruch erlitten\u201c. Die Zeit verging und\n2012 und 2013 passiert noch nichts weiter.&nbsp;\n<\/p>\n\n\n\n<p>U.a. behielt unser\ndamaliger Ortsvorsteher Manfred Cordes das Thema im Hinterkopf. Er sah mit dem\nF\u00f6rderprogramm zur Dorferneuerung eine Chance f\u00fcr uns kommen. 2016 wurden die\nPl\u00e4ne konkret und im November wurde uns das Projekt mit Zahlen, Zeichnungen\nusw. vorgestellt. Die Antragstellung schloss sich an, die Stadt plante die\nHaushaltsmittel ein und nun hie\u00df es also Daumen dr\u00fccken f\u00fcr eine Genehmigung. Das\nWarten hat sich tats\u00e4chlich gelohnt, als sch\u00f6nes Geschenk zum 25. Jubil\u00e4um der\nDorfgemeinschaft im Mai 2017 konnte B\u00fcrgermeister V\u00f6ller die Genehmigung des\nF\u00f6rderantrages verk\u00fcnden. <\/p>\n\n\n\n<p>Wir h\u00e4tten am liebsten\nsofort losgelegt. Aber wir mussten erkennen, dass noch mal Geduld gefragt ist!\nDie baurechtliche Genehmigung musste nun noch eingeholt werden und die\nAusschreibungen der Gewerke&nbsp; usw. waren\nnotwendig. Die Wochen und Monate im Sommer 2017 vergingen wie im Flug noch ohne\nBaut\u00e4tigkeit. <\/p>\n\n\n\n<p>Ende 2017 haben wir den\nAuszug aus dem DGH vorbereitet und Anfang Januar 2018 den gr\u00f6\u00dften Teil unserer\nM\u00f6bel, Pokale, Tische St\u00fchle usw. bei den Johannitern auf dem Trockenboden\neingelagert. Die Bauarbeiten begannen. Viele kleine und gr\u00f6\u00dfere Probleme\nspannten bei allen Beteiligten manches Mal den Geduldsfaden. Aber alle haben\ndas Ziel zum Gl\u00fcck nicht aus den Augen verloren. Allerdings war relativ schnell\nklar \u2013 eine Er\u00f6ffnung zum urspr\u00fcnglich geplanten 3. Juliwochenende, dem\nBo\u00dfelfestwochenende, w\u00fcrde nicht klappen. <\/p>\n\n\n\n<p>Eigenleistungen haben\nwir einige eingebracht:<\/p>\n\n\n\n<ul><li>Aufnahme Pflaster im Bereich der\nErweiterungsfl\u00e4chen <\/li><li>Kleinere R\u00fcckbauarbeiten<\/li><li>Ausbau Innent\u00fcren, alte Heizk\u00f6rper <\/li><li>Entfernung Tapeten und alte\nFu\u00dfbodenbel\u00e4ge <\/li><li>Verlegung Bodenbelag im Galeriebereich <\/li><li>Aufnahme gro\u00dfer Pflasterfl\u00e4che um\nebenerdigen Zugang herzustellen<\/li><li>Herstellung Au\u00dfenanlagen<\/li><li>Kleinere Ausbauarbeiten <\/li><li>Thekenbau in Eigenleistung <\/li><li>K\u00fcche in Eigenleistung<\/li><li>Reinigungsarbeiten und Einr\u00e4umaktion<\/li><\/ul>\n\n\n\n<p>Eigenleistungen gehen\nimmer nur mit gro\u00dfer Unterst\u00fctzung der Mitglieder. Daf\u00fcr an dieser Stelle auch\nim Namen der Vereine noch mal vielen Dank bei allen flei\u00dfigen H\u00e4nden. Wie beim\nEinzug in das eigene Haus ist auch bei uns noch nicht alles fertig, aber diese\nDinge werden wir auch noch fertig bekommen.<\/p>\n\n\n\n<p>Seit 2012 haben wir\ngeduldig und stetig unser Ziel verfolgt, nun haben wir ein wundersch\u00f6nes\nDorfgemeinschaftshaus mit dem die Vereine beruhigt in die Zukunft schauen.<\/p>\n","protected":false},"excerpt":{"rendered":"<p>Dorfgemeinschaftshaus Wiesederfehn \u2013 seit 22.06.1996 \u201eVereinslokal\u201c des KBV \u201eHier up an\u201c Wiesederfehn Unser Verein gr\u00fcndete sich am 28.02.1914 in der damaligen Gastwirtschaft Peters an der Hauptstra\u00dfe in Wiesederfehn, die ersten&#8230;<\/p>\n<p class=\"continue-reading-button\"> <a class=\"continue-reading-link\" href=\"https:\/\/kbv-wiesederfehn.de\/?page_id=517\">Mehr lesen<i class=\"crycon-right-dir\"><\/i><\/a><\/p>\n","protected":false},"author":1,"featured_media":0,"parent":0,"menu_order":0,"comment_status":"closed","ping_status":"closed","template":"","meta":{"ngg_post_thumbnail":0,"footnotes":""},"_links":{"self":[{"href":"https:\/\/kbv-wiesederfehn.de\/index.php?rest_route=\/wp\/v2\/pages\/517"}],"collection":[{"href":"https:\/\/kbv-wiesederfehn.de\/index.php?rest_route=\/wp\/v2\/pages"}],"about":[{"href":"https:\/\/kbv-wiesederfehn.de\/index.php?rest_route=\/wp\/v2\/types\/page"}],"author":[{"embeddable":true,"href":"https:\/\/kbv-wiesederfehn.de\/index.php?rest_route=\/wp\/v2\/users\/1"}],"replies":[{"embeddable":true,"href":"https:\/\/kbv-wiesederfehn.de\/index.php?rest_route=%2Fwp%2Fv2%2Fcomments&post=517"}],"version-history":[{"count":1,"href":"https:\/\/kbv-wiesederfehn.de\/index.php?rest_route=\/wp\/v2\/pages\/517\/revisions"}],"predecessor-version":[{"id":518,"href":"https:\/\/kbv-wiesederfehn.de\/index.php?rest_route=\/wp\/v2\/pages\/517\/revisions\/518"}],"wp:attachment":[{"href":"https:\/\/kbv-wiesederfehn.de\/index.php?rest_route=%2Fwp%2Fv2%2Fmedia&parent=517"}],"curies":[{"name":"wp","href":"https:\/\/api.w.org\/{rel}","templated":true}]}}