{"id":519,"date":"2019-01-20T17:00:28","date_gmt":"2019-01-20T17:00:28","guid":{"rendered":"http:\/\/kbv-wiesederfehn.de\/?page_id=519"},"modified":"2019-01-20T17:00:28","modified_gmt":"2019-01-20T17:00:28","slug":"vereinsfahrten","status":"publish","type":"page","link":"https:\/\/kbv-wiesederfehn.de\/?page_id=519","title":{"rendered":"Vereinsfahrten"},"content":{"rendered":"\n<p><strong>Vereinsfahrten des\nKBV \u201eHier up an\u201c<\/strong><\/p>\n\n\n\n<p>Bereits in den 30-iger Jahren unternahmen die Mitglieder des\nKBV \u201eHier up an\u201c eine Fahrt in die L\u00fcneburger Heide. Damals stand kein Omnibus\nzur Verf\u00fcgung, man begn\u00fcgte sich auf rustikale Art mit dem LKW des Vereinsmitgliedes\nHermann H\u00f6fing, der auch als Fahrer fungierte. <\/p>\n\n\n\n<p>In der Folge fanden immer wieder in loser Folge\nVereinsfahrten zu n\u00e4heren Zielen statt, wobei in den 80-iger Jahren die\nj\u00e4hrliche Fahrt zum festen Programmpunkt im Terminkalender vieler Mitglieder\nund Freunde des Vereins wurde. Manche Teilnehmer fanden \u00fcber diese Fahrten zum\nVerein und sind heute treue Mitglieder. Besonders hervorzuheben ist sicherlich\ndie Tatsache, dass die Vereinsfahrten immer eine Mischung aus jungen und\n\u00e4lteren Mitgliedern ansprachen und da die Treue der einmal Mitgereisten zumeist\nsehr hoch war, entwickelte sich \u00fcber die Zeit eine geradezu famili\u00e4re\nAtmosph\u00e4re.<\/p>\n\n\n\n<p>Nachdem Hinrich Asche einige Fahrten in den 80-igern\norganisierte, \u00fcbernahmen 1988 Rudi Florian und Frank Slink das Ruder des\nVereinsfahrten-Schiffes. Man reiste nach Hannoversch M\u00fcnden und nach Celle in\nder L\u00fcneburger Heide (1989). Erstmals organisierte Wiard M\u00fcller zusammen mit\nFrank Slink 1990 eine Fahrt nach Berlin \u2013 in den Wende-Zeiten ein \u00fcberaus\ninteressantes Ziel. Nach Mosel (1991), M\u00fcnchen (1992) und Schwarzwald (1993)\nerreicht man mit dem Reiseziel Prag einen vorl\u00e4ufigen H\u00f6hepunkt im Jahre 1994. <\/p>\n\n\n\n<p>Ab 1995 verantwortete Wiard M\u00fcller mit der Fahrt ins\nBerchtesgadener Land die Vereinsfahrten alleine. 2013 konnte man gemeinsam mit\nihm auf 20 Touren zur\u00fcckblicken. In Eggst\u00e4tt (Chiemgau) sprachen ihm die\nMitglieder und Freunde des Vereins Dankesworte aus, aus denen im Folgenden\nzitiert werden soll:<\/p>\n\n\n\n<p>\u201e [\u2026] Ob in den Bergen oder an der K\u00fcste, von Nord nach S\u00fcd\noder von Osten nach Westen, lieber Wiard, mit Dir fahren wir am besten. Sei es\nBerlin-Babelsberg, Friedrichsstadtpalast (2003), das M\u00fcnchner Olympiastadion,\nder Englische Garten (1992 \/ 2005), der Rheinfall bei Schaffhausen, die goldene\nStadt Prag (1994), die Frauenkirche Dresden (1998), die Seebr\u00fccke bei\nHeringsdorf (2010)<\/p>\n\n\n\n<p>[\u2026] die Rutsche im Salzbergwerk Berchtesgaden (1995) und&#8230;\nEs sind so viele \u201eHighlights\u201c aus den Jahren.<\/p>\n\n\n\n<p>Auch haben Waltraud und Du keine geschmacklichen M\u00fchen\ngescheut, um uns Ostfriesen die Spezialit\u00e4ten der Regionen n\u00e4herzubringen, z.B.\ndie leckeren N\u00fcrnberger Bratw\u00fcrste, Sch\u00e4uffle Kn\u00f6del und Leberk\u00e4se, auch\nSpareribs bei der \u201edicken Berta\u201c in Berlin [\u2026] und die vielen Sorten Bier \u2013\nRauchbier, Schwarzbier, Ma\u00df Bier und, und, und \u2026 wer will da noch Gr\u00fcnkohl mit\nPinkel! Jedenfalls haben wir immer gerne probiert.<\/p>\n\n\n\n<p>Ein paar Anekdoten aus dieser Zeit haben wir nat\u00fcrlich auch\nbereit:<\/p>\n\n\n\n<p>Wer erinnert sich nicht an Prag (1994) und an das Hotel\n\u201eAma-Beton\u201c gegen\u00fcber dem Krematorium [\u2026].<\/p>\n\n\n\n<p>In all den Jahren hatten wir immer eine \u201eGute Fahrt\u201c, jedoch\nerinnern wir uns an die Berlin-Fahrt mit gemischten Gef\u00fchlen (2003). Die\nPolizei hielt uns wegen Schieflage an, ein neuer Bus und ein \u201emiesepetriger\u201c\nBusfahrer setzten die Fahrt mit uns fort. [\u2026]. Und dann war da noch unser\nBusfahrer Tjark: Er hatte so seine Probleme mit der Technik. Der Notausstieg\nwurde aktiviert, er wollte schon in die Werkstatt, aber unsere Technik begabten\nM\u00e4nner haben es wieder gerichtet, nachdem sie zun\u00e4chst von ihm verd\u00e4chtigt\nwurden, dieses \u201eMalheur\u201c verursacht zu haben. Unsere M\u00e4nner sind sowieso alle\nfix, da war es auch kein Problem, einen verstopften Dieselfilter vor\nOberammergau (1995) zu reparieren. Johann Behrends steckte bis zum Ellenbogen\nin der Schmiere \u2013 alle haben geschoben und schon ging es weiter. Wir k\u00f6nnten\nnoch von so vielen Ereignisse berichten&#8230;all die sch\u00f6nen, interessanten,\naufregenden und unvergesslichen Situationen k\u00f6nnen an dieser Stelle nicht\nerw\u00e4hnt werden&#8230;\u201c<\/p>\n","protected":false},"excerpt":{"rendered":"<p>Vereinsfahrten des KBV \u201eHier up an\u201c Bereits in den 30-iger Jahren unternahmen die Mitglieder des KBV \u201eHier up an\u201c eine Fahrt in die L\u00fcneburger Heide. Damals stand kein Omnibus zur&#8230;<\/p>\n<p class=\"continue-reading-button\"> <a class=\"continue-reading-link\" href=\"https:\/\/kbv-wiesederfehn.de\/?page_id=519\">Mehr lesen<i class=\"crycon-right-dir\"><\/i><\/a><\/p>\n","protected":false},"author":1,"featured_media":0,"parent":0,"menu_order":0,"comment_status":"closed","ping_status":"closed","template":"","meta":{"ngg_post_thumbnail":0,"footnotes":""},"_links":{"self":[{"href":"https:\/\/kbv-wiesederfehn.de\/index.php?rest_route=\/wp\/v2\/pages\/519"}],"collection":[{"href":"https:\/\/kbv-wiesederfehn.de\/index.php?rest_route=\/wp\/v2\/pages"}],"about":[{"href":"https:\/\/kbv-wiesederfehn.de\/index.php?rest_route=\/wp\/v2\/types\/page"}],"author":[{"embeddable":true,"href":"https:\/\/kbv-wiesederfehn.de\/index.php?rest_route=\/wp\/v2\/users\/1"}],"replies":[{"embeddable":true,"href":"https:\/\/kbv-wiesederfehn.de\/index.php?rest_route=%2Fwp%2Fv2%2Fcomments&post=519"}],"version-history":[{"count":1,"href":"https:\/\/kbv-wiesederfehn.de\/index.php?rest_route=\/wp\/v2\/pages\/519\/revisions"}],"predecessor-version":[{"id":520,"href":"https:\/\/kbv-wiesederfehn.de\/index.php?rest_route=\/wp\/v2\/pages\/519\/revisions\/520"}],"wp:attachment":[{"href":"https:\/\/kbv-wiesederfehn.de\/index.php?rest_route=%2Fwp%2Fv2%2Fmedia&parent=519"}],"curies":[{"name":"wp","href":"https:\/\/api.w.org\/{rel}","templated":true}]}}