{"id":531,"date":"2019-01-20T17:14:25","date_gmt":"2019-01-20T17:14:25","guid":{"rendered":"http:\/\/kbv-wiesederfehn.de\/?page_id=531"},"modified":"2026-03-05T18:33:39","modified_gmt":"2026-03-05T18:33:39","slug":"gewinnerhistorie-2","status":"publish","type":"page","link":"https:\/\/kbv-wiesederfehn.de\/?page_id=531","title":{"rendered":"Gewinnerhistorie"},"content":{"rendered":"\n<p>1996 wurde erstmals das M\u00e4nnerturnier um den Fehntjer-Cup ausgerichtet, es ist das \u00e4lteste Bo\u00dfelturnier im Landesverband Ostfriesland. Im M\u00e4nnerturnier werfen schon immer 3 M\u00e4nner in einem Team, seit 2015 ist eine gleiche Vereinszugeh\u00f6rigkeit nicht mehr vorgeschrieben. <\/p>\n\n\n\n<p><strong>M\u00e4nnerturnier:<\/strong><\/p>\n\n\n\n<figure class=\"wp-block-table\"><table><tbody><tr><td>Jahr:<\/td><td>Werfer:<\/td><td>Verein:<\/td><\/tr><tr><td>2026<\/td><td><\/td><td><\/td><\/tr><tr><td>2025<\/td><td>Marian Jahnke, Andre Backer, Claas Cordes<\/td><td>2x Westeraccum, Eversmeer<\/td><\/tr><tr><td>2024<\/td><td>Nils Stulke, Bernd-Georg Bohlken, Leon M\u00f6nck<\/td><td>Grabstede<\/td><\/tr><tr><td>2023<\/td><td>Steffen Andre\u00dfen, Stefan Siebolds, Mathias Behrends<\/td><td>Burhafe<\/td><\/tr><tr><td>2022<\/td><td>Michael Behnke, Harald Tapken, Dennis B\u00fcscher<\/td><td>2x Wiesede, Willmsfeld<\/td><\/tr><tr><td>2021<\/td><td>Turnierpause wegen Corona-Krise<\/td><td><\/td><\/tr><tr><td>2020<\/td><td>Turnierpause wegen Corona-Krise<\/td><td><\/td><\/tr><tr><td>2019<\/td><td>Tobias Djuren, Fabian\n  Schiffmann, Malte Gronewold&nbsp;<\/td><td>Norden, S\u00fcdarle,\n  Theener&nbsp;<\/td><\/tr><tr><td>2018<\/td><td>Sebastian Gerdes, Matthias Rahmann, Gerd Gerdes\u00a0<\/td><td>Reepsholt&nbsp;<\/td><\/tr><tr><td>2017<\/td><td>Steffen Andre\u00dfen, Daniel Held, Thorsten Held\u00a0<\/td><td>Burhafe,\n  Cleverns&nbsp;<\/td><\/tr><tr><td>2016<\/td><td>Jabbo Gerdes, Christian Hinrichs, Hauke Gerdes<\/td><td>Willmsfeld&nbsp;<\/td><\/tr><tr><td>2015<\/td><td>Sebastian Gerdes, Matthias Rahmann, Wilhelm Rahmann<\/td><td>Reepsholt&nbsp;<\/td><\/tr><tr><td>2014<\/td><td>Turnierpause<\/td><td><\/td><\/tr><tr><td>2013<\/td><td>Andreas Weinstock, Ralf Klingenberg, Harm Weinstock\u00a0<\/td><td>Rahe<\/td><\/tr><tr><td>2012<\/td><td>J\u00f6rg Gronewold, Dietmar Peters, Eike Carls<\/td><td>Dietrichsfeld&nbsp;<\/td><\/tr><tr><td>2011<\/td><td>Uwe K\u00f6ster, Erwin Schon, Matthias Rahmann<\/td><td>Reepsholt&nbsp;<\/td><\/tr><tr><td>2010<\/td><td>Bernd-Georg Bohlken, Kevin Dupiczak, Christian Albers<\/td><td>Grabstede<\/td><\/tr><tr><td>2009<\/td><td>Manuel Feddermann, Malte Wilken, Kevin Held\u00a0<\/td><td>Reepsholt&nbsp;<\/td><\/tr><tr><td>2008<\/td><td>Frido Walter, Dieter Henkel, Eckhard Kerl<\/td><td>Pfalzdorf<\/td><\/tr><tr><td>2007<\/td><td>Frido Walter, Dieter Henkel, Eckhard Kerl<\/td><td>Pfalzdorf<\/td><\/tr><tr><td>2006<\/td><td>Erwin Schoon, Uwe K\u00f6ster, Wilfried M\u00fcller\u00a0<\/td><td>Reepsholt&nbsp;<\/td><\/tr><tr><td>2005<\/td><td>Harald Tapken, Andreas Fitze, Michael Behnke\u00a0<\/td><td>Wiesede<\/td><\/tr><tr><td>2004<\/td><td>Manuel Feddermann, Malte Wilken, Kevin Held\u00a0<\/td><td>Reepsholt&nbsp;<\/td><\/tr><tr><td>2003<\/td><td>Carsten\n  Hobbensiefken, Axel Hobbensiefken, Michael Afken&nbsp;<\/td><td>Westerscheps<\/td><\/tr><tr><td>2002<\/td><td>Frank Goldenstein, Hinrich Goldenstein, Holger Cramer<\/td><td>Blomberg<\/td><\/tr><tr><td>2001<\/td><td>Detlef Peters,\n  Hirnich Goldenstein, Frank Goldenstein&nbsp;<\/td><td>Blomberg<\/td><\/tr><tr><td>2000<\/td><td>Holger Menken, Ingo F\u00e4hnders, Michael B\u00f6hm<\/td><td>Ardorf<\/td><\/tr><tr><td>1999<\/td><td>J\u00f6rg Saathoff, Jens Kleen, Detlef Harms\u00a0<\/td><td>Noord Norden&nbsp;<\/td><\/tr><tr><td>1998<\/td><td>Uwe K\u00f6ster, Holger Cramer, Wilfried M\u00fcller\u00a0<\/td><td>Reepsholt&nbsp;<\/td><\/tr><tr><td>1997<\/td><td>Stefan Willms, J\u00f6rg Gronewold, Ralf Rocker<\/td><td>Langefeld<\/td><\/tr><tr><td>1996<\/td><td>Harm Henkel, Frido Walter, Michael Romaneessen<\/td><td>Pfalzdorf<\/td><\/tr><\/tbody><\/table><\/figure>\n\n\n\n<p>Im Jahr 2004 wurde erstmals das Turnier f\u00fcr Mixed-Mannschaften angeboten. Ein Team besteht aus einer Frau und einem Mann, gleiche Vereinszugeh\u00f6rigkeit ist nicht vorgeschrieben.<\/p>\n\n\n\n<p><strong>Mixedturnier:<\/strong><\/p>\n\n\n\n<figure class=\"wp-block-table\"><table><tbody><tr><td>Jahr:<\/td><td>Werfer:<\/td><td>Verein:<\/td><\/tr><tr><td>2026<\/td><td><\/td><td><\/td><\/tr><tr><td>2025<\/td><td>Femke Wilbers, Marian Jahnke<\/td><td>Noord Norden, Westeraccum<\/td><\/tr><tr><td>2024<\/td><td>Anke Kl\u00f6pper, Stefan Siebols<\/td><td>S\u00fcdarle, Burhafe<\/td><\/tr><tr><td>2023<\/td><td>Jana Schonvogel, Manuel Runge<\/td><td>Schweinebr\u00fcck, Kreuzmoor<\/td><\/tr><tr><td>2022<\/td><td>Anke Kl\u00f6pper, Stefan Siebolds<\/td><td>S\u00fcdarle, Burhafe<\/td><\/tr><tr><td>2021<\/td><td>Turnierpause wegen Corona-Krise<\/td><td><\/td><\/tr><tr><td>2020<\/td><td>Turnierpause wegen Corona-Krise<\/td><td><\/td><\/tr><tr><td>2019<\/td><td>Anke Kl\u00f6pper, Stefan Siebolds<\/td><td>S\u00fcdarle, Burhafe<\/td><\/tr><tr><td>2018<\/td><td>Marion Reuter, Rainer Hiljegerdes&nbsp;<\/td><td>Halsbek<\/td><\/tr><tr><td>2017<\/td><td>Karina Kasper, Markus Kasper&nbsp;<\/td><td>Uplengen-Hollen&nbsp;<\/td><\/tr><tr><td>2016<\/td><td>Marion Reuter, Rainer Hiljegerdes&nbsp;<\/td><td>Halsbek<\/td><\/tr><tr><td>2015<\/td><td>Anke Kl\u00f6pper, Matthias Men\u00dfen<\/td><td>Upg.-Schott,\n  Uplengen-Hollen<\/td><\/tr><tr><td>2014<\/td><td>Turnierpause<\/td><td><\/td><\/tr><tr><td>2013<\/td><td>Astrid Hinrichs, Christoph M\u00fcller<\/td><td>Schweinebr\u00fcck,\n  Kreuzmoor<\/td><\/tr><tr><td>2012<\/td><td>Anke Kl\u00f6pper, Manuel Feddermann<\/td><td>Upgant-Schott,\n  Reepsholt<\/td><\/tr><tr><td>2011<\/td><td>Simone Davids, Robert Djuren\u00a0<\/td><td>Westeraccum<\/td><\/tr><tr><td>2010<\/td><td>Insa Siebels, Eike Carls\u00a0<\/td><td>Westerende,\n  Dietrichsfeld<\/td><\/tr><tr><td>2009<\/td><td>Johanne Heike, Johann Weber<\/td><td>Ihlowerfehn,\n  Ludwigsdorf<\/td><\/tr><tr><td>2008<\/td><td>Sonja Kotte, Jens D\u00f6rnath<\/td><td>Collrunge, Ardorf<\/td><\/tr><tr><td>2007<\/td><td>Anke Kl\u00f6pper, Frido Walter\u00a0<\/td><td>M\u00fcnkeboe-M.,\n  Pfalzdorf<\/td><\/tr><tr><td>2006<\/td><td>Heidi Hinrichs, Michael Janssen<\/td><td>Reepsholt, Upsch\u00f6rt<\/td><\/tr><tr><td>2005<\/td><td>Christa Walter, Frido Walter\u00a0<\/td><td>Pfalzdorf<\/td><\/tr><tr><td>2004<\/td><td>Heike de Buhr, Erich Tunder\u00a0<\/td><td>Ihlowerfehn,\n  Pfalzdorf&nbsp;<\/td><\/tr><\/tbody><\/table><\/figure>\n\n\n\n<p>Im zweiten Turnierjahr\n1997 wurde auch ein Damenturnier angeboten. Hier bildeten 3 Werferinnen eines\nVereins eine Mannschaft. Insg. wurden 7 Damenturniere durchgef\u00fchrt, leider\nkonnten auf Grund der sinkenden Teilnehmerzahlen diese Turniere nicht fortgesetzt\nwerden. <\/p>\n\n\n\n<figure class=\"wp-block-table\"><table><tbody><tr><td>\n  Sieger der Damenturniere: \n  <\/td><\/tr><tr><td>\n  <strong>Jahr:<\/strong>\n  <\/td><td>\n  <strong>Werfer:<\/strong>\n  <\/td><td>\n  <strong>Verein:<\/strong>\n  <\/td><\/tr><tr><td>\n  2003\n  <\/td><td>   Rena Ahlrichs, Elke Collmann, Andrea Tjardes   <\/td><td>\n  M\u00fcggenkrug\n  <\/td><\/tr><tr><td>\n  2002\n  <\/td><td>\n  Andrea Blonn, Kerstin Noormann, Tanja Blonn\n  <\/td><td>\n  Ostermarsch\n  <\/td><\/tr><tr><td>\n  2001\n  <\/td><td>   Sonja Laube, Edelgard Folkers, Helga v. Heimburg   <\/td><td>\n  Pfalzdorf\n  <\/td><\/tr><tr><td>\n  2000\n  <\/td><td>\n  Simone Davids, Tanja Davids, Okka Odens\n  <\/td><td>\n  Westermarsch\n  <\/td><\/tr><tr><td>\n  1999\n  <\/td><td>   Magret Gerdes, Monika Heike, Gitta Pageler    <\/td><td>\n  Reepsholt\n  <\/td><\/tr><tr><td>\n  1998\n  <\/td><td>\n  Marion Reuter, Edith Reuter, Marita Meyer\n  <\/td><td>\n  Pfalzdorf\n  <\/td><\/tr><tr><td>\n  1997\n  <\/td><td>   Kerstin Friedrichs, Sandra Fabricius, A. Friedrichs    <\/td><td>\n  Dietrichsfeld\n  <\/td><\/tr><\/tbody><\/table><\/figure>\n","protected":false},"excerpt":{"rendered":"<p>1996 wurde erstmals das M\u00e4nnerturnier um den Fehntjer-Cup ausgerichtet, es ist das \u00e4lteste Bo\u00dfelturnier im Landesverband Ostfriesland. Im M\u00e4nnerturnier werfen schon immer 3 M\u00e4nner in einem Team, seit 2015 ist&#8230;<\/p>\n<p class=\"continue-reading-button\"> <a class=\"continue-reading-link\" href=\"https:\/\/kbv-wiesederfehn.de\/?page_id=531\">Mehr lesen<i class=\"crycon-right-dir\"><\/i><\/a><\/p>\n","protected":false},"author":1,"featured_media":0,"parent":0,"menu_order":0,"comment_status":"closed","ping_status":"closed","template":"","meta":{"ngg_post_thumbnail":0,"footnotes":""},"class_list":["post-531","page","type-page","status-publish","hentry"],"_links":{"self":[{"href":"https:\/\/kbv-wiesederfehn.de\/index.php?rest_route=\/wp\/v2\/pages\/531","targetHints":{"allow":["GET"]}}],"collection":[{"href":"https:\/\/kbv-wiesederfehn.de\/index.php?rest_route=\/wp\/v2\/pages"}],"about":[{"href":"https:\/\/kbv-wiesederfehn.de\/index.php?rest_route=\/wp\/v2\/types\/page"}],"author":[{"embeddable":true,"href":"https:\/\/kbv-wiesederfehn.de\/index.php?rest_route=\/wp\/v2\/users\/1"}],"replies":[{"embeddable":true,"href":"https:\/\/kbv-wiesederfehn.de\/index.php?rest_route=%2Fwp%2Fv2%2Fcomments&post=531"}],"version-history":[{"count":13,"href":"https:\/\/kbv-wiesederfehn.de\/index.php?rest_route=\/wp\/v2\/pages\/531\/revisions"}],"predecessor-version":[{"id":6300,"href":"https:\/\/kbv-wiesederfehn.de\/index.php?rest_route=\/wp\/v2\/pages\/531\/revisions\/6300"}],"wp:attachment":[{"href":"https:\/\/kbv-wiesederfehn.de\/index.php?rest_route=%2Fwp%2Fv2%2Fmedia&parent=531"}],"curies":[{"name":"wp","href":"https:\/\/api.w.org\/{rel}","templated":true}]}}