{"id":533,"date":"2019-01-20T17:23:37","date_gmt":"2019-01-20T17:23:37","guid":{"rendered":"http:\/\/kbv-wiesederfehn.de\/?page_id=533"},"modified":"2019-01-23T12:23:16","modified_gmt":"2019-01-23T12:23:16","slug":"2018-2","status":"publish","type":"page","link":"https:\/\/kbv-wiesederfehn.de\/?page_id=533","title":{"rendered":"2018"},"content":{"rendered":"\n<p><strong>Fehntjer Cup\n2018 und Sommerfest des KBV Wiesederfehn ein gro\u00dfer Erfolg! <\/strong><\/p>\n\n\n\n<p><strong>Dateien zum Download:<\/strong><\/p>\n\n\n\n<div class=\"wp-block-file\"><a href=\"https:\/\/kbv-wiesederfehn.de\/wp-content\/uploads\/2019\/01\/Bericht-Anzeiger-24.07.2018.pdf\">Bericht Anzeiger 24.07.2018<\/a><a href=\"https:\/\/kbv-wiesederfehn.de\/wp-content\/uploads\/2019\/01\/Bericht-Anzeiger-24.07.2018.pdf\" class=\"wp-block-file__button\" download>Herunterladen<\/a><\/div>\n\n\n\n<div class=\"wp-block-file\"><a href=\"https:\/\/kbv-wiesederfehn.de\/wp-content\/uploads\/2019\/01\/Ergebnisse-1.-Runde-Mixed.pdf\">Ergebnisse 1. Runde Mixed<\/a><a href=\"https:\/\/kbv-wiesederfehn.de\/wp-content\/uploads\/2019\/01\/Ergebnisse-1.-Runde-Mixed.pdf\" class=\"wp-block-file__button\" download>Herunterladen<\/a><\/div>\n\n\n\n<div class=\"wp-block-file\"><a href=\"https:\/\/kbv-wiesederfehn.de\/wp-content\/uploads\/2019\/01\/Turnierverlauf-Mixed-2018.pdf\">Turnierverlauf Mixed 2018<\/a><a href=\"https:\/\/kbv-wiesederfehn.de\/wp-content\/uploads\/2019\/01\/Turnierverlauf-Mixed-2018.pdf\" class=\"wp-block-file__button\" download>Herunterladen<\/a><\/div>\n\n\n\n<div class=\"wp-block-file\"><a href=\"https:\/\/kbv-wiesederfehn.de\/wp-content\/uploads\/2019\/01\/Ergebnisse-1.-Runde-M\u00e4nner.pdf\">Ergebnisse 1. Runde M\u00e4nner<\/a><a href=\"https:\/\/kbv-wiesederfehn.de\/wp-content\/uploads\/2019\/01\/Ergebnisse-1.-Runde-M\u00e4nner.pdf\" class=\"wp-block-file__button\" download>Herunterladen<\/a><\/div>\n\n\n\n<div class=\"wp-block-file\"><a href=\"https:\/\/kbv-wiesederfehn.de\/wp-content\/uploads\/2019\/01\/Turnierverlauf-M\u00e4nner-2018.pdf\">Turnierverlauf M\u00e4nner 2018<\/a><a href=\"https:\/\/kbv-wiesederfehn.de\/wp-content\/uploads\/2019\/01\/Turnierverlauf-M\u00e4nner-2018.pdf\" class=\"wp-block-file__button\" download>Herunterladen<\/a><\/div>\n\n\n\n<div class=\"wp-block-file\"><a href=\"https:\/\/kbv-wiesederfehn.de\/wp-content\/uploads\/2019\/01\/Gewinner-Kl\u00fcterbahn-2018.pdf\">Gewinner Kl\u00fcterbahn 2018<\/a><a href=\"https:\/\/kbv-wiesederfehn.de\/wp-content\/uploads\/2019\/01\/Gewinner-Kl\u00fcterbahn-2018.pdf\" class=\"wp-block-file__button\" download>Herunterladen<\/a><\/div>\n\n\n\n<div class=\"wp-block-file\"><a href=\"https:\/\/kbv-wiesederfehn.de\/wp-content\/uploads\/2019\/01\/Verlosung-2018-KBV-Wiesederfehn.pdf\">Verlosung 2018 KBV Wiesederfehn<\/a><a href=\"https:\/\/kbv-wiesederfehn.de\/wp-content\/uploads\/2019\/01\/Verlosung-2018-KBV-Wiesederfehn.pdf\" class=\"wp-block-file__button\" download>Herunterladen<\/a><\/div>\n\n\n\n<p><\/p>\n\n\n\n<p>Das Sommerfest des KBV \u201eHier up\nan\u201c Wiesederfehn am Dorfgemeinschaftshaus in Wiesederfehn in Verbindung mit dem\nBo\u00dfelturnier um den Fehntjer Cup war ein voller Erfolg. Wegen der laufenden\nUmbauarbeiten am Dorfgemeinschaftshaus fand das Sommerfest bei strahlendem\nSonnenschein \u00fcberwiegend drau\u00dfen statt. <\/p>\n\n\n\n<p>Das Fest begann mit den\nJugendvereinsmeisterschaften. In einem Streckenwerfen wurden die Preistr\u00e4ger\nund Vereinsmeister ermittelt. Alle Teilnehmer konnten sich selbstverst\u00e4ndlich\n\u00fcber einen Preis freuen, die Vereinsmeister erhielten zudem einen Wanderpokal\nund eine Medaille. In spannenden Wettk\u00e4mpfen sicherten sich (im Bild von Links\nnach Rechts) Florian Gerdes (m\u00e4nnliche Jugend A\/B), Felix Gurris (m\u00e4nnliche\nJugend C\/D), Jendrik Rahmann (m\u00e4nnliche Jugend E\/F), Fenna Behrends (weibliche\nJugend E\/F), Anne Aden (weibliche Jugend C\/D) und Jaqueline Saathoff (weibliche\nJugend A\/B) die Meistertitel. <\/p>\n\n\n\n<div class=\"wp-block-image\"><figure class=\"aligncenter\"><img loading=\"lazy\" decoding=\"async\" width=\"1024\" height=\"637\" src=\"https:\/\/kbv-wiesederfehn.de\/wp-content\/uploads\/2019\/01\/image001-5-1024x637.png\" alt=\"\" class=\"wp-image-543\" srcset=\"https:\/\/kbv-wiesederfehn.de\/wp-content\/uploads\/2019\/01\/image001-5-1024x637.png 1024w, https:\/\/kbv-wiesederfehn.de\/wp-content\/uploads\/2019\/01\/image001-5-300x187.png 300w, https:\/\/kbv-wiesederfehn.de\/wp-content\/uploads\/2019\/01\/image001-5-768x478.png 768w, https:\/\/kbv-wiesederfehn.de\/wp-content\/uploads\/2019\/01\/image001-5-150x93.png 150w, https:\/\/kbv-wiesederfehn.de\/wp-content\/uploads\/2019\/01\/image001-5.png 1075w\" sizes=\"(max-width: 1024px) 100vw, 1024px\" \/><\/figure><\/div>\n\n\n\n<p>Im Anschluss begann das\nMixedturnier, hier bilden ein Mann und eine Frau eine Mannschaft, die 45 Startpl\u00e4tze\nwaren bereits 4 Wochen vorher vergeben. Im Turnierverlauf entwickelten sich\nspannende Duelle und die Zuschauer konnten tollen Friesensport bewundern.\nMarion Reuter und Rainer Hiljegerdes sicherten sich den Siegerscheck und den\nWanderpokal. Bei der anschlie\u00dfenden Siegerehrung und der sogenannten\nBierwagenparty wurde noch bis sp\u00e4t in die Nacht gefeiert und getanzt. <\/p>\n\n\n\n<div class=\"wp-block-image\"><figure class=\"aligncenter\"><img loading=\"lazy\" decoding=\"async\" width=\"813\" height=\"621\" src=\"https:\/\/kbv-wiesederfehn.de\/wp-content\/uploads\/2019\/01\/image003-4.png\" alt=\"\" class=\"wp-image-542\" srcset=\"https:\/\/kbv-wiesederfehn.de\/wp-content\/uploads\/2019\/01\/image003-4.png 813w, https:\/\/kbv-wiesederfehn.de\/wp-content\/uploads\/2019\/01\/image003-4-300x229.png 300w, https:\/\/kbv-wiesederfehn.de\/wp-content\/uploads\/2019\/01\/image003-4-768x587.png 768w, https:\/\/kbv-wiesederfehn.de\/wp-content\/uploads\/2019\/01\/image003-4-150x115.png 150w\" sizes=\"(max-width: 813px) 100vw, 813px\" \/><\/figure><\/div>\n\n\n\n<p>Seit Jahrzehnten beginnt der\nSonntag eigentlich mit einem Seniorenfr\u00fchst\u00fcck f\u00fcr alle Senioren des KBV\nWiesederfehn und alle Einwohner aus Wiesederfehn ab 65 Jahre. Wegen der nicht\nvorhandenen K\u00fcche musste in diesem Jahr der sehr beliebte Programmpunkt\nausfallen, nat\u00fcrlich wird im n\u00e4chsten Jahr wieder zu diesem Programmpunkt\neingeladen. Somit begann der abschlie\u00dfende Sonntag, 22. Juli um 11.00 Uhr mit dem\nM\u00e4nnerturnier um den Fehntjer Cup bereits in der 23. Auflage. Es ist das\n\u00e4lteste Bo\u00dfelturnier dieser Art in Ostfriesland. Auch hier war das\nTeilnehmerfeld mit 45 M\u00e4nnerteams aus 3 Werfern hochklassig besetzt, in einem\ntollen Finale sicherten sich Mathias Rahmann, Gerd Gerdes und Sebastian Gerdes\naus Reepsholt den Turniersieg. <\/p>\n\n\n\n<p>Zu Beginn der Abschlussfete am\nSonntagabend wurden die Vereinsmeister der Seniorenklassen Frauen IV und M\u00e4nner\nV geehrt, Gisela Meyer und Dirk Behrends sicherten sich in diesem Jahr die\nMeistertitel. Anschlie\u00dfend wurden Heiko Dirks, Wilfried Ahlers, Frank Janssen\nund Frerich Cr\u00e4mer f\u00fcr 25 j\u00e4hrige Mitgliedschaft mit der silbernen Ehrennadel\ngeehrt. F\u00fcr 40 j\u00e4hrige Mitgliedschaft wurde Herbert Theen mit der goldenen Ehrennadel\nund Urkunde ausgezeichnet. Bereits seit 60 Jahren ist Hermann Hartmann Mitglied\nim Verein, daf\u00fcr wurde die seltene Auszeichnung mit der diamantenen Ehrennadel\n\u00fcbergeben. <\/p>\n\n\n\n<p>Einer der H\u00f6hepunkte des\nSommerfestes war die Ernennung von Frieda und Helmut Dirks zu Ehrenmitgliedern\ndes Vereins. Eine Ernennung zum Ehrenmitglied erfolgt im KBV Wiesderfehn nur\nsehr selten. Die Jahreshauptversammlung im Januar hatte diese Ehrung\nvorgeschlagen und beschlossen. Die \u00dcberraschung konnte tats\u00e4chlich so lange geheim\ngehalten werden und Fieda und Helmut Dirks waren sichtlich \u00fcberrascht. Beide\nhaben sich durch herausragenden Einsatz bis heute um den KBV Wiesederfehn\nverdient gemacht. Frieda Dirks war zudem Gr\u00fcndungsmitglied der Damenabteilung\n1964. Helmut Dirks war u.a. langj\u00e4hriger 2. Vorsitzender, Fahnentr\u00e4ger der\nVereinsfahne und Bahnweiser und ist seit 70 Jahren im Verein! Beide bo\u00dfeln noch\nw\u00f6chentlich in den Seniorengruppen. Auf die Ehrung wurde mit einem Glas Sekt\nangesto\u00dfen. <\/p>\n\n\n\n<div class=\"wp-block-image\"><figure class=\"aligncenter\"><img loading=\"lazy\" decoding=\"async\" width=\"447\" height=\"610\" src=\"https:\/\/kbv-wiesederfehn.de\/wp-content\/uploads\/2019\/01\/image005-2.png\" alt=\"\" class=\"wp-image-541\" srcset=\"https:\/\/kbv-wiesederfehn.de\/wp-content\/uploads\/2019\/01\/image005-2.png 447w, https:\/\/kbv-wiesederfehn.de\/wp-content\/uploads\/2019\/01\/image005-2-220x300.png 220w, https:\/\/kbv-wiesederfehn.de\/wp-content\/uploads\/2019\/01\/image005-2-110x150.png 110w\" sizes=\"(max-width: 447px) 100vw, 447px\" \/><\/figure><\/div>\n\n\n\n<p>Im Bild Stephan Gerdes, er \u00fcberreichte\ndie Ehrung, und Frieda und Helmut Dirks. W\u00e4hrend der Abschlussfete wurden dann\nnoch die Gewinnlose der Tombola gezogen, auch diese Veranstaltung war sehr gut\nbesucht. Das Orgateam aaus Vorstand und Festausschuss blickt auf ein tolles\nWochenende zur\u00fcck, 110 Mitglieder haben einen 4 st\u00fcndigen Dienst geleistet und\nf\u00fcr ein tolles Flair gesorgt. Alle freuen sich schon jetzt auf einen neues\nSommerfest im n\u00e4chsten Jahr, dann sicher auch in den fertiggestellten R\u00e4umen\ndes umgebauten Dorfgemeinschaftshauses. <\/p>\n","protected":false},"excerpt":{"rendered":"<p>Fehntjer Cup 2018 und Sommerfest des KBV Wiesederfehn ein gro\u00dfer Erfolg! Dateien zum Download: Das Sommerfest des KBV \u201eHier up an\u201c Wiesederfehn am Dorfgemeinschaftshaus in Wiesederfehn in Verbindung mit dem&#8230;<\/p>\n<p class=\"continue-reading-button\"> <a class=\"continue-reading-link\" href=\"https:\/\/kbv-wiesederfehn.de\/?page_id=533\">Mehr lesen<i class=\"crycon-right-dir\"><\/i><\/a><\/p>\n","protected":false},"author":1,"featured_media":0,"parent":0,"menu_order":0,"comment_status":"closed","ping_status":"closed","template":"","meta":{"ngg_post_thumbnail":0,"footnotes":""},"_links":{"self":[{"href":"https:\/\/kbv-wiesederfehn.de\/index.php?rest_route=\/wp\/v2\/pages\/533"}],"collection":[{"href":"https:\/\/kbv-wiesederfehn.de\/index.php?rest_route=\/wp\/v2\/pages"}],"about":[{"href":"https:\/\/kbv-wiesederfehn.de\/index.php?rest_route=\/wp\/v2\/types\/page"}],"author":[{"embeddable":true,"href":"https:\/\/kbv-wiesederfehn.de\/index.php?rest_route=\/wp\/v2\/users\/1"}],"replies":[{"embeddable":true,"href":"https:\/\/kbv-wiesederfehn.de\/index.php?rest_route=%2Fwp%2Fv2%2Fcomments&post=533"}],"version-history":[{"count":4,"href":"https:\/\/kbv-wiesederfehn.de\/index.php?rest_route=\/wp\/v2\/pages\/533\/revisions"}],"predecessor-version":[{"id":559,"href":"https:\/\/kbv-wiesederfehn.de\/index.php?rest_route=\/wp\/v2\/pages\/533\/revisions\/559"}],"wp:attachment":[{"href":"https:\/\/kbv-wiesederfehn.de\/index.php?rest_route=%2Fwp%2Fv2%2Fmedia&parent=533"}],"curies":[{"name":"wp","href":"https:\/\/api.w.org\/{rel}","templated":true}]}}