{"id":99,"date":"2018-11-18T12:49:11","date_gmt":"2018-11-18T12:49:11","guid":{"rendered":"http:\/\/kbv-wiesederfehn.de\/?page_id=99"},"modified":"2019-01-16T20:49:42","modified_gmt":"2019-01-16T20:49:42","slug":"dorfgemeinschaftshaus","status":"publish","type":"page","link":"https:\/\/kbv-wiesederfehn.de\/?page_id=99","title":{"rendered":"Dorfgemeinschaftshaus"},"content":{"rendered":"\n<p style=\"text-align:center\" class=\"has-medium-font-size\"><strong>Das Dorfgemeinschaftshaus k\u00f6nnt ihr f\u00fcr Eure privaten Veranstaltungen und Feiern nutzen.<\/strong><\/p>\n\n\n\n<p style=\"text-align:center\" class=\"has-medium-font-size\">F\u00fcr weitere Informationen und Terminabsprachen steht Gerhardt Waltke unter 04944 6308 gerne zur Verf\u00fcgung.<\/p>\n\n\n\n<div class=\"wp-block-media-text alignwide\"><figure class=\"wp-block-media-text__media\"><img loading=\"lazy\" decoding=\"async\" width=\"1024\" height=\"681\" src=\"https:\/\/kbv-wiesederfehn.de\/wp-content\/uploads\/2019\/01\/Aussen_1-1-1024x681.jpg\" alt=\"\" class=\"wp-image-263\" srcset=\"https:\/\/kbv-wiesederfehn.de\/wp-content\/uploads\/2019\/01\/Aussen_1-1-1024x681.jpg 1024w, https:\/\/kbv-wiesederfehn.de\/wp-content\/uploads\/2019\/01\/Aussen_1-1-300x199.jpg 300w, https:\/\/kbv-wiesederfehn.de\/wp-content\/uploads\/2019\/01\/Aussen_1-1-768x511.jpg 768w, https:\/\/kbv-wiesederfehn.de\/wp-content\/uploads\/2019\/01\/Aussen_1-1-150x100.jpg 150w, https:\/\/kbv-wiesederfehn.de\/wp-content\/uploads\/2019\/01\/Aussen_1-1.jpg 1280w\" sizes=\"(max-width: 1024px) 100vw, 1024px\" \/><\/figure><div class=\"wp-block-media-text__content\">\n<p class=\"has-medium-font-size\">Die\nenergetische Sanierung des Geb\u00e4udes bietet jetzt ein besseres Raumklima und\nreduziert unsere Energiekosten erheblich.<\/p>\n<\/div><\/div>\n\n\n\n<div class=\"wp-block-media-text alignwide has-media-on-the-right\"><figure class=\"wp-block-media-text__media\"><img loading=\"lazy\" decoding=\"async\" width=\"1024\" height=\"681\" src=\"https:\/\/kbv-wiesederfehn.de\/wp-content\/uploads\/2019\/01\/Saal-1-1024x681.jpg\" alt=\"\" class=\"wp-image-264\" srcset=\"https:\/\/kbv-wiesederfehn.de\/wp-content\/uploads\/2019\/01\/Saal-1-1024x681.jpg 1024w, https:\/\/kbv-wiesederfehn.de\/wp-content\/uploads\/2019\/01\/Saal-1-300x200.jpg 300w, https:\/\/kbv-wiesederfehn.de\/wp-content\/uploads\/2019\/01\/Saal-1-768x511.jpg 768w, https:\/\/kbv-wiesederfehn.de\/wp-content\/uploads\/2019\/01\/Saal-1-150x100.jpg 150w, https:\/\/kbv-wiesederfehn.de\/wp-content\/uploads\/2019\/01\/Saal-1.jpg 1600w\" sizes=\"(max-width: 1024px) 100vw, 1024px\" \/><\/figure><div class=\"wp-block-media-text__content\">\n<p class=\"has-medium-font-size\">Der\ngesamte Saal wurde komplett renoviert. Investiert haben unsere Vereine auch in\neine neue Bestuhlung. Die Tischplatten haben wir bereits im vergangenen Jahr\nerneuert.<\/p>\n<\/div><\/div>\n\n\n\n<div class=\"wp-block-media-text alignwide\"><figure class=\"wp-block-media-text__media\"><img loading=\"lazy\" decoding=\"async\" width=\"1024\" height=\"681\" src=\"https:\/\/kbv-wiesederfehn.de\/wp-content\/uploads\/2019\/01\/Saal_2-2-1024x681.jpg\" alt=\"\" class=\"wp-image-269\" srcset=\"https:\/\/kbv-wiesederfehn.de\/wp-content\/uploads\/2019\/01\/Saal_2-2-1024x681.jpg 1024w, https:\/\/kbv-wiesederfehn.de\/wp-content\/uploads\/2019\/01\/Saal_2-2-300x200.jpg 300w, https:\/\/kbv-wiesederfehn.de\/wp-content\/uploads\/2019\/01\/Saal_2-2-768x511.jpg 768w, https:\/\/kbv-wiesederfehn.de\/wp-content\/uploads\/2019\/01\/Saal_2-2-150x100.jpg 150w, https:\/\/kbv-wiesederfehn.de\/wp-content\/uploads\/2019\/01\/Saal_2-2.jpg 1600w\" sizes=\"(max-width: 1024px) 100vw, 1024px\" \/><\/figure><div class=\"wp-block-media-text__content\">\n<p class=\"has-medium-font-size\">Der\nEingangsbereich wurde vergr\u00f6\u00dfert. Dem Besucher erwartet hier ein freundlicher Raum\nmit&nbsp; Galerie und Treppe. F\u00fcr Garderobe\nsteht ausreichend Platz zur Verf\u00fcgung.<\/p>\n\n\n\n<p class=\"has-medium-font-size\">Auch\neine behindertengerechte Toilettenanlage ist jetzt vorhanden.<\/p>\n<\/div><\/div>\n\n\n\n<div class=\"wp-block-media-text alignwide has-media-on-the-right\"><figure class=\"wp-block-media-text__media\"><img loading=\"lazy\" decoding=\"async\" width=\"1024\" height=\"681\" src=\"https:\/\/kbv-wiesederfehn.de\/wp-content\/uploads\/2019\/01\/Kueche-1-1024x681.jpg\" alt=\"\" class=\"wp-image-266\" srcset=\"https:\/\/kbv-wiesederfehn.de\/wp-content\/uploads\/2019\/01\/Kueche-1-1024x681.jpg 1024w, https:\/\/kbv-wiesederfehn.de\/wp-content\/uploads\/2019\/01\/Kueche-1-300x200.jpg 300w, https:\/\/kbv-wiesederfehn.de\/wp-content\/uploads\/2019\/01\/Kueche-1-768x511.jpg 768w, https:\/\/kbv-wiesederfehn.de\/wp-content\/uploads\/2019\/01\/Kueche-1-150x100.jpg 150w, https:\/\/kbv-wiesederfehn.de\/wp-content\/uploads\/2019\/01\/Kueche-1.jpg 1600w\" sizes=\"(max-width: 1024px) 100vw, 1024px\" \/><\/figure><div class=\"wp-block-media-text__content\">\n<p class=\"has-medium-font-size\">Unsere\nviel zu kleine K\u00fcche ist Geschichte! Durch einen Anbau wurde der Raum gro\u00dfz\u00fcgig\nerweitert.&nbsp; Ein gro\u00dfer Teil unserer\nfinanziellen Mittel ist in die Ausstattung geflossen. Neben K\u00fchlger\u00e4ten und\nmoderner Herdanlage steht jetzt auch eine hochmoderne Sp\u00fclstation zur\nVerf\u00fcgung.<\/p>\n<\/div><\/div>\n\n\n\n<div class=\"wp-block-media-text alignwide\"><figure class=\"wp-block-media-text__media\"><img loading=\"lazy\" decoding=\"async\" width=\"1024\" height=\"829\" src=\"https:\/\/kbv-wiesederfehn.de\/wp-content\/uploads\/2019\/01\/Theke-2-1024x829.jpg\" alt=\"\" class=\"wp-image-270\" srcset=\"https:\/\/kbv-wiesederfehn.de\/wp-content\/uploads\/2019\/01\/Theke-2-1024x829.jpg 1024w, https:\/\/kbv-wiesederfehn.de\/wp-content\/uploads\/2019\/01\/Theke-2-300x243.jpg 300w, https:\/\/kbv-wiesederfehn.de\/wp-content\/uploads\/2019\/01\/Theke-2-768x622.jpg 768w, https:\/\/kbv-wiesederfehn.de\/wp-content\/uploads\/2019\/01\/Theke-2-150x121.jpg 150w, https:\/\/kbv-wiesederfehn.de\/wp-content\/uploads\/2019\/01\/Theke-2.jpg 1600w\" sizes=\"(max-width: 1024px) 100vw, 1024px\" \/><\/figure><div class=\"wp-block-media-text__content\">\n<p class=\"has-medium-font-size\">Die\nneue Thekenanlage aus Vereinsmitteln ist der Blickfang im Saal. Moderne\nK\u00fchlger\u00e4te und ausreichend Platz f\u00fcr jeglichen Thekenbedarf sind integriert.<\/p>\n<\/div><\/div>\n\n\n\n<div class=\"wp-block-media-text alignwide has-media-on-the-right\"><figure class=\"wp-block-media-text__media\"><img loading=\"lazy\" decoding=\"async\" width=\"376\" height=\"212\" src=\"https:\/\/kbv-wiesederfehn.de\/wp-content\/uploads\/2019\/01\/Pflastern.png\" alt=\"\" class=\"wp-image-272\" srcset=\"https:\/\/kbv-wiesederfehn.de\/wp-content\/uploads\/2019\/01\/Pflastern.png 376w, https:\/\/kbv-wiesederfehn.de\/wp-content\/uploads\/2019\/01\/Pflastern-300x169.png 300w, https:\/\/kbv-wiesederfehn.de\/wp-content\/uploads\/2019\/01\/Pflastern-150x85.png 150w\" sizes=\"(max-width: 376px) 100vw, 376px\" \/><\/figure><div class=\"wp-block-media-text__content\">\n<p class=\"has-medium-font-size\">Durch\ndie neue Pflasterung haben wir einen barrierefreien Zugang zu unserem\nDorfgemeinschaftshaus geschaffen.<\/p>\n<\/div><\/div>\n\n\n\n<p><\/p>\n","protected":false},"excerpt":{"rendered":"<p>Das Dorfgemeinschaftshaus k\u00f6nnt ihr f\u00fcr Eure privaten Veranstaltungen und Feiern nutzen. F\u00fcr weitere Informationen und Terminabsprachen steht Gerhardt Waltke unter 04944 6308 gerne zur Verf\u00fcgung. Die energetische Sanierung des Geb\u00e4udes&#8230;<\/p>\n<p class=\"continue-reading-button\"> <a class=\"continue-reading-link\" href=\"https:\/\/kbv-wiesederfehn.de\/?page_id=99\">Mehr lesen<i class=\"crycon-right-dir\"><\/i><\/a><\/p>\n","protected":false},"author":1,"featured_media":0,"parent":0,"menu_order":0,"comment_status":"closed","ping_status":"closed","template":"","meta":{"ngg_post_thumbnail":0,"footnotes":""},"_links":{"self":[{"href":"https:\/\/kbv-wiesederfehn.de\/index.php?rest_route=\/wp\/v2\/pages\/99"}],"collection":[{"href":"https:\/\/kbv-wiesederfehn.de\/index.php?rest_route=\/wp\/v2\/pages"}],"about":[{"href":"https:\/\/kbv-wiesederfehn.de\/index.php?rest_route=\/wp\/v2\/types\/page"}],"author":[{"embeddable":true,"href":"https:\/\/kbv-wiesederfehn.de\/index.php?rest_route=\/wp\/v2\/users\/1"}],"replies":[{"embeddable":true,"href":"https:\/\/kbv-wiesederfehn.de\/index.php?rest_route=%2Fwp%2Fv2%2Fcomments&post=99"}],"version-history":[{"count":9,"href":"https:\/\/kbv-wiesederfehn.de\/index.php?rest_route=\/wp\/v2\/pages\/99\/revisions"}],"predecessor-version":[{"id":414,"href":"https:\/\/kbv-wiesederfehn.de\/index.php?rest_route=\/wp\/v2\/pages\/99\/revisions\/414"}],"wp:attachment":[{"href":"https:\/\/kbv-wiesederfehn.de\/index.php?rest_route=%2Fwp%2Fv2%2Fmedia&parent=99"}],"curies":[{"name":"wp","href":"https:\/\/api.w.org\/{rel}","templated":true}]}}